{"id":38087,"date":"2026-02-27T00:42:19","date_gmt":"2026-02-27T00:42:19","guid":{"rendered":"https:\/\/nordicmart.andreevmaster.com\/product\/songmics-2-kpl-kangaspakkauslaatikoita\/"},"modified":"2026-02-27T09:58:16","modified_gmt":"2026-02-27T09:58:16","slug":"songmics-2-kpl-kangaspakkauslaatikoita","status":"publish","type":"product","link":"https:\/\/nordicmart.andreevmaster.com\/fi\/tuote\/songmics-2-kpl-kangaspakkauslaatikoita\/","title":{"rendered":"SONGMICS 2 kpl kangaspakkauslaatikoita"},"content":{"rendered":"<p>N\u00e4m\u00e4 2 SONGMICS-s\u00e4ilytyslaatikkoa ovat hyv\u00e4 apu siivotessa erilaisia esineit\u00e4, joille ei juuri nyt ole sopivaa paikkaa: vaatteita, leluja, valokuva-albumeita, vanhoja kirjoja ja niin edelleen. Hy\u00f6dynn\u00e4 tila parhaalla mahdollisella tavalla. Pinoa n\u00e4m\u00e4 laatikot p\u00e4\u00e4llekk\u00e4in, jotta pystysuora tila voidaan hy\u00f6dynt\u00e4\u00e4 optimaalisesti. Metallirunko ja laadukas pahvi takaavat vakauden. \u00c4l\u00e4 huoli laatikoiden heilumisesta. Kun laatikoita ei k\u00e4ytet\u00e4, voit taittaa ne kokoon ja s\u00e4ilytt\u00e4\u00e4 ne tilaa s\u00e4\u00e4st\u00e4en. N\u00e4iden s\u00e4ilytyslaatikoiden edut: &#8211; Makuuhuoneessa: Laita ne kaappiin tai s\u00e4ngyn viereen p\u00e4ivitt\u00e4isten vaatteiden s\u00e4ilytt\u00e4mist\u00e4 varten. &#8211; Olohuoneessa: Aseta ne sohvan viereen tai sohvap\u00f6yd\u00e4n alle s\u00e4ilytt\u00e4m\u00e4\u00e4n usein lukemasi kirjat ja lehdet. &#8211; Eteisess\u00e4: Laita niihin laukut, hatut ja muut tavarat. &#8211; Lastenhuoneessa: Aseta ne hyllylle lasten lelujen ja vaatteiden s\u00e4ilytt\u00e4miseen. Tuotetiedot: &#8211; V\u00e4ri: harmaa &#8211; Materiaali: pahvi, kuitukangas, metallirunko &#8211; Koko per laatikko: 38 x 35 x 25 cm (L x S x K) &#8211; 2 laatikon kokonaispaino: 2,8 kg &#8211; Laatikon maks. staattinen kantavuus: 10 kg Toimitus sis\u00e4lt\u00e4\u00e4: &#8211; 2 x s\u00e4ilytyslaatikko SONGMICS-ohjeet: &#8211; Tuote saattaa tuoksua hieman avattaessa. Siirr\u00e4 se t\u00e4ll\u00f6in hyvin tuuletettuun paikkaan. Haju h\u00e4vi\u00e4\u00e4 lyhyen ajan kuluttua. &#8211; \u00c4l\u00e4 altista tuotetta pitk\u00e4\u00e4n suoralle auringonvalolle tai korkealle kosteudelle. &#8211; \u00c4l\u00e4 pese tuotetta suoraan vedell\u00e4. Pyyhi se kostealla liinalla lian poistamiseksi.<\/p>\n","protected":false},"excerpt":{"rendered":"<p>SONGMICS s\u00e4ilytyslaatikko kannella, 2 kpl, kaappij\u00e4rjestelij\u00e4, pinottava, kangaslaatikko, l\u00e4pin\u00e4kyv\u00e4 ikkuna, metallirunko, kirjoille, vaatteille, leluille, harmaa RLB002G02<\/p>\n","protected":false},"featured_media":45924,"comment_status":"open","ping_status":"closed","template":"","meta":[],"product_brand":[],"product_cat":[32],"product_tag":[],"class_list":{"0":"post-38087","1":"product","2":"type-product","3":"status-publish","4":"has-post-thumbnail","6":"product_cat-uncategorized-fi","8":"first","9":"instock","10":"shipping-taxable","11":"purchasable","12":"product-type-simple"},"_links":{"self":[{"href":"https:\/\/nordicmart.andreevmaster.com\/fi\/wp-json\/wp\/v2\/product\/38087","targetHints":{"allow":["GET"]}}],"collection":[{"href":"https:\/\/nordicmart.andreevmaster.com\/fi\/wp-json\/wp\/v2\/product"}],"about":[{"href":"https:\/\/nordicmart.andreevmaster.com\/fi\/wp-json\/wp\/v2\/types\/product"}],"replies":[{"embeddable":true,"href":"https:\/\/nordicmart.andreevmaster.com\/fi\/wp-json\/wp\/v2\/comments?post=38087"}],"wp:featuredmedia":[{"embeddable":true,"href":"https:\/\/nordicmart.andreevmaster.com\/fi\/wp-json\/wp\/v2\/media\/45924"}],"wp:attachment":[{"href":"https:\/\/nordicmart.andreevmaster.com\/fi\/wp-json\/wp\/v2\/media?parent=38087"}],"wp:term":[{"taxonomy":"product_brand","embeddable":true,"href":"https:\/\/nordicmart.andreevmaster.com\/fi\/wp-json\/wp\/v2\/product_brand?post=38087"},{"taxonomy":"product_cat","embeddable":true,"href":"https:\/\/nordicmart.andreevmaster.com\/fi\/wp-json\/wp\/v2\/product_cat?post=38087"},{"taxonomy":"product_tag","embeddable":true,"href":"https:\/\/nordicmart.andreevmaster.com\/fi\/wp-json\/wp\/v2\/product_tag?post=38087"}],"curies":[{"name":"wp","href":"https:\/\/api.w.org\/{rel}","templated":true}]}}