{"id":38082,"date":"2026-02-27T00:42:17","date_gmt":"2026-02-27T00:42:17","guid":{"rendered":"https:\/\/nordicmart.andreevmaster.com\/product\/vasagle-vaateteline-naulakko-2-hyllya\/"},"modified":"2026-02-27T09:58:15","modified_gmt":"2026-02-27T09:58:15","slug":"vasagle-vaateteline-naulakko-2-hyllya","status":"publish","type":"product","link":"https:\/\/nordicmart.andreevmaster.com\/fi\/tuote\/vasagle-vaateteline-naulakko-2-hyllya\/","title":{"rendered":"VASAGLE vaateteline, naulakko, 2 hylly\u00e4"},"content":{"rendered":"<p>VASAGLE vaateteline, vaatekaappi, 2 hylly\u00e4, 6 S-muotoista koukkua, ter\u00e4srunko, makuuhuoneeseen, eteiseen, sis\u00e4\u00e4nk\u00e4yntiin, teollinen muotoilu, vintage-ruskea-musta RGR112B01<br \/>\nTekniset tiedot:<br \/>\n&#8211; Mitat: 45 x 100 x 160 cm (S x L x K)<br \/>\n&#8211; Paino: 13,7 kg<br \/>\n&#8211; Vaateripustimen maks. staattinen kantavuus: 30 kg<br \/>\n&#8211; Koukun maks. staattinen kantavuus: 5 kg<br \/>\n&#8211; Hyllyn maks. staattinen kantavuus: 65 kg<br \/>\n&#8211; Maks. staattinen kokonaiskantavuus: 170 kg<br \/>\n&#8211; Materiaali: lastulevy, ter\u00e4s<br \/>\n&#8211; V\u00e4ri: valkoinen<\/p>\n","protected":false},"excerpt":{"rendered":"<p>VASAGLE vaateteline, vaatekaappi, 2 hylly\u00e4, 6 S-muotoista koukkua, ter\u00e4srunko, makuuhuoneeseen, eteiseen, sis\u00e4\u00e4nk\u00e4yntiin, teollinen muotoilu, vintage-ruskea-musta RGR112B01<\/p>\n","protected":false},"featured_media":45920,"comment_status":"open","ping_status":"closed","template":"","meta":[],"product_brand":[],"product_cat":[32],"product_tag":[],"class_list":{"0":"post-38082","1":"product","2":"type-product","3":"status-publish","4":"has-post-thumbnail","6":"product_cat-uncategorized-fi","8":"first","9":"instock","10":"shipping-taxable","11":"purchasable","12":"product-type-simple"},"_links":{"self":[{"href":"https:\/\/nordicmart.andreevmaster.com\/fi\/wp-json\/wp\/v2\/product\/38082","targetHints":{"allow":["GET"]}}],"collection":[{"href":"https:\/\/nordicmart.andreevmaster.com\/fi\/wp-json\/wp\/v2\/product"}],"about":[{"href":"https:\/\/nordicmart.andreevmaster.com\/fi\/wp-json\/wp\/v2\/types\/product"}],"replies":[{"embeddable":true,"href":"https:\/\/nordicmart.andreevmaster.com\/fi\/wp-json\/wp\/v2\/comments?post=38082"}],"wp:featuredmedia":[{"embeddable":true,"href":"https:\/\/nordicmart.andreevmaster.com\/fi\/wp-json\/wp\/v2\/media\/45920"}],"wp:attachment":[{"href":"https:\/\/nordicmart.andreevmaster.com\/fi\/wp-json\/wp\/v2\/media?parent=38082"}],"wp:term":[{"taxonomy":"product_brand","embeddable":true,"href":"https:\/\/nordicmart.andreevmaster.com\/fi\/wp-json\/wp\/v2\/product_brand?post=38082"},{"taxonomy":"product_cat","embeddable":true,"href":"https:\/\/nordicmart.andreevmaster.com\/fi\/wp-json\/wp\/v2\/product_cat?post=38082"},{"taxonomy":"product_tag","embeddable":true,"href":"https:\/\/nordicmart.andreevmaster.com\/fi\/wp-json\/wp\/v2\/product_tag?post=38082"}],"curies":[{"name":"wp","href":"https:\/\/api.w.org\/{rel}","templated":true}]}}