{"id":38075,"date":"2026-02-27T00:42:15","date_gmt":"2026-02-27T00:42:15","guid":{"rendered":"https:\/\/nordicmart.andreevmaster.com\/product\/vasagle-vaateripustin-2-vaatetangolla\/"},"modified":"2026-02-27T09:58:13","modified_gmt":"2026-02-27T09:58:13","slug":"vasagle-vaateripustin-2-vaatetangolla","status":"publish","type":"product","link":"https:\/\/nordicmart.andreevmaster.com\/fi\/tuote\/vasagle-vaateripustin-2-vaatetangolla\/","title":{"rendered":"VASAGLE vaateripustin 2 vaatetangolla"},"content":{"rendered":"<p>Tuotetiedot: &#8211; V\u00e4ri: vintage-ruskea-musta &#8211; Materiaali: lastulevy, ter\u00e4s &#8211; Koko: 100 x 51 x 150\/175 cm (P x L x K) &#8211; Paino: 14 kg &#8211; Maks. staattinen kantavuus vaateripustinta kohti: 57 kg &#8211; Maks. staattinen kantavuus hylly\u00e4 kohti: 15 kg Toimitus sis\u00e4lt\u00e4\u00e4: &#8211; 1 x vaateripustin &#8211; 1 x lis\u00e4varustepaketti &#8211; 1 x ohjeet<\/p>\n","protected":false},"excerpt":{"rendered":"<p>VASAGLE vaateteline, 2 vaatetankoa, vaateteline, 2 hylly\u00e4, py\u00f6rill\u00e4, teollinen muotoilu, vintage-ruskea-musta RGR120B01<\/p>\n","protected":false},"featured_media":45913,"comment_status":"open","ping_status":"closed","template":"","meta":[],"product_brand":[],"product_cat":[32],"product_tag":[],"class_list":{"0":"post-38075","1":"product","2":"type-product","3":"status-publish","4":"has-post-thumbnail","6":"product_cat-uncategorized-fi","8":"first","9":"instock","10":"shipping-taxable","11":"purchasable","12":"product-type-simple"},"_links":{"self":[{"href":"https:\/\/nordicmart.andreevmaster.com\/fi\/wp-json\/wp\/v2\/product\/38075","targetHints":{"allow":["GET"]}}],"collection":[{"href":"https:\/\/nordicmart.andreevmaster.com\/fi\/wp-json\/wp\/v2\/product"}],"about":[{"href":"https:\/\/nordicmart.andreevmaster.com\/fi\/wp-json\/wp\/v2\/types\/product"}],"replies":[{"embeddable":true,"href":"https:\/\/nordicmart.andreevmaster.com\/fi\/wp-json\/wp\/v2\/comments?post=38075"}],"wp:featuredmedia":[{"embeddable":true,"href":"https:\/\/nordicmart.andreevmaster.com\/fi\/wp-json\/wp\/v2\/media\/45913"}],"wp:attachment":[{"href":"https:\/\/nordicmart.andreevmaster.com\/fi\/wp-json\/wp\/v2\/media?parent=38075"}],"wp:term":[{"taxonomy":"product_brand","embeddable":true,"href":"https:\/\/nordicmart.andreevmaster.com\/fi\/wp-json\/wp\/v2\/product_brand?post=38075"},{"taxonomy":"product_cat","embeddable":true,"href":"https:\/\/nordicmart.andreevmaster.com\/fi\/wp-json\/wp\/v2\/product_cat?post=38075"},{"taxonomy":"product_tag","embeddable":true,"href":"https:\/\/nordicmart.andreevmaster.com\/fi\/wp-json\/wp\/v2\/product_tag?post=38075"}],"curies":[{"name":"wp","href":"https:\/\/api.w.org\/{rel}","templated":true}]}}