{"id":38069,"date":"2026-02-27T00:42:13","date_gmt":"2026-02-27T00:42:13","guid":{"rendered":"https:\/\/nordicmart.andreevmaster.com\/product\/vasagle-vaateteline-6-koukulla-eebenpuunmusta-matta-musta\/"},"modified":"2026-02-27T09:58:12","modified_gmt":"2026-02-27T09:58:12","slug":"vasagle-vaateteline-6-koukulla-eebenpuunmusta-matta-musta","status":"publish","type":"product","link":"https:\/\/nordicmart.andreevmaster.com\/fi\/tuote\/vasagle-vaateteline-6-koukulla-eebenpuunmusta-matta-musta\/","title":{"rendered":"VASAGLE vaateteline 6 koukulla, eebenpuunmusta-matta musta"},"content":{"rendered":"<p>VASAGLE vaateteline, vaatekaappi, 5 tasoa, 45 x 120 x 160 cm, vaatekaappi kenk\u00e4telineell\u00e4, vaatetanko, avoin vaatekaappi, 6 koukkua, teollinen muotoilu, vintage-ruskea-musta RGR116B01<br \/>\nV\u00e4ri: eebenpuu-matta musta<br \/>\nMateriaali: lastulevy, ter\u00e4s<br \/>\nKoko yhteens\u00e4: 45 x 120 x 160 cm (S x L x K)<br \/>\nPaino: 16,6 kg<br \/>\nVaatekoukun maks. staattinen kantavuus: 40 kg<br \/>\nKoukkujen maks. staattinen kantavuus: 4 kg<br \/>\nEnimm\u00e4isstaattinen kantavuus tasoa kohti (ylh\u00e4\u00e4lt\u00e4 alas): 21,3 kg, 24,9 kg, 27,2 kg, 29,9 kg, 75,3 kg<br \/>\nMaks. staattinen kokonaiskuormitus: 220 kg<\/p>\n","protected":false},"excerpt":{"rendered":"<p>VASAGLE vaateteline, vaatekaappi, 5 tasoa, 45 x 120 x 160 cm, vaatekaappi kenk\u00e4telineell\u00e4, vaatetanko, avoin vaatekaappi, 6 koukkua, teollinen muotoilu, vintage-ruskea-musta RGR116B01<\/p>\n","protected":false},"featured_media":45907,"comment_status":"open","ping_status":"closed","template":"","meta":[],"product_brand":[],"product_cat":[32],"product_tag":[],"class_list":{"0":"post-38069","1":"product","2":"type-product","3":"status-publish","4":"has-post-thumbnail","6":"product_cat-uncategorized-fi","8":"first","9":"instock","10":"shipping-taxable","11":"purchasable","12":"product-type-simple"},"_links":{"self":[{"href":"https:\/\/nordicmart.andreevmaster.com\/fi\/wp-json\/wp\/v2\/product\/38069","targetHints":{"allow":["GET"]}}],"collection":[{"href":"https:\/\/nordicmart.andreevmaster.com\/fi\/wp-json\/wp\/v2\/product"}],"about":[{"href":"https:\/\/nordicmart.andreevmaster.com\/fi\/wp-json\/wp\/v2\/types\/product"}],"replies":[{"embeddable":true,"href":"https:\/\/nordicmart.andreevmaster.com\/fi\/wp-json\/wp\/v2\/comments?post=38069"}],"wp:featuredmedia":[{"embeddable":true,"href":"https:\/\/nordicmart.andreevmaster.com\/fi\/wp-json\/wp\/v2\/media\/45907"}],"wp:attachment":[{"href":"https:\/\/nordicmart.andreevmaster.com\/fi\/wp-json\/wp\/v2\/media?parent=38069"}],"wp:term":[{"taxonomy":"product_brand","embeddable":true,"href":"https:\/\/nordicmart.andreevmaster.com\/fi\/wp-json\/wp\/v2\/product_brand?post=38069"},{"taxonomy":"product_cat","embeddable":true,"href":"https:\/\/nordicmart.andreevmaster.com\/fi\/wp-json\/wp\/v2\/product_cat?post=38069"},{"taxonomy":"product_tag","embeddable":true,"href":"https:\/\/nordicmart.andreevmaster.com\/fi\/wp-json\/wp\/v2\/product_tag?post=38069"}],"curies":[{"name":"wp","href":"https:\/\/api.w.org\/{rel}","templated":true}]}}