{"id":38064,"date":"2026-02-27T00:42:12","date_gmt":"2026-02-27T00:42:12","guid":{"rendered":"https:\/\/nordicmart.andreevmaster.com\/product\/vasagle-vaateteline-2-hyllylla-eebenpuunmusta-matta-musta\/"},"modified":"2026-02-27T09:58:11","modified_gmt":"2026-02-27T09:58:11","slug":"vasagle-vaateteline-2-hyllylla-eebenpuunmusta-matta-musta","status":"publish","type":"product","link":"https:\/\/nordicmart.andreevmaster.com\/fi\/tuote\/vasagle-vaateteline-2-hyllylla-eebenpuunmusta-matta-musta\/","title":{"rendered":"VASAGLE vaateteline 2 hyllyll\u00e4, eebenpuunmusta-matta musta"},"content":{"rendered":"<p>VASAGLE vaateteline, vaatekaappi, 2 hylly\u00e4, 6 S-muotoista koukkua, ter\u00e4srunko, makuuhuoneeseen, eteiseen, sis\u00e4\u00e4nk\u00e4yntiin, teollinen muotoilu, vintage-ruskea-musta RGR112B01<br \/>\nV\u00e4ri: eebenpuu-matta musta<br \/>\nMateriaali: lastulevy, ter\u00e4s<br \/>\nKoko: 45 x 100 x 160 cm (S x L x K)<br \/>\nPaino: 13,3 kg<br \/>\nVaateripustimen maks. staattinen kantavuus: 30 kg<br \/>\nKoukkujen maks. staattinen kantavuus: 5 kg<br \/>\nHyllyn maks. staattinen kantavuus: 65 kg<br \/>\nMaks. staattinen kokonaiskuormitus: 190 kg<\/p>\n","protected":false},"excerpt":{"rendered":"<p>VASAGLE vaateteline, vaatekaappi, 2 hylly\u00e4, 6 S-muotoista koukkua, ter\u00e4srunko, makuuhuoneeseen, eteiseen, sis\u00e4\u00e4nk\u00e4yntiin, teollinen muotoilu, vintage-ruskea-musta RGR112B01<\/p>\n","protected":false},"featured_media":45902,"comment_status":"open","ping_status":"closed","template":"","meta":[],"product_brand":[],"product_cat":[32],"product_tag":[],"class_list":{"0":"post-38064","1":"product","2":"type-product","3":"status-publish","4":"has-post-thumbnail","6":"product_cat-uncategorized-fi","8":"first","9":"instock","10":"shipping-taxable","11":"purchasable","12":"product-type-simple"},"_links":{"self":[{"href":"https:\/\/nordicmart.andreevmaster.com\/fi\/wp-json\/wp\/v2\/product\/38064","targetHints":{"allow":["GET"]}}],"collection":[{"href":"https:\/\/nordicmart.andreevmaster.com\/fi\/wp-json\/wp\/v2\/product"}],"about":[{"href":"https:\/\/nordicmart.andreevmaster.com\/fi\/wp-json\/wp\/v2\/types\/product"}],"replies":[{"embeddable":true,"href":"https:\/\/nordicmart.andreevmaster.com\/fi\/wp-json\/wp\/v2\/comments?post=38064"}],"wp:featuredmedia":[{"embeddable":true,"href":"https:\/\/nordicmart.andreevmaster.com\/fi\/wp-json\/wp\/v2\/media\/45902"}],"wp:attachment":[{"href":"https:\/\/nordicmart.andreevmaster.com\/fi\/wp-json\/wp\/v2\/media?parent=38064"}],"wp:term":[{"taxonomy":"product_brand","embeddable":true,"href":"https:\/\/nordicmart.andreevmaster.com\/fi\/wp-json\/wp\/v2\/product_brand?post=38064"},{"taxonomy":"product_cat","embeddable":true,"href":"https:\/\/nordicmart.andreevmaster.com\/fi\/wp-json\/wp\/v2\/product_cat?post=38064"},{"taxonomy":"product_tag","embeddable":true,"href":"https:\/\/nordicmart.andreevmaster.com\/fi\/wp-json\/wp\/v2\/product_tag?post=38064"}],"curies":[{"name":"wp","href":"https:\/\/api.w.org\/{rel}","templated":true}]}}