{"id":38062,"date":"2026-02-27T00:42:12","date_gmt":"2026-02-27T00:42:12","guid":{"rendered":"https:\/\/nordicmart.andreevmaster.com\/product\/vasagle-vaateteline-pyorilla\/"},"modified":"2026-02-27T09:58:10","modified_gmt":"2026-02-27T09:58:10","slug":"vasagle-vaateteline-pyorilla","status":"publish","type":"product","link":"https:\/\/nordicmart.andreevmaster.com\/fi\/tuote\/vasagle-vaateteline-pyorilla\/","title":{"rendered":"VASAGLE vaateteline py\u00f6rill\u00e4"},"content":{"rendered":"<p>Tuotetiedot: V\u00e4ri: vintage-ruskea-musta Materiaali: lastulevy, ter\u00e4s Koko: 40 x (110-170) x 200 cm (S x L x K) Paino: 10,5 kg Yl\u00e4palkin maks. staattinen kantavuus: 30 kg Ulosty\u00f6ntyvien yl\u00e4p\u00e4iden maks. staattinen kantavuus: 5 kg Keskimm\u00e4isen tangon maks. staattinen kantavuus: 30 kg Hyllyn maks. staattinen kantavuus: 81 kg Maks. staattinen kokonaiskantavuus: 151 kg Toimitus sis\u00e4lt\u00e4\u00e4: 1 x vaateteline 1 x lis\u00e4varustepaketti 1 x ohjeet VASAGLE Huomautukset: Turvallisuussyist\u00e4 lapset eiv\u00e4t saa kiivet\u00e4 tuotteelle tai leikki\u00e4 sill\u00e4.<\/p>\n","protected":false},"excerpt":{"rendered":"<p>VASAGLE vaateripustin rullilla, vakaa vaateripustin, 2 vaatetankoa, ulosvedett\u00e4v\u00e4, hyllyll\u00e4, teollinen muotoilu, vintage-ruskea-musta RGR111B01<\/p>\n","protected":false},"featured_media":45900,"comment_status":"open","ping_status":"closed","template":"","meta":[],"product_brand":[],"product_cat":[32],"product_tag":[],"class_list":{"0":"post-38062","1":"product","2":"type-product","3":"status-publish","4":"has-post-thumbnail","6":"product_cat-uncategorized-fi","8":"first","9":"instock","10":"shipping-taxable","11":"purchasable","12":"product-type-simple"},"_links":{"self":[{"href":"https:\/\/nordicmart.andreevmaster.com\/fi\/wp-json\/wp\/v2\/product\/38062","targetHints":{"allow":["GET"]}}],"collection":[{"href":"https:\/\/nordicmart.andreevmaster.com\/fi\/wp-json\/wp\/v2\/product"}],"about":[{"href":"https:\/\/nordicmart.andreevmaster.com\/fi\/wp-json\/wp\/v2\/types\/product"}],"replies":[{"embeddable":true,"href":"https:\/\/nordicmart.andreevmaster.com\/fi\/wp-json\/wp\/v2\/comments?post=38062"}],"wp:featuredmedia":[{"embeddable":true,"href":"https:\/\/nordicmart.andreevmaster.com\/fi\/wp-json\/wp\/v2\/media\/45900"}],"wp:attachment":[{"href":"https:\/\/nordicmart.andreevmaster.com\/fi\/wp-json\/wp\/v2\/media?parent=38062"}],"wp:term":[{"taxonomy":"product_brand","embeddable":true,"href":"https:\/\/nordicmart.andreevmaster.com\/fi\/wp-json\/wp\/v2\/product_brand?post=38062"},{"taxonomy":"product_cat","embeddable":true,"href":"https:\/\/nordicmart.andreevmaster.com\/fi\/wp-json\/wp\/v2\/product_cat?post=38062"},{"taxonomy":"product_tag","embeddable":true,"href":"https:\/\/nordicmart.andreevmaster.com\/fi\/wp-json\/wp\/v2\/product_tag?post=38062"}],"curies":[{"name":"wp","href":"https:\/\/api.w.org\/{rel}","templated":true}]}}