{"id":38061,"date":"2026-02-27T00:42:11","date_gmt":"2026-02-27T00:42:11","guid":{"rendered":"https:\/\/nordicmart.andreevmaster.com\/product\/vasagle-teollisuustyylinen-vaateripustin-rullilla\/"},"modified":"2026-02-27T09:58:10","modified_gmt":"2026-02-27T09:58:10","slug":"vasagle-teollisuustyylinen-vaateripustin-rullilla","status":"publish","type":"product","link":"https:\/\/nordicmart.andreevmaster.com\/fi\/tuote\/vasagle-teollisuustyylinen-vaateripustin-rullilla\/","title":{"rendered":"VASAGLE Teollisuustyylinen vaateripustin rullilla"},"content":{"rendered":"<p>Tuotetiedot: &#8211; V\u00e4ri: vintage-ruskea-musta &#8211; Materiaali: lastulevy, ter\u00e4s &#8211; Koko: (110-168) x 40 x 180 cm (P x L x K) &#8211; Paino: 11,2 kg &#8211; Yl\u00e4osan keskitangon maks. staattinen kantavuus: 50 kg &#8211; Sivutangon maks. staattinen kantavuus: 9 kg  &#8211; Alatangon maks. staattinen kantavuus: 45,5 kg &#8211; Hyllyn maks. staattinen kantavuus: 25 kg Toimitus sis\u00e4lt\u00e4\u00e4:- 1 x vaateteline &#8211; 1 x lis\u00e4varustepaketti &#8211; 1 x ohjeet<\/p>\n","protected":false},"excerpt":{"rendered":"<p>VASAGLE vaateripustin rullilla, vakaa vaateripustin, 2 vaatetankoa, ulosvedett\u00e4v\u00e4, hyllyll\u00e4, teollinen muotoilu, vintage-ruskea-musta RGR111B01<\/p>\n","protected":false},"featured_media":45899,"comment_status":"open","ping_status":"closed","template":"","meta":[],"product_brand":[],"product_cat":[32],"product_tag":[],"class_list":{"0":"post-38061","1":"product","2":"type-product","3":"status-publish","4":"has-post-thumbnail","6":"product_cat-uncategorized-fi","8":"first","9":"instock","10":"shipping-taxable","11":"purchasable","12":"product-type-simple"},"_links":{"self":[{"href":"https:\/\/nordicmart.andreevmaster.com\/fi\/wp-json\/wp\/v2\/product\/38061","targetHints":{"allow":["GET"]}}],"collection":[{"href":"https:\/\/nordicmart.andreevmaster.com\/fi\/wp-json\/wp\/v2\/product"}],"about":[{"href":"https:\/\/nordicmart.andreevmaster.com\/fi\/wp-json\/wp\/v2\/types\/product"}],"replies":[{"embeddable":true,"href":"https:\/\/nordicmart.andreevmaster.com\/fi\/wp-json\/wp\/v2\/comments?post=38061"}],"wp:featuredmedia":[{"embeddable":true,"href":"https:\/\/nordicmart.andreevmaster.com\/fi\/wp-json\/wp\/v2\/media\/45899"}],"wp:attachment":[{"href":"https:\/\/nordicmart.andreevmaster.com\/fi\/wp-json\/wp\/v2\/media?parent=38061"}],"wp:term":[{"taxonomy":"product_brand","embeddable":true,"href":"https:\/\/nordicmart.andreevmaster.com\/fi\/wp-json\/wp\/v2\/product_brand?post=38061"},{"taxonomy":"product_cat","embeddable":true,"href":"https:\/\/nordicmart.andreevmaster.com\/fi\/wp-json\/wp\/v2\/product_cat?post=38061"},{"taxonomy":"product_tag","embeddable":true,"href":"https:\/\/nordicmart.andreevmaster.com\/fi\/wp-json\/wp\/v2\/product_tag?post=38061"}],"curies":[{"name":"wp","href":"https:\/\/api.w.org\/{rel}","templated":true}]}}