{"id":38058,"date":"2026-02-27T00:42:11","date_gmt":"2026-02-27T00:42:11","guid":{"rendered":"https:\/\/nordicmart.andreevmaster.com\/product\/songmics-home-vaatekaappi-6-hyllylla-luonnonpahkinanvarinen-mustanmusta\/"},"modified":"2026-02-27T09:58:09","modified_gmt":"2026-02-27T09:58:09","slug":"songmics-home-vaatekaappi-6-hyllylla-luonnonpahkinanvarinen-mustanmusta","status":"publish","type":"product","link":"https:\/\/nordicmart.andreevmaster.com\/fi\/tuote\/songmics-home-vaatekaappi-6-hyllylla-luonnonpahkinanvarinen-mustanmusta\/","title":{"rendered":"SONGMICS HOME vaatekaappi 6 hyllyll\u00e4, luonnonp\u00e4hkin\u00e4nv\u00e4rinen-mustanmusta"},"content":{"rendered":"<p>SONGMICS HOME vaatekaappi, avoin vaatekaappi, vaateteline, 6 hylly\u00e4, 2 vaatetankoa, tulitikun muotoiset koukut, makuuhuoneeseen, luonnonp\u00e4hkin\u00e4nv\u00e4rinen-mustanmusta RGR012B01<br \/>\nV\u00e4ri: luonnollinen p\u00e4hkin\u00e4puun v\u00e4ri, musta<br \/>\nMateriaali: ter\u00e4s, lastulevy<br \/>\nKoko: 33,8 x 163,6 x 175,3 cm (S x L x K)<br \/>\nPaino: 11,7 kg<br \/>\nKunkin ripustustangon maks. staattinen kantavuus: 30 kg<br \/>\nSuurin staattinen kantavuus jokaisella suurella hyllyll\u00e4: 18 kg<br \/>\nPienimpien hyllyjen maksimaalinen staattinen kantavuus: 10 kg<br \/>\nMaks. staattinen kantavuus yhteens\u00e4: 136 kg<\/p>\n","protected":false},"excerpt":{"rendered":"<p>SONGMICS HOME vaatekaappi, avoin vaatekaappi, vaateteline, 6 hylly\u00e4, 2 vaatetankoa, tulitikun muotoiset koukut, makuuhuoneeseen, luonnonp\u00e4hkin\u00e4nv\u00e4rinen-mustanmusta RGR012B01<\/p>\n","protected":false},"featured_media":45896,"comment_status":"open","ping_status":"closed","template":"","meta":[],"product_brand":[],"product_cat":[32],"product_tag":[],"class_list":{"0":"post-38058","1":"product","2":"type-product","3":"status-publish","4":"has-post-thumbnail","6":"product_cat-uncategorized-fi","8":"first","9":"instock","10":"shipping-taxable","11":"purchasable","12":"product-type-simple"},"_links":{"self":[{"href":"https:\/\/nordicmart.andreevmaster.com\/fi\/wp-json\/wp\/v2\/product\/38058","targetHints":{"allow":["GET"]}}],"collection":[{"href":"https:\/\/nordicmart.andreevmaster.com\/fi\/wp-json\/wp\/v2\/product"}],"about":[{"href":"https:\/\/nordicmart.andreevmaster.com\/fi\/wp-json\/wp\/v2\/types\/product"}],"replies":[{"embeddable":true,"href":"https:\/\/nordicmart.andreevmaster.com\/fi\/wp-json\/wp\/v2\/comments?post=38058"}],"wp:featuredmedia":[{"embeddable":true,"href":"https:\/\/nordicmart.andreevmaster.com\/fi\/wp-json\/wp\/v2\/media\/45896"}],"wp:attachment":[{"href":"https:\/\/nordicmart.andreevmaster.com\/fi\/wp-json\/wp\/v2\/media?parent=38058"}],"wp:term":[{"taxonomy":"product_brand","embeddable":true,"href":"https:\/\/nordicmart.andreevmaster.com\/fi\/wp-json\/wp\/v2\/product_brand?post=38058"},{"taxonomy":"product_cat","embeddable":true,"href":"https:\/\/nordicmart.andreevmaster.com\/fi\/wp-json\/wp\/v2\/product_cat?post=38058"},{"taxonomy":"product_tag","embeddable":true,"href":"https:\/\/nordicmart.andreevmaster.com\/fi\/wp-json\/wp\/v2\/product_tag?post=38058"}],"curies":[{"name":"wp","href":"https:\/\/api.w.org\/{rel}","templated":true}]}}