{"id":38049,"date":"2026-02-27T00:42:08","date_gmt":"2026-02-27T00:42:08","guid":{"rendered":"https:\/\/nordicmart.andreevmaster.com\/product\/songmics-vaateteline-2-laatikkoa-ja-4-hyllya-vintage-ruskea\/"},"modified":"2026-02-27T09:58:07","modified_gmt":"2026-02-27T09:58:07","slug":"songmics-vaateteline-2-laatikkoa-ja-4-hyllya-vintage-ruskea","status":"publish","type":"product","link":"https:\/\/nordicmart.andreevmaster.com\/fi\/tuote\/songmics-vaateteline-2-laatikkoa-ja-4-hyllya-vintage-ruskea\/","title":{"rendered":"SONGMICS vaateteline, 2 laatikkoa ja 4 hylly\u00e4, vintage-ruskea"},"content":{"rendered":"<p>SONGMICS vaateteline, avoin vaatekaappi, vaateripustin, korkea kantavuus, 1 ulosvedett\u00e4v\u00e4 tanko, 2 laatikkoa, 4 hylly\u00e4, makuuhuoneeseen, tilaa s\u00e4\u00e4st\u00e4v\u00e4<br \/>\nV\u00e4ri: vintage-ruskea<br \/>\nMateriaali: ter\u00e4s, MDF (keskitihe\u00e4 kuitulevy), kuitukangas<br \/>\nKoko: 40 x (150-180) x 180 cm (S x L x K)<br \/>\nPaino: 20,8 kg<br \/>\nMaks. staattinen kokonaiskuormitus: 130 kg<br \/>\nKeskimm\u00e4isen ulosvedett\u00e4v\u00e4n tangon maks. staattinen kantavuus: 32 kg<br \/>\nKunkin sivutangon maks. staattinen kantavuus: 20 kg<br \/>\nJokaisen laatikon maks. staattinen kantavuus: 5 kg<\/p>\n","protected":false},"excerpt":{"rendered":"<p>SONGMICS vaateteline, avoin vaatekaappi, vaateripustin, korkea kantavuus, 1 ulosvedett\u00e4v\u00e4 tanko, 2 laatikkoa, 4 hylly\u00e4, makuuhuoneeseen, tilaa s\u00e4\u00e4st\u00e4v\u00e4<\/p>\n","protected":false},"featured_media":45887,"comment_status":"open","ping_status":"closed","template":"","meta":[],"product_brand":[],"product_cat":[32],"product_tag":[],"class_list":{"0":"post-38049","1":"product","2":"type-product","3":"status-publish","4":"has-post-thumbnail","6":"product_cat-uncategorized-fi","8":"first","9":"instock","10":"shipping-taxable","11":"purchasable","12":"product-type-simple"},"_links":{"self":[{"href":"https:\/\/nordicmart.andreevmaster.com\/fi\/wp-json\/wp\/v2\/product\/38049","targetHints":{"allow":["GET"]}}],"collection":[{"href":"https:\/\/nordicmart.andreevmaster.com\/fi\/wp-json\/wp\/v2\/product"}],"about":[{"href":"https:\/\/nordicmart.andreevmaster.com\/fi\/wp-json\/wp\/v2\/types\/product"}],"replies":[{"embeddable":true,"href":"https:\/\/nordicmart.andreevmaster.com\/fi\/wp-json\/wp\/v2\/comments?post=38049"}],"wp:featuredmedia":[{"embeddable":true,"href":"https:\/\/nordicmart.andreevmaster.com\/fi\/wp-json\/wp\/v2\/media\/45887"}],"wp:attachment":[{"href":"https:\/\/nordicmart.andreevmaster.com\/fi\/wp-json\/wp\/v2\/media?parent=38049"}],"wp:term":[{"taxonomy":"product_brand","embeddable":true,"href":"https:\/\/nordicmart.andreevmaster.com\/fi\/wp-json\/wp\/v2\/product_brand?post=38049"},{"taxonomy":"product_cat","embeddable":true,"href":"https:\/\/nordicmart.andreevmaster.com\/fi\/wp-json\/wp\/v2\/product_cat?post=38049"},{"taxonomy":"product_tag","embeddable":true,"href":"https:\/\/nordicmart.andreevmaster.com\/fi\/wp-json\/wp\/v2\/product_tag?post=38049"}],"curies":[{"name":"wp","href":"https:\/\/api.w.org\/{rel}","templated":true}]}}