{"id":38046,"date":"2026-02-27T00:42:07","date_gmt":"2026-02-27T00:42:07","guid":{"rendered":"https:\/\/nordicmart.andreevmaster.com\/product\/songmics-sailytyslaatikko-6-kpl-jarjestyslaatikot\/"},"modified":"2026-02-27T09:58:07","modified_gmt":"2026-02-27T09:58:07","slug":"songmics-sailytyslaatikko-6-kpl-jarjestyslaatikot","status":"publish","type":"product","link":"https:\/\/nordicmart.andreevmaster.com\/fi\/tuote\/songmics-sailytyslaatikko-6-kpl-jarjestyslaatikot\/","title":{"rendered":"SONGMICS s\u00e4ilytyslaatikko, 6 kpl, j\u00e4rjestyslaatikot"},"content":{"rendered":"<p>Luo lis\u00e4\u00e4 tilaa. Sekoittuvatko k\u00e4ytetyt vaatteesi pesem\u00e4tt\u00f6mien vaatteiden sekaan? Onko kirjahylly jo t\u00e4ynn\u00e4 ja kirjat kellastuvat lattialla? Eiv\u00e4tk\u00f6 ker\u00e4ilyesineesi l\u00f6yd\u00e4 sopivaa paikkaa ja ker\u00e4\u00e4v\u00e4t p\u00f6ly\u00e4 huoneen nurkissa? Etsitk\u00f6 jatkuvasti ja kiireesti ratkaisuja? N\u00e4m\u00e4 s\u00e4ilytyslaatikot ovat ihanteellinen valinta sinulle. Sopii kaikkialle Vaatekaapissa, kirjahyllyss\u00e4, sohvap\u00f6yd\u00e4n alla, s\u00e4ngyn alla, kellarissa tai ullakolla&#8230; vaatteille, lehdille, CD-levyille tai matkamuistoille&#8230; S\u00e4ilytyslaatikoiden avulla saat asuntosi helposti takaisin j\u00e4rjestykseen, ik\u00e4\u00e4n kuin se ei olisi koskaan ollutkaan sekaisin. Tuotetiedot: &#8211; V\u00e4ri: vintage-ruskea-musta &#8211; Materiaali: pahvi, kuitukangas, Oxford-kangas &#8211; Koko per laatikko: 30 x 30 x 30 cm (P x L x K) &#8211; 6 laatikon kokonaispaino: 3,4 kg &#8211; Maks. staattinen kantavuus per laatikko: 3 kg Toimitus sis\u00e4lt\u00e4\u00e4: &#8211; 6 x s\u00e4ilytyslaatikko SONGMICS Huomautukset:- Tuote saattaa tuoksua hieman avattaessa. Siirr\u00e4 se t\u00e4ll\u00f6in hyvin ilmastoituun paikkaan. Haju h\u00e4vi\u00e4\u00e4 lyhyen ajan kuluttua. &#8211; \u00c4l\u00e4 altista tuotetta pitk\u00e4\u00e4n suoralle auringonvalolle tai korkealle kosteudelle. &#8211; \u00c4l\u00e4 pese tuotetta suoraan vedell\u00e4. Pyyhi se kostealla liinalla lian poistamiseksi.<\/p>\n","protected":false},"excerpt":{"rendered":"<p>S\u00e4ilytyslaatikko, 6 kpl, s\u00e4ilytyslaatikot, kuitukangas, 30 x 30 x 30 cm, kuutiohyllyyn, vaatteiden s\u00e4ilytyslaatikko, vintage-ruskea-musta<\/p>\n","protected":false},"featured_media":45884,"comment_status":"open","ping_status":"closed","template":"","meta":[],"product_brand":[],"product_cat":[32],"product_tag":[],"class_list":{"0":"post-38046","1":"product","2":"type-product","3":"status-publish","4":"has-post-thumbnail","6":"product_cat-uncategorized-fi","8":"first","9":"instock","10":"shipping-taxable","11":"purchasable","12":"product-type-simple"},"_links":{"self":[{"href":"https:\/\/nordicmart.andreevmaster.com\/fi\/wp-json\/wp\/v2\/product\/38046","targetHints":{"allow":["GET"]}}],"collection":[{"href":"https:\/\/nordicmart.andreevmaster.com\/fi\/wp-json\/wp\/v2\/product"}],"about":[{"href":"https:\/\/nordicmart.andreevmaster.com\/fi\/wp-json\/wp\/v2\/types\/product"}],"replies":[{"embeddable":true,"href":"https:\/\/nordicmart.andreevmaster.com\/fi\/wp-json\/wp\/v2\/comments?post=38046"}],"wp:featuredmedia":[{"embeddable":true,"href":"https:\/\/nordicmart.andreevmaster.com\/fi\/wp-json\/wp\/v2\/media\/45884"}],"wp:attachment":[{"href":"https:\/\/nordicmart.andreevmaster.com\/fi\/wp-json\/wp\/v2\/media?parent=38046"}],"wp:term":[{"taxonomy":"product_brand","embeddable":true,"href":"https:\/\/nordicmart.andreevmaster.com\/fi\/wp-json\/wp\/v2\/product_brand?post=38046"},{"taxonomy":"product_cat","embeddable":true,"href":"https:\/\/nordicmart.andreevmaster.com\/fi\/wp-json\/wp\/v2\/product_cat?post=38046"},{"taxonomy":"product_tag","embeddable":true,"href":"https:\/\/nordicmart.andreevmaster.com\/fi\/wp-json\/wp\/v2\/product_tag?post=38046"}],"curies":[{"name":"wp","href":"https:\/\/api.w.org\/{rel}","templated":true}]}}