{"id":38045,"date":"2026-02-27T00:42:07","date_gmt":"2026-02-27T00:42:07","guid":{"rendered":"https:\/\/nordicmart.andreevmaster.com\/product\/songmics-6-sailytyslaatikkoa-jarjestyslaatikkoa-jarjestelijaa\/"},"modified":"2026-02-27T09:58:06","modified_gmt":"2026-02-27T09:58:06","slug":"songmics-6-sailytyslaatikkoa-jarjestyslaatikkoa-jarjestelijaa","status":"publish","type":"product","link":"https:\/\/nordicmart.andreevmaster.com\/fi\/tuote\/songmics-6-sailytyslaatikkoa-jarjestyslaatikkoa-jarjestelijaa\/","title":{"rendered":"SONGMICS 6 s\u00e4ilytyslaatikkoa, j\u00e4rjestyslaatikkoa, j\u00e4rjestelij\u00e4\u00e4"},"content":{"rendered":"<p>SONGMICS s\u00e4ilytyslaatikko, 6 kpl, j\u00e4rjestyslaatikot kuitukankaasta, kahvalla, 30 x 30 x 30 cm, kuutiohyllyyn, taitettava laatikko, vaatteiden s\u00e4ilytys, hiekanbeige<\/p>\n<p>Tekniset tiedot:<\/p>\n<p>&#8211; Kotelon mitat: 33 x 33 x 33 cm (P x L x K)<br \/>\n&#8211; Kokonaispaino: 3,6 kg<br \/>\n&#8211; Enimm\u00e4iskantavuus laatikkoa kohti: 5 kg<br \/>\n&#8211; Materiaali: pahvi, 80 g\/m\u00b2 kuitukangas<br \/>\n&#8211; V\u00e4ri: harmaa<\/p>\n","protected":false},"excerpt":{"rendered":"<p>SONGMICS s\u00e4ilytyslaatikko, 6 kpl, j\u00e4rjestyslaatikot kuitukankaasta, kahvalla, 30 x 30 x 30 cm, kuutiohyllyyn, taitettava laatikko, vaatteiden s\u00e4ilytys, hiekanbeige<\/p>\n","protected":false},"featured_media":45883,"comment_status":"open","ping_status":"closed","template":"","meta":[],"product_brand":[],"product_cat":[32],"product_tag":[],"class_list":{"0":"post-38045","1":"product","2":"type-product","3":"status-publish","4":"has-post-thumbnail","6":"product_cat-uncategorized-fi","8":"first","9":"instock","10":"shipping-taxable","11":"purchasable","12":"product-type-simple"},"_links":{"self":[{"href":"https:\/\/nordicmart.andreevmaster.com\/fi\/wp-json\/wp\/v2\/product\/38045","targetHints":{"allow":["GET"]}}],"collection":[{"href":"https:\/\/nordicmart.andreevmaster.com\/fi\/wp-json\/wp\/v2\/product"}],"about":[{"href":"https:\/\/nordicmart.andreevmaster.com\/fi\/wp-json\/wp\/v2\/types\/product"}],"replies":[{"embeddable":true,"href":"https:\/\/nordicmart.andreevmaster.com\/fi\/wp-json\/wp\/v2\/comments?post=38045"}],"wp:featuredmedia":[{"embeddable":true,"href":"https:\/\/nordicmart.andreevmaster.com\/fi\/wp-json\/wp\/v2\/media\/45883"}],"wp:attachment":[{"href":"https:\/\/nordicmart.andreevmaster.com\/fi\/wp-json\/wp\/v2\/media?parent=38045"}],"wp:term":[{"taxonomy":"product_brand","embeddable":true,"href":"https:\/\/nordicmart.andreevmaster.com\/fi\/wp-json\/wp\/v2\/product_brand?post=38045"},{"taxonomy":"product_cat","embeddable":true,"href":"https:\/\/nordicmart.andreevmaster.com\/fi\/wp-json\/wp\/v2\/product_cat?post=38045"},{"taxonomy":"product_tag","embeddable":true,"href":"https:\/\/nordicmart.andreevmaster.com\/fi\/wp-json\/wp\/v2\/product_tag?post=38045"}],"curies":[{"name":"wp","href":"https:\/\/api.w.org\/{rel}","templated":true}]}}