{"id":38043,"date":"2026-02-27T00:42:07","date_gmt":"2026-02-27T00:42:07","guid":{"rendered":"https:\/\/nordicmart.andreevmaster.com\/product\/songmics-sailytyslaatikko-joulupalloille-joulupallojen-sailytys-128-lokeroa-kukin-8-cm\/"},"modified":"2026-02-27T09:58:06","modified_gmt":"2026-02-27T09:58:06","slug":"songmics-sailytyslaatikko-joulupalloille-joulupallojen-sailytys-128-lokeroa-kukin-8-cm","status":"publish","type":"product","link":"https:\/\/nordicmart.andreevmaster.com\/fi\/tuote\/songmics-sailytyslaatikko-joulupalloille-joulupallojen-sailytys-128-lokeroa-kukin-8-cm\/","title":{"rendered":"SONGMICS s\u00e4ilytyslaatikko joulupalloille, joulupallojen s\u00e4ilytys, 128 lokeroa, kukin 8 cm"},"content":{"rendered":"<p>S\u00e4ilytyslaatikko joulupalloille, joulupallojen s\u00e4ilytys, 128 lokeroa, kukin 8 cm, kansi ja 8 tarjotinta, kirsikanpunainen<br \/>\nTuotetiedot:<br \/>\n&#8211; V\u00e4ri: kirsikanpunainen<br \/>\n&#8211; Materiaali: PP-muovi (polypropeeni)<br \/>\n&#8211; Koko: 64,5 x 33,5 x 34 cm (P x L x K)<br \/>\n&#8211; Paino: 2 kg<br \/>\n&#8211; Maks. staattinen kokonaiskuormitus: 5 kg<\/p>\n<p>Toimitus sis\u00e4lt\u00e4\u00e4<br \/>\n&#8211; 1 x s\u00e4ilytyslaatikko joulupalloille<br \/>\n&#8211; 8 x tarjotin<br \/>\n&#8211; 48 x v\u00e4lisein\u00e4<\/p>\n<p>Huomautukset:<br \/>\n&#8211; Jokaisen lokeron suurin staattinen kantavuus on 5 kg, \u00e4l\u00e4 ylit\u00e4 t\u00e4t\u00e4 enimm\u00e4ispainoa.<br \/>\n&#8211; Pakkaus voi tuoksua hieman avattaessa. Siirr\u00e4 se t\u00e4ll\u00f6in muutamaksi tunniksi hyvin tuuletettuun paikkaan.<\/p>\n","protected":false},"excerpt":{"rendered":"<p>S\u00e4ilytyslaatikko joulupalloille, joulupallojen s\u00e4ilytys, 128 lokeroa, kukin 8 cm, kansi ja 8 tarjotinta, kirsikanpunainen<\/p>\n","protected":false},"featured_media":45881,"comment_status":"open","ping_status":"closed","template":"","meta":[],"product_brand":[],"product_cat":[32],"product_tag":[],"class_list":{"0":"post-38043","1":"product","2":"type-product","3":"status-publish","4":"has-post-thumbnail","6":"product_cat-uncategorized-fi","8":"first","9":"instock","10":"shipping-taxable","11":"purchasable","12":"product-type-simple"},"_links":{"self":[{"href":"https:\/\/nordicmart.andreevmaster.com\/fi\/wp-json\/wp\/v2\/product\/38043","targetHints":{"allow":["GET"]}}],"collection":[{"href":"https:\/\/nordicmart.andreevmaster.com\/fi\/wp-json\/wp\/v2\/product"}],"about":[{"href":"https:\/\/nordicmart.andreevmaster.com\/fi\/wp-json\/wp\/v2\/types\/product"}],"replies":[{"embeddable":true,"href":"https:\/\/nordicmart.andreevmaster.com\/fi\/wp-json\/wp\/v2\/comments?post=38043"}],"wp:featuredmedia":[{"embeddable":true,"href":"https:\/\/nordicmart.andreevmaster.com\/fi\/wp-json\/wp\/v2\/media\/45881"}],"wp:attachment":[{"href":"https:\/\/nordicmart.andreevmaster.com\/fi\/wp-json\/wp\/v2\/media?parent=38043"}],"wp:term":[{"taxonomy":"product_brand","embeddable":true,"href":"https:\/\/nordicmart.andreevmaster.com\/fi\/wp-json\/wp\/v2\/product_brand?post=38043"},{"taxonomy":"product_cat","embeddable":true,"href":"https:\/\/nordicmart.andreevmaster.com\/fi\/wp-json\/wp\/v2\/product_cat?post=38043"},{"taxonomy":"product_tag","embeddable":true,"href":"https:\/\/nordicmart.andreevmaster.com\/fi\/wp-json\/wp\/v2\/product_tag?post=38043"}],"curies":[{"name":"wp","href":"https:\/\/api.w.org\/{rel}","templated":true}]}}