{"id":38042,"date":"2026-02-27T00:42:06","date_gmt":"2026-02-27T00:42:06","guid":{"rendered":"https:\/\/nordicmart.andreevmaster.com\/product\/songmics-sailytyslaatikko-6-kpl-jarjestyslaatikot-kuitukankaasta-kahvalla\/"},"modified":"2026-02-27T09:58:06","modified_gmt":"2026-02-27T09:58:06","slug":"songmics-sailytyslaatikko-6-kpl-jarjestyslaatikot-kuitukankaasta-kahvalla","status":"publish","type":"product","link":"https:\/\/nordicmart.andreevmaster.com\/fi\/tuote\/songmics-sailytyslaatikko-6-kpl-jarjestyslaatikot-kuitukankaasta-kahvalla\/","title":{"rendered":"SONGMICS s\u00e4ilytyslaatikko, 6 kpl, j\u00e4rjestyslaatikot kuitukankaasta, kahvalla"},"content":{"rendered":"<p>SONGMICS s\u00e4ilytyslaatikko, 6 kpl, j\u00e4rjestyslaatikot kuitukankaasta, kahvalla, 30 x 30 x 30 cm, kuutiohyllyyn, taitettava laatikko, vaatteiden s\u00e4ilytys, hiekanbeige<br \/>\nTuotetiedot:<br \/>\n&#8211; V\u00e4ri: hiekanbeige<br \/>\n&#8211; Materiaali: pahvi, 80 g\/m\u00b2 kuitukangas<br \/>\n&#8211; Koko per laatikko: 30 x 30 x 30 cm (P x L x K)<br \/>\n&#8211; Kokonaispaino: 2,9 kg<br \/>\n&#8211; Enimm\u00e4iskantavuus per laatikko: 5 kg<\/p>\n<p>Toimitus sis\u00e4lt\u00e4\u00e4:<br \/>\n&#8211; 6 x s\u00e4ilytyslaatikko<\/p>\n<p>Huomautukset:<br \/>\n&#8211; Pyyhi pinta p\u00e4ivitt\u00e4in hieman kostealla liinalla ja anna kangaskoteloiden kuivua ilmassa; \u00c4L\u00c4 pese niit\u00e4 vedell\u00e4.<br \/>\n&#8211; Laatikoista saattaa tulla liev\u00e4\u00e4 hajua, kun ne avataan. Siin\u00e4 tapauksessa aseta ne muutamaksi tunniksi hyvin tuuletettuun paikkaan.<\/p>\n","protected":false},"excerpt":{"rendered":"<p>SONGMICS s\u00e4ilytyslaatikko, 6 kpl, j\u00e4rjestyslaatikot kuitukankaasta, kahvalla, 30 x 30 x 30 cm, kuutiohyllyyn, taitettava laatikko, vaatteiden s\u00e4ilytys, hiekanbeige<\/p>\n","protected":false},"featured_media":45880,"comment_status":"open","ping_status":"closed","template":"","meta":[],"product_brand":[],"product_cat":[32],"product_tag":[],"class_list":{"0":"post-38042","1":"product","2":"type-product","3":"status-publish","4":"has-post-thumbnail","6":"product_cat-uncategorized-fi","8":"first","9":"instock","10":"shipping-taxable","11":"purchasable","12":"product-type-simple"},"_links":{"self":[{"href":"https:\/\/nordicmart.andreevmaster.com\/fi\/wp-json\/wp\/v2\/product\/38042","targetHints":{"allow":["GET"]}}],"collection":[{"href":"https:\/\/nordicmart.andreevmaster.com\/fi\/wp-json\/wp\/v2\/product"}],"about":[{"href":"https:\/\/nordicmart.andreevmaster.com\/fi\/wp-json\/wp\/v2\/types\/product"}],"replies":[{"embeddable":true,"href":"https:\/\/nordicmart.andreevmaster.com\/fi\/wp-json\/wp\/v2\/comments?post=38042"}],"wp:featuredmedia":[{"embeddable":true,"href":"https:\/\/nordicmart.andreevmaster.com\/fi\/wp-json\/wp\/v2\/media\/45880"}],"wp:attachment":[{"href":"https:\/\/nordicmart.andreevmaster.com\/fi\/wp-json\/wp\/v2\/media?parent=38042"}],"wp:term":[{"taxonomy":"product_brand","embeddable":true,"href":"https:\/\/nordicmart.andreevmaster.com\/fi\/wp-json\/wp\/v2\/product_brand?post=38042"},{"taxonomy":"product_cat","embeddable":true,"href":"https:\/\/nordicmart.andreevmaster.com\/fi\/wp-json\/wp\/v2\/product_cat?post=38042"},{"taxonomy":"product_tag","embeddable":true,"href":"https:\/\/nordicmart.andreevmaster.com\/fi\/wp-json\/wp\/v2\/product_tag?post=38042"}],"curies":[{"name":"wp","href":"https:\/\/api.w.org\/{rel}","templated":true}]}}