{"id":38036,"date":"2026-02-27T00:42:05","date_gmt":"2026-02-27T00:42:05","guid":{"rendered":"https:\/\/nordicmart.andreevmaster.com\/product\/songmics-sailytyslaatikot-3-kpl-panda-karhu-ja-sika-kuvioilla\/"},"modified":"2026-02-27T09:58:04","modified_gmt":"2026-02-27T09:58:04","slug":"songmics-sailytyslaatikot-3-kpl-panda-karhu-ja-sika-kuvioilla","status":"publish","type":"product","link":"https:\/\/nordicmart.andreevmaster.com\/fi\/tuote\/songmics-sailytyslaatikot-3-kpl-panda-karhu-ja-sika-kuvioilla\/","title":{"rendered":"SONGMICS &#8221;S\u00e4ilytyslaatikot, 3 kpl, panda-, karhu- ja sika-kuvioilla&#8221;"},"content":{"rendered":"<p>SONGMICS s\u00e4ilytyslaatikot, 3 kpl, taitettavat laatikot, kangaskotelot kahvoilla, lelujen s\u00e4ilytyslaatikko, magneettinen kansi, lastenhuoneeseen, leikkihuoneeseen, el\u00e4inaiheiset, vaaleanpunainen, sininen, vihre\u00e4 ja harmaa RFB760P01<br \/>\nV\u00e4ri: vaaleanpunainen, sininen, vihre\u00e4 ja harmaa<br \/>\nMateriaali: pahvi, kuitukangas, metallirunko<br \/>\nKoko per laatikko: 38 x 35 x 25 cm (P x L x K)<br \/>\n3 pinotun laatikon koko: 38 x 35 x 75 cm (P x L x K)<br \/>\nPaino per laatikko: 0,3 kg<br \/>\nEnimm\u00e4isstaattinen kantavuus per laatikko: 2 kg<br \/>\nEnimm\u00e4isstaattinen kuormitus kotelon yl\u00e4osassa: 5 kg<\/p>\n","protected":false},"excerpt":{"rendered":"<p>SONGMICS s\u00e4ilytyslaatikot, 3 kpl, taitettavat laatikot, kangaskotelot kahvoilla, lelujen s\u00e4ilytyslaatikko, magneettinen kansi, lastenhuoneeseen, leikkihuoneeseen, el\u00e4inaiheiset, vaaleanpunainen, sininen, vihre\u00e4 ja harmaa RFB760P01<\/p>\n","protected":false},"featured_media":45874,"comment_status":"open","ping_status":"closed","template":"","meta":[],"product_brand":[],"product_cat":[32],"product_tag":[],"class_list":{"0":"post-38036","1":"product","2":"type-product","3":"status-publish","4":"has-post-thumbnail","6":"product_cat-uncategorized-fi","8":"first","9":"instock","10":"shipping-taxable","11":"purchasable","12":"product-type-simple"},"_links":{"self":[{"href":"https:\/\/nordicmart.andreevmaster.com\/fi\/wp-json\/wp\/v2\/product\/38036","targetHints":{"allow":["GET"]}}],"collection":[{"href":"https:\/\/nordicmart.andreevmaster.com\/fi\/wp-json\/wp\/v2\/product"}],"about":[{"href":"https:\/\/nordicmart.andreevmaster.com\/fi\/wp-json\/wp\/v2\/types\/product"}],"replies":[{"embeddable":true,"href":"https:\/\/nordicmart.andreevmaster.com\/fi\/wp-json\/wp\/v2\/comments?post=38036"}],"wp:featuredmedia":[{"embeddable":true,"href":"https:\/\/nordicmart.andreevmaster.com\/fi\/wp-json\/wp\/v2\/media\/45874"}],"wp:attachment":[{"href":"https:\/\/nordicmart.andreevmaster.com\/fi\/wp-json\/wp\/v2\/media?parent=38036"}],"wp:term":[{"taxonomy":"product_brand","embeddable":true,"href":"https:\/\/nordicmart.andreevmaster.com\/fi\/wp-json\/wp\/v2\/product_brand?post=38036"},{"taxonomy":"product_cat","embeddable":true,"href":"https:\/\/nordicmart.andreevmaster.com\/fi\/wp-json\/wp\/v2\/product_cat?post=38036"},{"taxonomy":"product_tag","embeddable":true,"href":"https:\/\/nordicmart.andreevmaster.com\/fi\/wp-json\/wp\/v2\/product_tag?post=38036"}],"curies":[{"name":"wp","href":"https:\/\/api.w.org\/{rel}","templated":true}]}}