{"id":38035,"date":"2026-02-27T00:42:04","date_gmt":"2026-02-27T00:42:04","guid":{"rendered":"https:\/\/nordicmart.andreevmaster.com\/product\/songmics-3-kpl-kangaskoteloita-kannella-lapsille\/"},"modified":"2026-02-27T09:58:04","modified_gmt":"2026-02-27T09:58:04","slug":"songmics-3-kpl-kangaskoteloita-kannella-lapsille","status":"publish","type":"product","link":"https:\/\/nordicmart.andreevmaster.com\/fi\/tuote\/songmics-3-kpl-kangaskoteloita-kannella-lapsille\/","title":{"rendered":"SONGMICS 3 kpl kangaskoteloita kannella lapsille"},"content":{"rendered":"<p>Tervetuloa el\u00e4intarhaan!  Yst\u00e4v\u00e4llinen leijona, suloinen kissanpentu ja s\u00f6p\u00f6 j\u00e4nis kutsuvat lapsesi matkalle upeaan maailmaansa. Mit\u00e4 viel\u00e4 odotat? Lapsesi kokevat upeita seikkailuja yhdess\u00e4 el\u00e4inten kanssa! Samalla heit\u00e4 rohkaistaan siivoamaan lelunsa itse.   Anna enemm\u00e4n, ota v\u00e4hemm\u00e4n  N\u00e4m\u00e4 3 laatikkoa viev\u00e4t pinottuna vain 38 x 35 cm:n tilan, mutta antavat pienokaisillesi paljon tilaa leikki\u00e4. Metallirunko ja korkealaatuinen pahvi takaavat pitk\u00e4n k\u00e4ytt\u00f6i\u00e4n. Haluatko kehitt\u00e4\u00e4 lapsesi k\u00e4dentaitoja? Kannusta h\u00e4nt\u00e4 taitamaan laatikot itse, kun niit\u00e4 ei k\u00e4ytet\u00e4. Tuotetiedot: &#8211; V\u00e4ri: vaaleanpunainen, sininen, vihre\u00e4 ja harmaa &#8211; Materiaali: pahvi, kuitukangas, metallirunko &#8211; Koko per laatikko: 38 x 35 x 25 cm (P x L x K) &#8211; Paino per laatikko: 0,3 kg &#8211; Maks. staattinen kantavuus per laatikko: 2 kg &#8211; Maks. staattinen kantavuus yl\u00e4osassa per laatikko: 5 kg Toimitus sis\u00e4lt\u00e4\u00e4:- 3 x s\u00e4ilytyslaatikko SONGMICS Huomautukset: &#8211; \u00c4l\u00e4 pese tuotetta suoraan vedell\u00e4. &#8211; \u00c4l\u00e4 ylit\u00e4 tuotteen maksimaalista kantavuutta.<\/p>\n","protected":false},"excerpt":{"rendered":"<p>SONGMICS s\u00e4ilytyslaatikot, 3 kpl, taitettavat laatikot, kangaskotelot kahvoilla, lelujen s\u00e4ilytyslaatikko, magneettinen kansi, lastenhuoneeseen, leikkihuoneeseen, el\u00e4inaiheiset, vaaleanpunainen, sininen, vihre\u00e4 ja harmaa RFB760P01<\/p>\n","protected":false},"featured_media":45873,"comment_status":"open","ping_status":"closed","template":"","meta":[],"product_brand":[],"product_cat":[32],"product_tag":[],"class_list":{"0":"post-38035","1":"product","2":"type-product","3":"status-publish","4":"has-post-thumbnail","6":"product_cat-uncategorized-fi","8":"first","9":"instock","10":"shipping-taxable","11":"purchasable","12":"product-type-simple"},"_links":{"self":[{"href":"https:\/\/nordicmart.andreevmaster.com\/fi\/wp-json\/wp\/v2\/product\/38035","targetHints":{"allow":["GET"]}}],"collection":[{"href":"https:\/\/nordicmart.andreevmaster.com\/fi\/wp-json\/wp\/v2\/product"}],"about":[{"href":"https:\/\/nordicmart.andreevmaster.com\/fi\/wp-json\/wp\/v2\/types\/product"}],"replies":[{"embeddable":true,"href":"https:\/\/nordicmart.andreevmaster.com\/fi\/wp-json\/wp\/v2\/comments?post=38035"}],"wp:featuredmedia":[{"embeddable":true,"href":"https:\/\/nordicmart.andreevmaster.com\/fi\/wp-json\/wp\/v2\/media\/45873"}],"wp:attachment":[{"href":"https:\/\/nordicmart.andreevmaster.com\/fi\/wp-json\/wp\/v2\/media?parent=38035"}],"wp:term":[{"taxonomy":"product_brand","embeddable":true,"href":"https:\/\/nordicmart.andreevmaster.com\/fi\/wp-json\/wp\/v2\/product_brand?post=38035"},{"taxonomy":"product_cat","embeddable":true,"href":"https:\/\/nordicmart.andreevmaster.com\/fi\/wp-json\/wp\/v2\/product_cat?post=38035"},{"taxonomy":"product_tag","embeddable":true,"href":"https:\/\/nordicmart.andreevmaster.com\/fi\/wp-json\/wp\/v2\/product_tag?post=38035"}],"curies":[{"name":"wp","href":"https:\/\/api.w.org\/{rel}","templated":true}]}}