{"id":38033,"date":"2026-02-27T00:42:04","date_gmt":"2026-02-27T00:42:04","guid":{"rendered":"https:\/\/nordicmart.andreevmaster.com\/product\/songmics-ripustettava-sailytysjarjestelma-lapsille\/"},"modified":"2026-02-27T09:58:04","modified_gmt":"2026-02-27T09:58:04","slug":"songmics-ripustettava-sailytysjarjestelma-lapsille","status":"publish","type":"product","link":"https:\/\/nordicmart.andreevmaster.com\/fi\/tuote\/songmics-ripustettava-sailytysjarjestelma-lapsille\/","title":{"rendered":"SONGMICS ripustettava s\u00e4ilytysj\u00e4rjestelm\u00e4 lapsille"},"content":{"rendered":"<p>Tervetuloa el\u00e4intarhaan! Rakastaako lapsesi el\u00e4imi\u00e4? Yst\u00e4v\u00e4llinen leijona, suloinen kissanpentu ja s\u00f6p\u00f6 j\u00e4nis kutsuvat pienokaisesi matkalle upeaan maailmaansa. Ripusta t\u00e4m\u00e4 laukku oven tai sein\u00e4n p\u00e4\u00e4lle lastenhuoneeseen, leikkihuoneeseen tai kaappiin luomaan hauska ilmapiiri! Kaikki on k\u00e4yt\u00e4nn\u00f6llist\u00e4 Keskit\u00e4 energiasi rakkaaseesi, \u00e4l\u00e4 pieniin \u00e4rsytyksiin. T\u00e4ss\u00e4 s\u00e4ilytyslaukussa on suuri v\u00e4li taskujen v\u00e4lill\u00e4, jotta esineiden ottaminen ja laittaminen takaisin on helpompaa. Siin\u00e4 on kaksi tukevaa metallikoukkua, joten sinun ei tarvitse huolehtia laukun rikkoutumisesta tai putoamisesta, sek\u00e4 taitettava rakenne, jonka ansiosta voit s\u00e4ilytt\u00e4\u00e4 laukun tilaa s\u00e4\u00e4st\u00e4en, kun sit\u00e4 ei k\u00e4ytet\u00e4. Tuotetiedot: &#8211; V\u00e4ri: vaaleanpunainen-sininen-vihre\u00e4-harmaa &#8211; Materiaali: pahvi, kuitukangas, metallikoukut &#8211; Kokonaiskoko: 33 x 11,5 x 90 cm (P x L x K) &#8211; Paino: 1,3 kg &#8211; Maks. staattinen kantavuus: 3 kg Toimitus sis\u00e4lt\u00e4\u00e4:- 1 x s\u00e4ilytyslaukku &#8211; 3 x pohjalevy &#8211; 6 x sivulevy &#8211; 2 x koukku SONGMICSin ohjeet: &#8211; Pid\u00e4 tuote poissa tulen l\u00e4hteist\u00e4. &#8211; \u00c4l\u00e4 pese tuotetta suoraan vedell\u00e4. &#8211; \u00c4l\u00e4 s\u00e4ilyt\u00e4 laukussa liian monta tai liian suurta esinett\u00e4.- Tuote saattaa tuoksua hieman avattaessa. Siirr\u00e4 se t\u00e4ll\u00f6in hyvin ilmastoituun paikkaan. Tuoksu h\u00e4vi\u00e4\u00e4 pian.<\/p>\n","protected":false},"excerpt":{"rendered":"<p>SONGMICS Ripustettava s\u00e4ilytysj\u00e4rjestelm\u00e4, ripustettava tasku, ripustettava s\u00e4ilytys, 3 taskua ja 2 koukkua, 33 x 11,5 x 90 cm, el\u00e4inaiheinen, oveen, sein\u00e4lle, vaatekaappiin, lastenhuoneeseen, vaaleanpunainen-sininen-vihre\u00e4-harmaa RFB731P01<\/p>\n","protected":false},"featured_media":45871,"comment_status":"open","ping_status":"closed","template":"","meta":[],"product_brand":[],"product_cat":[32],"product_tag":[],"class_list":{"0":"post-38033","1":"product","2":"type-product","3":"status-publish","4":"has-post-thumbnail","6":"product_cat-uncategorized-fi","8":"first","9":"instock","10":"shipping-taxable","11":"purchasable","12":"product-type-simple"},"_links":{"self":[{"href":"https:\/\/nordicmart.andreevmaster.com\/fi\/wp-json\/wp\/v2\/product\/38033","targetHints":{"allow":["GET"]}}],"collection":[{"href":"https:\/\/nordicmart.andreevmaster.com\/fi\/wp-json\/wp\/v2\/product"}],"about":[{"href":"https:\/\/nordicmart.andreevmaster.com\/fi\/wp-json\/wp\/v2\/types\/product"}],"replies":[{"embeddable":true,"href":"https:\/\/nordicmart.andreevmaster.com\/fi\/wp-json\/wp\/v2\/comments?post=38033"}],"wp:featuredmedia":[{"embeddable":true,"href":"https:\/\/nordicmart.andreevmaster.com\/fi\/wp-json\/wp\/v2\/media\/45871"}],"wp:attachment":[{"href":"https:\/\/nordicmart.andreevmaster.com\/fi\/wp-json\/wp\/v2\/media?parent=38033"}],"wp:term":[{"taxonomy":"product_brand","embeddable":true,"href":"https:\/\/nordicmart.andreevmaster.com\/fi\/wp-json\/wp\/v2\/product_brand?post=38033"},{"taxonomy":"product_cat","embeddable":true,"href":"https:\/\/nordicmart.andreevmaster.com\/fi\/wp-json\/wp\/v2\/product_cat?post=38033"},{"taxonomy":"product_tag","embeddable":true,"href":"https:\/\/nordicmart.andreevmaster.com\/fi\/wp-json\/wp\/v2\/product_tag?post=38033"}],"curies":[{"name":"wp","href":"https:\/\/api.w.org\/{rel}","templated":true}]}}