{"id":38031,"date":"2026-02-27T00:42:03","date_gmt":"2026-02-27T00:42:03","guid":{"rendered":"https:\/\/nordicmart.andreevmaster.com\/product\/songmics-kangaskotelot-3-kpl\/"},"modified":"2026-02-27T09:58:03","modified_gmt":"2026-02-27T09:58:03","slug":"songmics-kangaskotelot-3-kpl","status":"publish","type":"product","link":"https:\/\/nordicmart.andreevmaster.com\/fi\/tuote\/songmics-kangaskotelot-3-kpl\/","title":{"rendered":"SONGMICS kangaskotelot, 3 kpl"},"content":{"rendered":"<p>Tuotetiedot: &#8211; V\u00e4ri: beige &#8211; Materiaali: pahvi, kuitukangas &#8211; Kotelon koko: 30 x 30 x 30 cm (P x L x K) &#8211; Kokonaispaino: 1,7 kg &#8211; Kotelon suurin staattinen kantavuus: 3 kg Toimitus sis\u00e4lt\u00e4\u00e4: &#8211; 3 x s\u00e4ilytyskotelo &#8211; 3 x pahvipohja SONGMICS Huomautukset:- Tuotetta ei voi pest\u00e4 pesukoneessa! Pyyhi tuote p\u00e4ivitt\u00e4in kostealla liinalla ja anna sen kuivua ilmassa. &#8211; Jos tuotteesta tulee avaamisen j\u00e4lkeen \u201duuden\u201d tuoksu, aseta se hetkeksi hyvin tuuletettuun paikkaan. &#8211; \u00c4l\u00e4 altista tuotetta suoralle auringonvalolle. \u00c4l\u00e4 sijoita t\u00e4t\u00e4 tuotetta kosteaan ymp\u00e4rist\u00f6\u00f6n. &#8211; Tuotteen k\u00e4ytt\u00f6i\u00e4n pident\u00e4miseksi \u00e4l\u00e4 taivuta tai hankaa t\u00e4t\u00e4 tuotetta voimakkaasti. &#8211; Jokaisen laatikon suurin staattinen kantavuus on 3 kg, \u00e4l\u00e4 ylit\u00e4 t\u00e4t\u00e4 enimm\u00e4ispainoa.<\/p>\n","protected":false},"excerpt":{"rendered":"<p>SONGMICS s\u00e4ilytyslaatikko, 3 kpl, s\u00e4ilytyskori, lelujen s\u00e4ilytys, kangaskotelot, 30 x 30 x 30 cm, taitettava, kahvoilla, makuuhuone, leikkihuone, dinosauruskuvio, beige RFB704W03<\/p>\n","protected":false},"featured_media":45869,"comment_status":"open","ping_status":"closed","template":"","meta":[],"product_brand":[],"product_cat":[32],"product_tag":[],"class_list":{"0":"post-38031","1":"product","2":"type-product","3":"status-publish","4":"has-post-thumbnail","6":"product_cat-uncategorized-fi","8":"first","9":"instock","10":"shipping-taxable","11":"purchasable","12":"product-type-simple"},"_links":{"self":[{"href":"https:\/\/nordicmart.andreevmaster.com\/fi\/wp-json\/wp\/v2\/product\/38031","targetHints":{"allow":["GET"]}}],"collection":[{"href":"https:\/\/nordicmart.andreevmaster.com\/fi\/wp-json\/wp\/v2\/product"}],"about":[{"href":"https:\/\/nordicmart.andreevmaster.com\/fi\/wp-json\/wp\/v2\/types\/product"}],"replies":[{"embeddable":true,"href":"https:\/\/nordicmart.andreevmaster.com\/fi\/wp-json\/wp\/v2\/comments?post=38031"}],"wp:featuredmedia":[{"embeddable":true,"href":"https:\/\/nordicmart.andreevmaster.com\/fi\/wp-json\/wp\/v2\/media\/45869"}],"wp:attachment":[{"href":"https:\/\/nordicmart.andreevmaster.com\/fi\/wp-json\/wp\/v2\/media?parent=38031"}],"wp:term":[{"taxonomy":"product_brand","embeddable":true,"href":"https:\/\/nordicmart.andreevmaster.com\/fi\/wp-json\/wp\/v2\/product_brand?post=38031"},{"taxonomy":"product_cat","embeddable":true,"href":"https:\/\/nordicmart.andreevmaster.com\/fi\/wp-json\/wp\/v2\/product_cat?post=38031"},{"taxonomy":"product_tag","embeddable":true,"href":"https:\/\/nordicmart.andreevmaster.com\/fi\/wp-json\/wp\/v2\/product_tag?post=38031"}],"curies":[{"name":"wp","href":"https:\/\/api.w.org\/{rel}","templated":true}]}}