{"id":38030,"date":"2026-02-27T00:42:03","date_gmt":"2026-02-27T00:42:03","guid":{"rendered":"https:\/\/nordicmart.andreevmaster.com\/product\/songmics-lelujen-sailytysjarjestelma-3-kpl\/"},"modified":"2026-02-27T09:58:03","modified_gmt":"2026-02-27T09:58:03","slug":"songmics-lelujen-sailytysjarjestelma-3-kpl","status":"publish","type":"product","link":"https:\/\/nordicmart.andreevmaster.com\/fi\/tuote\/songmics-lelujen-sailytysjarjestelma-3-kpl\/","title":{"rendered":"SONGMICS lelujen s\u00e4ilytysj\u00e4rjestelm\u00e4, 3 kpl"},"content":{"rendered":"<p>El\u00e4inten kutsu J\u00e4lleen on kulunut p\u00e4iv\u00e4, jolloin lapset ovat leikkineet ahkerasti. Mutta mihin kaikki ymp\u00e4riins\u00e4 levitetyt lelut pit\u00e4isi laittaa? \u00c4l\u00e4 huoli. T\u00e4m\u00e4 3 s\u00e4ilytyslaatikon sarja, jossa on el\u00e4inkuvia, tarjoaa ratkaisun. N\u00e4in pienet voivat kehitt\u00e4\u00e4 hyvi\u00e4 tapoja ja samalla nauttia laatikoiden hauskoista meriaiheista siivotessaan. Koko perheen mukavuutta Jokainen laatikko on kooltaan 30 x 30 x 30 cm, helppo s\u00e4ilytt\u00e4\u00e4 ja k\u00e4ytt\u00e4\u00e4 yksinkertaisesti taittamalla ja kokoontaitamalla. Aseta laatikot lastenhuoneeseen vaatteiden ja lelujen s\u00e4ilytt\u00e4mist\u00e4 varten tai olohuoneen hyllylle koko perheen tavaroiden lajittelua varten. 3 laatikon sarja on my\u00f6s kaunis koriste. Tuotetiedot: &#8211; V\u00e4ri: sininen, vihre\u00e4 ja vaaleanpunainen &#8211; Materiaali: pahvi, kuitukangas &#8211; Koko per laatikko: 30 x 30 x 30 cm (P x L x K) &#8211; Paino per laatikko: 0,6 kg Toimitus sis\u00e4lt\u00e4\u00e4: &#8211; 3 x s\u00e4ilytyslaatikko SONGMICS-ohjeet:- Pyyhi tuote p\u00e4ivitt\u00e4in kostealla liinalla. &#8211; Jos tuotteesta tulee avaamisen j\u00e4lkeen &#8221;uuden&#8221; tuoksu, aseta se hetkeksi hyvin tuuletettuun paikkaan.<\/p>\n","protected":false},"excerpt":{"rendered":"<p>SONGMICS s\u00e4ilytyslaatikot, 3 kpl, taitettavat laatikot, kangaskotelot kahvoilla, lelujen s\u00e4ilytyslaatikko, taitettava, lastenhuoneeseen, leikkihuoneeseen, meriaiheinen, sininen, vihre\u00e4 ja vaaleanpunainen RFB701Y03<\/p>\n","protected":false},"featured_media":45868,"comment_status":"open","ping_status":"closed","template":"","meta":[],"product_brand":[],"product_cat":[32],"product_tag":[],"class_list":{"0":"post-38030","1":"product","2":"type-product","3":"status-publish","4":"has-post-thumbnail","6":"product_cat-uncategorized-fi","8":"first","9":"instock","10":"shipping-taxable","11":"purchasable","12":"product-type-simple"},"_links":{"self":[{"href":"https:\/\/nordicmart.andreevmaster.com\/fi\/wp-json\/wp\/v2\/product\/38030","targetHints":{"allow":["GET"]}}],"collection":[{"href":"https:\/\/nordicmart.andreevmaster.com\/fi\/wp-json\/wp\/v2\/product"}],"about":[{"href":"https:\/\/nordicmart.andreevmaster.com\/fi\/wp-json\/wp\/v2\/types\/product"}],"replies":[{"embeddable":true,"href":"https:\/\/nordicmart.andreevmaster.com\/fi\/wp-json\/wp\/v2\/comments?post=38030"}],"wp:featuredmedia":[{"embeddable":true,"href":"https:\/\/nordicmart.andreevmaster.com\/fi\/wp-json\/wp\/v2\/media\/45868"}],"wp:attachment":[{"href":"https:\/\/nordicmart.andreevmaster.com\/fi\/wp-json\/wp\/v2\/media?parent=38030"}],"wp:term":[{"taxonomy":"product_brand","embeddable":true,"href":"https:\/\/nordicmart.andreevmaster.com\/fi\/wp-json\/wp\/v2\/product_brand?post=38030"},{"taxonomy":"product_cat","embeddable":true,"href":"https:\/\/nordicmart.andreevmaster.com\/fi\/wp-json\/wp\/v2\/product_cat?post=38030"},{"taxonomy":"product_tag","embeddable":true,"href":"https:\/\/nordicmart.andreevmaster.com\/fi\/wp-json\/wp\/v2\/product_tag?post=38030"}],"curies":[{"name":"wp","href":"https:\/\/api.w.org\/{rel}","templated":true}]}}