{"id":38029,"date":"2026-02-27T00:42:03","date_gmt":"2026-02-27T00:42:03","guid":{"rendered":"https:\/\/nordicmart.andreevmaster.com\/product\/songmics-sailytyslaatikkosetti-6-kpl-33-x-33-x-33-cm-varillinen-kuutiohylly\/"},"modified":"2026-02-27T09:58:03","modified_gmt":"2026-02-27T09:58:03","slug":"songmics-sailytyslaatikkosetti-6-kpl-33-x-33-x-33-cm-varillinen-kuutiohylly","status":"publish","type":"product","link":"https:\/\/nordicmart.andreevmaster.com\/fi\/tuote\/songmics-sailytyslaatikkosetti-6-kpl-33-x-33-x-33-cm-varillinen-kuutiohylly\/","title":{"rendered":"SONGMICS s\u00e4ilytyslaatikkosetti, 6 kpl, 33 x 33 x 33 cm, v\u00e4rillinen kuutiohylly"},"content":{"rendered":"<p>SONGMICS s\u00e4ilytyslaatikko, 6 kpl, j\u00e4rjestyslaatikot, taitettava laatikko, 26 x 26 x 28 cm, kangaslaatikko, kuutiohyllylle, v\u00e4rik\u00e4s j\u00e4rjestelij\u00e4, s\u00e4ilytyskori, makuuhuoneeseen, olohuoneeseen RFB226X01<br \/>\nV\u00e4ri: laventelilila, viile\u00e4 sininen, kuunvalonvihre\u00e4, terrakottapinkki, aprikoosinoranssi, vaaleankultainen<br \/>\nMateriaali: kuitukangas, PP-muovi (polypropeeni)<br \/>\nKoko per laatikko: 33 x 33 x 33 cm (P x L x K)<br \/>\nKokonaispaino: 2,3 kg<br \/>\nMaks. staattinen kantavuus per laatikko: 5 kg<\/p>\n","protected":false},"excerpt":{"rendered":"<p>SONGMICS s\u00e4ilytyslaatikko, 6 kpl, j\u00e4rjestyslaatikot, taitettava laatikko, 26 x 26 x 28 cm, kangaslaatikko, kuutiohyllylle, v\u00e4rik\u00e4s j\u00e4rjestelij\u00e4, s\u00e4ilytyskori, makuuhuoneeseen, olohuoneeseen RFB226X01<\/p>\n","protected":false},"featured_media":45867,"comment_status":"open","ping_status":"closed","template":"","meta":[],"product_brand":[],"product_cat":[32],"product_tag":[],"class_list":{"0":"post-38029","1":"product","2":"type-product","3":"status-publish","4":"has-post-thumbnail","6":"product_cat-uncategorized-fi","8":"first","9":"instock","10":"shipping-taxable","11":"purchasable","12":"product-type-simple"},"_links":{"self":[{"href":"https:\/\/nordicmart.andreevmaster.com\/fi\/wp-json\/wp\/v2\/product\/38029","targetHints":{"allow":["GET"]}}],"collection":[{"href":"https:\/\/nordicmart.andreevmaster.com\/fi\/wp-json\/wp\/v2\/product"}],"about":[{"href":"https:\/\/nordicmart.andreevmaster.com\/fi\/wp-json\/wp\/v2\/types\/product"}],"replies":[{"embeddable":true,"href":"https:\/\/nordicmart.andreevmaster.com\/fi\/wp-json\/wp\/v2\/comments?post=38029"}],"wp:featuredmedia":[{"embeddable":true,"href":"https:\/\/nordicmart.andreevmaster.com\/fi\/wp-json\/wp\/v2\/media\/45867"}],"wp:attachment":[{"href":"https:\/\/nordicmart.andreevmaster.com\/fi\/wp-json\/wp\/v2\/media?parent=38029"}],"wp:term":[{"taxonomy":"product_brand","embeddable":true,"href":"https:\/\/nordicmart.andreevmaster.com\/fi\/wp-json\/wp\/v2\/product_brand?post=38029"},{"taxonomy":"product_cat","embeddable":true,"href":"https:\/\/nordicmart.andreevmaster.com\/fi\/wp-json\/wp\/v2\/product_cat?post=38029"},{"taxonomy":"product_tag","embeddable":true,"href":"https:\/\/nordicmart.andreevmaster.com\/fi\/wp-json\/wp\/v2\/product_tag?post=38029"}],"curies":[{"name":"wp","href":"https:\/\/api.w.org\/{rel}","templated":true}]}}