{"id":38027,"date":"2026-02-27T00:42:02","date_gmt":"2026-02-27T00:42:02","guid":{"rendered":"https:\/\/nordicmart.andreevmaster.com\/product\/songmics-sailytyslaatikkosetti-6-kpl-26-x-26-x-28-cm-kuutiohyllyyn-varikas\/"},"modified":"2026-02-27T09:58:02","modified_gmt":"2026-02-27T09:58:02","slug":"songmics-sailytyslaatikkosetti-6-kpl-26-x-26-x-28-cm-kuutiohyllyyn-varikas","status":"publish","type":"product","link":"https:\/\/nordicmart.andreevmaster.com\/fi\/tuote\/songmics-sailytyslaatikkosetti-6-kpl-26-x-26-x-28-cm-kuutiohyllyyn-varikas\/","title":{"rendered":"SONGMICS s\u00e4ilytyslaatikkosetti, 6 kpl, 26 x 26 x 28 cm, kuutiohyllyyn, v\u00e4rik\u00e4s"},"content":{"rendered":"<p>SONGMICS s\u00e4ilytyslaatikko, 6 kpl, j\u00e4rjestyslaatikot, taitettava laatikko, 26 x 26 x 28 cm, kangaslaatikko, kuutiohyllylle, v\u00e4rik\u00e4s j\u00e4rjestelij\u00e4, s\u00e4ilytyskori, makuuhuoneeseen, olohuoneeseen RFB226X01<br \/>\nV\u00e4ri: laventelilila, viile\u00e4 sininen, kuunvalonvihre\u00e4, terrakottarosa, aprikoosi-oranssi, vaaleakulta<br \/>\nMateriaali: kuitukangas, PP-muovi (polypropeeni)<br \/>\nKotelon koko: 26 x 26 x 28 cm (P x L x K)<br \/>\nKokonaispaino: 1,5 kg<br \/>\nEnimm\u00e4iskantavuus per laatikko: 5 kg<\/p>\n","protected":false},"excerpt":{"rendered":"<p>SONGMICS s\u00e4ilytyslaatikko, 6 kpl, j\u00e4rjestyslaatikot, taitettava laatikko, 26 x 26 x 28 cm, kangaslaatikko, kuutiohyllylle, v\u00e4rik\u00e4s j\u00e4rjestelij\u00e4, s\u00e4ilytyskori, makuuhuoneeseen, olohuoneeseen RFB226X01<\/p>\n","protected":false},"featured_media":45865,"comment_status":"open","ping_status":"closed","template":"","meta":[],"product_brand":[],"product_cat":[32],"product_tag":[],"class_list":{"0":"post-38027","1":"product","2":"type-product","3":"status-publish","4":"has-post-thumbnail","6":"product_cat-uncategorized-fi","8":"first","9":"instock","10":"shipping-taxable","11":"purchasable","12":"product-type-simple"},"_links":{"self":[{"href":"https:\/\/nordicmart.andreevmaster.com\/fi\/wp-json\/wp\/v2\/product\/38027","targetHints":{"allow":["GET"]}}],"collection":[{"href":"https:\/\/nordicmart.andreevmaster.com\/fi\/wp-json\/wp\/v2\/product"}],"about":[{"href":"https:\/\/nordicmart.andreevmaster.com\/fi\/wp-json\/wp\/v2\/types\/product"}],"replies":[{"embeddable":true,"href":"https:\/\/nordicmart.andreevmaster.com\/fi\/wp-json\/wp\/v2\/comments?post=38027"}],"wp:featuredmedia":[{"embeddable":true,"href":"https:\/\/nordicmart.andreevmaster.com\/fi\/wp-json\/wp\/v2\/media\/45865"}],"wp:attachment":[{"href":"https:\/\/nordicmart.andreevmaster.com\/fi\/wp-json\/wp\/v2\/media?parent=38027"}],"wp:term":[{"taxonomy":"product_brand","embeddable":true,"href":"https:\/\/nordicmart.andreevmaster.com\/fi\/wp-json\/wp\/v2\/product_brand?post=38027"},{"taxonomy":"product_cat","embeddable":true,"href":"https:\/\/nordicmart.andreevmaster.com\/fi\/wp-json\/wp\/v2\/product_cat?post=38027"},{"taxonomy":"product_tag","embeddable":true,"href":"https:\/\/nordicmart.andreevmaster.com\/fi\/wp-json\/wp\/v2\/product_tag?post=38027"}],"curies":[{"name":"wp","href":"https:\/\/api.w.org\/{rel}","templated":true}]}}