{"id":38026,"date":"2026-02-27T00:42:02","date_gmt":"2026-02-27T00:42:02","guid":{"rendered":"https:\/\/nordicmart.andreevmaster.com\/product\/songmics-sailytyslaatikko-6-kpl-sumunharmaa\/"},"modified":"2026-02-27T09:58:02","modified_gmt":"2026-02-27T09:58:02","slug":"songmics-sailytyslaatikko-6-kpl-sumunharmaa","status":"publish","type":"product","link":"https:\/\/nordicmart.andreevmaster.com\/fi\/tuote\/songmics-sailytyslaatikko-6-kpl-sumunharmaa\/","title":{"rendered":"SONGMICS s\u00e4ilytyslaatikko, 6 kpl, sumunharmaa"},"content":{"rendered":"<p>SONGMICS s\u00e4ilytyslaatikko, 6 kpl:n sarja, s\u00e4ilytyslaatikot, kuitukangas, taitettava laatikko, 33 x 33 x 33 cm, kangaslaatikko, kuutiohyllylle, vaatteiden j\u00e4rjestelij\u00e4<br \/>\nV\u00e4ri: sumunharmaa<br \/>\nMateriaali: pahvi, kuitukangas, Oxford-kangas<br \/>\nKoko per laatikko: 33 x 33 x 33 cm (S x L x K)<br \/>\nKokonaispaino: 4,1 kg<br \/>\nEnimm\u00e4iskantavuus per laatikko: 5 kg<\/p>\n","protected":false},"excerpt":{"rendered":"<p>SONGMICS s\u00e4ilytyslaatikko, 6 kpl:n sarja, s\u00e4ilytyslaatikot, kuitukangas, taitettava laatikko, 33 x 33 x 33 cm, kangaslaatikko, kuutiohyllylle, vaatteiden j\u00e4rjestelij\u00e4<\/p>\n","protected":false},"featured_media":45864,"comment_status":"open","ping_status":"closed","template":"","meta":[],"product_brand":[],"product_cat":[32],"product_tag":[],"class_list":{"0":"post-38026","1":"product","2":"type-product","3":"status-publish","4":"has-post-thumbnail","6":"product_cat-uncategorized-fi","8":"first","9":"instock","10":"shipping-taxable","11":"purchasable","12":"product-type-simple"},"_links":{"self":[{"href":"https:\/\/nordicmart.andreevmaster.com\/fi\/wp-json\/wp\/v2\/product\/38026","targetHints":{"allow":["GET"]}}],"collection":[{"href":"https:\/\/nordicmart.andreevmaster.com\/fi\/wp-json\/wp\/v2\/product"}],"about":[{"href":"https:\/\/nordicmart.andreevmaster.com\/fi\/wp-json\/wp\/v2\/types\/product"}],"replies":[{"embeddable":true,"href":"https:\/\/nordicmart.andreevmaster.com\/fi\/wp-json\/wp\/v2\/comments?post=38026"}],"wp:featuredmedia":[{"embeddable":true,"href":"https:\/\/nordicmart.andreevmaster.com\/fi\/wp-json\/wp\/v2\/media\/45864"}],"wp:attachment":[{"href":"https:\/\/nordicmart.andreevmaster.com\/fi\/wp-json\/wp\/v2\/media?parent=38026"}],"wp:term":[{"taxonomy":"product_brand","embeddable":true,"href":"https:\/\/nordicmart.andreevmaster.com\/fi\/wp-json\/wp\/v2\/product_brand?post=38026"},{"taxonomy":"product_cat","embeddable":true,"href":"https:\/\/nordicmart.andreevmaster.com\/fi\/wp-json\/wp\/v2\/product_cat?post=38026"},{"taxonomy":"product_tag","embeddable":true,"href":"https:\/\/nordicmart.andreevmaster.com\/fi\/wp-json\/wp\/v2\/product_tag?post=38026"}],"curies":[{"name":"wp","href":"https:\/\/api.w.org\/{rel}","templated":true}]}}