{"id":38025,"date":"2026-02-27T00:42:01","date_gmt":"2026-02-27T00:42:01","guid":{"rendered":"https:\/\/nordicmart.andreevmaster.com\/product\/songmics-sailytyslaatikko-6-kpln-sarja-vintage-ruskea-musta\/"},"modified":"2026-02-27T09:58:02","modified_gmt":"2026-02-27T09:58:02","slug":"songmics-sailytyslaatikko-6-kpln-sarja-vintage-ruskea-musta","status":"publish","type":"product","link":"https:\/\/nordicmart.andreevmaster.com\/fi\/tuote\/songmics-sailytyslaatikko-6-kpln-sarja-vintage-ruskea-musta\/","title":{"rendered":"SONGMICS s\u00e4ilytyslaatikko 6 kpl:n sarja vintage-ruskea-musta"},"content":{"rendered":"<p>SONGMICS s\u00e4ilytyslaatikko, 8 kpl:n sarja, s\u00e4ilytyslaatikot, taitettava laatikko, 33 x 33 x 33 cm, kangaslaatikko, kuutiohyllyyn, vaatteiden j\u00e4rjestelij\u00e4, makuuhuoneeseen tai olohuoneeseen, vintage-ruskea-musta RFB833B01<br \/>\nV\u00e4ri: vintage-ruskea-musta<br \/>\nMateriaali: kuitukangas, Oxford-kangas, PP-muovi (polypropeeni)<br \/>\nKoko per laatikko: 33 x 33 x 33 cm (P x L x K)<br \/>\nKokonaispaino: 3,8 kg<br \/>\nEnimm\u00e4iskantavuus per laatikko: 5 kg<\/p>\n","protected":false},"excerpt":{"rendered":"<p>SONGMICS s\u00e4ilytyslaatikko, 8 kpl:n sarja, s\u00e4ilytyslaatikot, taitettava laatikko, 33 x 33 x 33 cm, kangaslaatikko, kuutiohyllyyn, vaatteiden j\u00e4rjestelij\u00e4, makuuhuoneeseen tai olohuoneeseen, vintage-ruskea-musta RFB833B01<\/p>\n","protected":false},"featured_media":45863,"comment_status":"open","ping_status":"closed","template":"","meta":[],"product_brand":[],"product_cat":[32],"product_tag":[],"class_list":{"0":"post-38025","1":"product","2":"type-product","3":"status-publish","4":"has-post-thumbnail","6":"product_cat-uncategorized-fi","8":"first","9":"instock","10":"shipping-taxable","11":"purchasable","12":"product-type-simple"},"_links":{"self":[{"href":"https:\/\/nordicmart.andreevmaster.com\/fi\/wp-json\/wp\/v2\/product\/38025","targetHints":{"allow":["GET"]}}],"collection":[{"href":"https:\/\/nordicmart.andreevmaster.com\/fi\/wp-json\/wp\/v2\/product"}],"about":[{"href":"https:\/\/nordicmart.andreevmaster.com\/fi\/wp-json\/wp\/v2\/types\/product"}],"replies":[{"embeddable":true,"href":"https:\/\/nordicmart.andreevmaster.com\/fi\/wp-json\/wp\/v2\/comments?post=38025"}],"wp:featuredmedia":[{"embeddable":true,"href":"https:\/\/nordicmart.andreevmaster.com\/fi\/wp-json\/wp\/v2\/media\/45863"}],"wp:attachment":[{"href":"https:\/\/nordicmart.andreevmaster.com\/fi\/wp-json\/wp\/v2\/media?parent=38025"}],"wp:term":[{"taxonomy":"product_brand","embeddable":true,"href":"https:\/\/nordicmart.andreevmaster.com\/fi\/wp-json\/wp\/v2\/product_brand?post=38025"},{"taxonomy":"product_cat","embeddable":true,"href":"https:\/\/nordicmart.andreevmaster.com\/fi\/wp-json\/wp\/v2\/product_cat?post=38025"},{"taxonomy":"product_tag","embeddable":true,"href":"https:\/\/nordicmart.andreevmaster.com\/fi\/wp-json\/wp\/v2\/product_tag?post=38025"}],"curies":[{"name":"wp","href":"https:\/\/api.w.org\/{rel}","templated":true}]}}