{"id":38023,"date":"2026-02-27T00:42:01","date_gmt":"2026-02-27T00:42:01","guid":{"rendered":"https:\/\/nordicmart.andreevmaster.com\/product\/songmics-taitettavat-laatikot-vintage-ruskea-musta\/"},"modified":"2026-02-27T09:58:01","modified_gmt":"2026-02-27T09:58:01","slug":"songmics-taitettavat-laatikot-vintage-ruskea-musta","status":"publish","type":"product","link":"https:\/\/nordicmart.andreevmaster.com\/fi\/tuote\/songmics-taitettavat-laatikot-vintage-ruskea-musta\/","title":{"rendered":"SONGMICS taitettavat laatikot, vintage-ruskea-musta"},"content":{"rendered":"<p>Luo lis\u00e4\u00e4 tilaa Sekoittuvatko k\u00e4ytetyt vaatteesi pesem\u00e4tt\u00f6mien vaatteiden sekaan? Onko kirjahylly jo t\u00e4ynn\u00e4 ja kirjat kellastuvat lattialla? Eiv\u00e4tk\u00f6 ker\u00e4ilyesineesi l\u00f6yd\u00e4 sopivaa paikkaa ja ker\u00e4\u00e4v\u00e4t p\u00f6ly\u00e4 huoneen nurkissa? Etsitk\u00f6 jatkuvasti ja kiireesti ratkaisuja? N\u00e4m\u00e4 s\u00e4ilytyslaatikot ovat ihanteellinen valinta sinulle. Sopii kaikkialle Vaatekaapin p\u00e4\u00e4lle, kirjahyllyyn, sohvap\u00f6yd\u00e4n alle, s\u00e4ngyn alle, kellariin tai ullakolle&#8230; vaatteille, lehdille, CD-levyille tai matkamuistoille&#8230; S\u00e4ilytyslaatikoiden avulla saat asuntosi helposti takaisin j\u00e4rjestykseen, ik\u00e4\u00e4n kuin se ei olisi koskaan ollutkaan sekaisin. Tuotetiedot: &#8211; V\u00e4ri: vintage-ruskea-musta &#8211; Materiaali: pahvi, kuitukangas, Oxford-kangas &#8211; Koko per laatikko: 30 x 40 x 25 cm (L x S x K) &#8211; 3 laatikon kokonaispaino: 2,4 kg &#8211; Maks. staattinen kantavuus per laatikko: 3 kg Toimitus sis\u00e4lt\u00e4\u00e4: &#8211; 3 x s\u00e4ilytyslaatikko SONGMICS Huomautukset:- Tuote saattaa tuoksua hieman avattaessa. Siirr\u00e4 se t\u00e4ll\u00f6in hyvin ilmastoituun paikkaan. Haju h\u00e4vi\u00e4\u00e4 lyhyen ajan kuluttua. &#8211; \u00c4l\u00e4 altista tuotetta pitk\u00e4\u00e4n suoralle auringonvalolle tai korkealle kosteudelle. &#8211; \u00c4l\u00e4 pese tuotetta suoraan vedell\u00e4. Pyyhi se kostealla liinalla lian poistamiseksi.<\/p>\n","protected":false},"excerpt":{"rendered":"<p>SONGMICS taitettavat laatikot, s\u00e4ilytyslaatikot, 3 kpl, kannella ja etikettipidikkeell\u00e4, leluille ja vaatteille, 30 x 40 x 25 cm, kuitukankaasta, vintage-ruskea-musta RFB103B01<\/p>\n","protected":false},"featured_media":45861,"comment_status":"open","ping_status":"closed","template":"","meta":[],"product_brand":[],"product_cat":[32],"product_tag":[],"class_list":{"0":"post-38023","1":"product","2":"type-product","3":"status-publish","4":"has-post-thumbnail","6":"product_cat-uncategorized-fi","8":"first","9":"instock","10":"shipping-taxable","11":"purchasable","12":"product-type-simple"},"_links":{"self":[{"href":"https:\/\/nordicmart.andreevmaster.com\/fi\/wp-json\/wp\/v2\/product\/38023","targetHints":{"allow":["GET"]}}],"collection":[{"href":"https:\/\/nordicmart.andreevmaster.com\/fi\/wp-json\/wp\/v2\/product"}],"about":[{"href":"https:\/\/nordicmart.andreevmaster.com\/fi\/wp-json\/wp\/v2\/types\/product"}],"replies":[{"embeddable":true,"href":"https:\/\/nordicmart.andreevmaster.com\/fi\/wp-json\/wp\/v2\/comments?post=38023"}],"wp:featuredmedia":[{"embeddable":true,"href":"https:\/\/nordicmart.andreevmaster.com\/fi\/wp-json\/wp\/v2\/media\/45861"}],"wp:attachment":[{"href":"https:\/\/nordicmart.andreevmaster.com\/fi\/wp-json\/wp\/v2\/media?parent=38023"}],"wp:term":[{"taxonomy":"product_brand","embeddable":true,"href":"https:\/\/nordicmart.andreevmaster.com\/fi\/wp-json\/wp\/v2\/product_brand?post=38023"},{"taxonomy":"product_cat","embeddable":true,"href":"https:\/\/nordicmart.andreevmaster.com\/fi\/wp-json\/wp\/v2\/product_cat?post=38023"},{"taxonomy":"product_tag","embeddable":true,"href":"https:\/\/nordicmart.andreevmaster.com\/fi\/wp-json\/wp\/v2\/product_tag?post=38023"}],"curies":[{"name":"wp","href":"https:\/\/api.w.org\/{rel}","templated":true}]}}