{"id":38022,"date":"2026-02-27T00:42:00","date_gmt":"2026-02-27T00:42:00","guid":{"rendered":"https:\/\/nordicmart.andreevmaster.com\/product\/songmics-sailytyslaatikko-6-kpl-kastanjanruskea\/"},"modified":"2026-02-27T09:58:01","modified_gmt":"2026-02-27T09:58:01","slug":"songmics-sailytyslaatikko-6-kpl-kastanjanruskea","status":"publish","type":"product","link":"https:\/\/nordicmart.andreevmaster.com\/fi\/tuote\/songmics-sailytyslaatikko-6-kpl-kastanjanruskea\/","title":{"rendered":"SONGMICS s\u00e4ilytyslaatikko, 6 kpl, kastanjanruskea"},"content":{"rendered":"<p>SONGMICS s\u00e4ilytyslaatikko, 6 kpl:n sarja, s\u00e4ilytyslaatikot, kuitukangas, taitettava laatikko, 33 x 33 x 33 cm, kangaslaatikko, kuutiohyllylle, vaatteiden j\u00e4rjestelij\u00e4<br \/>\nV\u00e4ri: kastanjanruskea<br \/>\nMateriaali: pahvi, kuitukangas, Oxford-kangas<br \/>\nKoko per laatikko: 30 x 30 x 30 cm (S x L x K)<br \/>\nKokonaispaino: 3,4 kg<br \/>\nMaks. staattinen kantavuus per laatikko: 5 kg<\/p>\n","protected":false},"excerpt":{"rendered":"<p>SONGMICS s\u00e4ilytyslaatikko, 6 kpl:n sarja, s\u00e4ilytyslaatikot, kuitukangas, taitettava laatikko, 33 x 33 x 33 cm, kangaslaatikko, kuutiohyllylle, vaatteiden j\u00e4rjestelij\u00e4<\/p>\n","protected":false},"featured_media":45860,"comment_status":"open","ping_status":"closed","template":"","meta":[],"product_brand":[],"product_cat":[32],"product_tag":[],"class_list":{"0":"post-38022","1":"product","2":"type-product","3":"status-publish","4":"has-post-thumbnail","6":"product_cat-uncategorized-fi","8":"first","9":"instock","10":"shipping-taxable","11":"purchasable","12":"product-type-simple"},"_links":{"self":[{"href":"https:\/\/nordicmart.andreevmaster.com\/fi\/wp-json\/wp\/v2\/product\/38022","targetHints":{"allow":["GET"]}}],"collection":[{"href":"https:\/\/nordicmart.andreevmaster.com\/fi\/wp-json\/wp\/v2\/product"}],"about":[{"href":"https:\/\/nordicmart.andreevmaster.com\/fi\/wp-json\/wp\/v2\/types\/product"}],"replies":[{"embeddable":true,"href":"https:\/\/nordicmart.andreevmaster.com\/fi\/wp-json\/wp\/v2\/comments?post=38022"}],"wp:featuredmedia":[{"embeddable":true,"href":"https:\/\/nordicmart.andreevmaster.com\/fi\/wp-json\/wp\/v2\/media\/45860"}],"wp:attachment":[{"href":"https:\/\/nordicmart.andreevmaster.com\/fi\/wp-json\/wp\/v2\/media?parent=38022"}],"wp:term":[{"taxonomy":"product_brand","embeddable":true,"href":"https:\/\/nordicmart.andreevmaster.com\/fi\/wp-json\/wp\/v2\/product_brand?post=38022"},{"taxonomy":"product_cat","embeddable":true,"href":"https:\/\/nordicmart.andreevmaster.com\/fi\/wp-json\/wp\/v2\/product_cat?post=38022"},{"taxonomy":"product_tag","embeddable":true,"href":"https:\/\/nordicmart.andreevmaster.com\/fi\/wp-json\/wp\/v2\/product_tag?post=38022"}],"curies":[{"name":"wp","href":"https:\/\/api.w.org\/{rel}","templated":true}]}}