{"id":38020,"date":"2026-02-27T00:42:00","date_gmt":"2026-02-27T00:42:00","guid":{"rendered":"https:\/\/nordicmart.andreevmaster.com\/product\/songmics-3-kpl-taitettavat-laatikot-lapsille\/"},"modified":"2026-02-27T09:58:01","modified_gmt":"2026-02-27T09:58:01","slug":"songmics-3-kpl-taitettavat-laatikot-lapsille","status":"publish","type":"product","link":"https:\/\/nordicmart.andreevmaster.com\/fi\/tuote\/songmics-3-kpl-taitettavat-laatikot-lapsille\/","title":{"rendered":"SONGMICS 3 kpl taitettavat laatikot lapsille"},"content":{"rendered":"<p>Tervetuloa el\u00e4intarhaan! Rakastaako lapsesi el\u00e4imi\u00e4? Yst\u00e4v\u00e4llinen leijona, suloinen kissanpentu ja s\u00f6p\u00f6 j\u00e4nis kutsuvat pienokaisesi matkalle upeaan maailmaansa ja rohkaisevat rakkaasi ottamaan tavaransa itse ja siivoamaan ne. Anna enemm\u00e4n, ota v\u00e4hemm\u00e4n. T\u00e4m\u00e4 lapsiyst\u00e4v\u00e4llinen ja kest\u00e4v\u00e4 laatikko sopii t\u00e4ydellisesti olohuoneeseesi, makuuhuoneeseesi tai lastenhuoneeseesi ja tarjoaa runsaasti tilaa tavaroillesi. Kun laatikkoa ei k\u00e4ytet\u00e4, se voidaan taittaa kokoon ja s\u00e4ilytt\u00e4\u00e4 tilaa s\u00e4\u00e4st\u00e4en. Tuotetiedot: &#8211; V\u00e4ri: sininen-vihre\u00e4-vaaleanpunainen &#8211; Materiaali: pahvi, kuitukangas &#8211; Koko per s\u00e4ilytyslaatikko: 30 x 30 x 30 cm (P x L x K) &#8211; Paino: 1,7 kg Toimitus sis\u00e4lt\u00e4\u00e4: &#8211; 3 x s\u00e4ilytyslaatikko SONGMICS-ohjeet:- Pid\u00e4 tuote poissa tulen l\u00e4hteist\u00e4. &#8211; \u00c4l\u00e4 pese tuotetta suoraan vedell\u00e4. &#8211; \u00c4l\u00e4 s\u00e4ilyt\u00e4 laatikossa liian paljon tai liian suuria esineit\u00e4. &#8211; Tuote saattaa tuoksua hieman avattaessa. Siirr\u00e4 se t\u00e4ll\u00f6in hyvin ilmastoituun paikkaan. Tuoksu h\u00e4vi\u00e4\u00e4 pian.<\/p>\n","protected":false},"excerpt":{"rendered":"<p>SONGMICS s\u00e4ilytyslaatikot, 3 kpl, taitettavat laatikot, kangaskotelot, kussakin 2 kahvaa, s\u00e4ilytyslaatikot, 30 x 30 x 30 cm, lastenhuoneeseen, leikkihuoneeseen, el\u00e4inaiheiset, sininen-vihre\u00e4-vaaleanpunainen RFB075P01<\/p>\n","protected":false},"featured_media":45858,"comment_status":"open","ping_status":"closed","template":"","meta":[],"product_brand":[],"product_cat":[32],"product_tag":[],"class_list":{"0":"post-38020","1":"product","2":"type-product","3":"status-publish","4":"has-post-thumbnail","6":"product_cat-uncategorized-fi","8":"first","9":"instock","10":"shipping-taxable","11":"purchasable","12":"product-type-simple"},"_links":{"self":[{"href":"https:\/\/nordicmart.andreevmaster.com\/fi\/wp-json\/wp\/v2\/product\/38020","targetHints":{"allow":["GET"]}}],"collection":[{"href":"https:\/\/nordicmart.andreevmaster.com\/fi\/wp-json\/wp\/v2\/product"}],"about":[{"href":"https:\/\/nordicmart.andreevmaster.com\/fi\/wp-json\/wp\/v2\/types\/product"}],"replies":[{"embeddable":true,"href":"https:\/\/nordicmart.andreevmaster.com\/fi\/wp-json\/wp\/v2\/comments?post=38020"}],"wp:featuredmedia":[{"embeddable":true,"href":"https:\/\/nordicmart.andreevmaster.com\/fi\/wp-json\/wp\/v2\/media\/45858"}],"wp:attachment":[{"href":"https:\/\/nordicmart.andreevmaster.com\/fi\/wp-json\/wp\/v2\/media?parent=38020"}],"wp:term":[{"taxonomy":"product_brand","embeddable":true,"href":"https:\/\/nordicmart.andreevmaster.com\/fi\/wp-json\/wp\/v2\/product_brand?post=38020"},{"taxonomy":"product_cat","embeddable":true,"href":"https:\/\/nordicmart.andreevmaster.com\/fi\/wp-json\/wp\/v2\/product_cat?post=38020"},{"taxonomy":"product_tag","embeddable":true,"href":"https:\/\/nordicmart.andreevmaster.com\/fi\/wp-json\/wp\/v2\/product_tag?post=38020"}],"curies":[{"name":"wp","href":"https:\/\/api.w.org\/{rel}","templated":true}]}}