{"id":38019,"date":"2026-02-27T00:41:59","date_gmt":"2026-02-27T00:41:59","guid":{"rendered":"https:\/\/nordicmart.andreevmaster.com\/product\/songmics-sailytyslaatikot-6-kpl\/"},"modified":"2026-02-27T09:58:00","modified_gmt":"2026-02-27T09:58:00","slug":"songmics-sailytyslaatikot-6-kpl","status":"publish","type":"product","link":"https:\/\/nordicmart.andreevmaster.com\/fi\/tuote\/songmics-sailytyslaatikot-6-kpl\/","title":{"rendered":"SONGMICS s\u00e4ilytyslaatikot, 6 kpl"},"content":{"rendered":"<p>Oletko huomannut, ett\u00e4 pikkuesineit\u00e4 kertyy jatkuvasti ja kotisi on aina kaaoksessa? Haluatko j\u00e4rjest\u00e4\u00e4 kaikki matkamuistosi, siivota vaatekaappisi tai tuoda j\u00e4rjestyst\u00e4 lastenhuoneeseen? Sitten t\u00e4m\u00e4 6 taitettavan laatikon sarja on sinulle loistava valinta. Edut yhdell\u00e4 silm\u00e4yksell\u00e4: &#8211; Laadukkaat materiaalit antavat jokaiselle laatikolle muodonpit\u00e4v\u00e4n rakenteen, joka kest\u00e4\u00e4 jopa 5 kg:n painon. &#8211; Laatikot sopivat useimpiin kuutio-s\u00e4ilytysj\u00e4rjestelmiin.- Laatikoita voidaan taittaa litteiksi ja s\u00e4ilytt\u00e4\u00e4 helposti, kun niit\u00e4 ei k\u00e4ytet\u00e4. &#8211; Laatikoiden silmukoiden ansiosta ne on helppo vet\u00e4\u00e4 hyllylt\u00e4. &#8211; Sis\u00e4ll\u00e4 oleva silmukka auttaa sinua poistamaan pohjalevyn helposti ja taitamaan kangaslaatikon helposti. &#8211; Siistit saumat antavat laadukkaan vaikutelman.- Kangaslaatikot ovat hengitt\u00e4v\u00e4mpi\u00e4 kuin muovilaatikot, joten ne p\u00e4\u00e4st\u00e4v\u00e4t raitista ilmaa sis\u00e4ll\u00e4 s\u00e4ilytett\u00e4viin vaatteisiin. Tuotetiedot: &#8211; V\u00e4ri: harmaa, musta, beige &#8211; Materiaali: 2 mm paksu pahvi, 80 g\/\u33a1 kuitukangas &#8211; Koko: 30 x 30 x 30 cm (P x L x K) &#8211; Paino: 3,5 kg &#8211; Maks. kuutio: 5 kgToimitus sis\u00e4lt\u00e4\u00e4:- 2 x laatikko harmaana- 2 x laatikko mustana- 2 x laatikko beigeen\u00e4SONGMICS-ohjeet:- Pyyhi pinta p\u00e4ivitt\u00e4isess\u00e4 puhdistuksessa hieman kostealla liinalla ja anna tuotteen kuivua ilmassa; \u00c4L\u00c4 pese vedell\u00e4.- Tuote saattaa tuoksua hieman avattaessa. Siin\u00e4 tapauksessa aseta se muutamaksi tunniksi hyvin tuuletettuun paikkaan.<\/p>\n","protected":false},"excerpt":{"rendered":"<p>SONGMICS s\u00e4ilytyslaatikko, 6 kpl:n sarja, taitettava kangaslaatikko, taitettava kuitukangaslaatikko, kuutio, s\u00e4ilytyskori, j\u00e4rjestelij\u00e4 leluille, vaatteille, 2 harmaata, 2 mustaa, 2 beige\u00e4 RFB06GHM<\/p>\n","protected":false},"featured_media":45857,"comment_status":"open","ping_status":"closed","template":"","meta":[],"product_brand":[],"product_cat":[32],"product_tag":[],"class_list":{"0":"post-38019","1":"product","2":"type-product","3":"status-publish","4":"has-post-thumbnail","6":"product_cat-uncategorized-fi","8":"first","9":"instock","10":"shipping-taxable","11":"purchasable","12":"product-type-simple"},"_links":{"self":[{"href":"https:\/\/nordicmart.andreevmaster.com\/fi\/wp-json\/wp\/v2\/product\/38019","targetHints":{"allow":["GET"]}}],"collection":[{"href":"https:\/\/nordicmart.andreevmaster.com\/fi\/wp-json\/wp\/v2\/product"}],"about":[{"href":"https:\/\/nordicmart.andreevmaster.com\/fi\/wp-json\/wp\/v2\/types\/product"}],"replies":[{"embeddable":true,"href":"https:\/\/nordicmart.andreevmaster.com\/fi\/wp-json\/wp\/v2\/comments?post=38019"}],"wp:featuredmedia":[{"embeddable":true,"href":"https:\/\/nordicmart.andreevmaster.com\/fi\/wp-json\/wp\/v2\/media\/45857"}],"wp:attachment":[{"href":"https:\/\/nordicmart.andreevmaster.com\/fi\/wp-json\/wp\/v2\/media?parent=38019"}],"wp:term":[{"taxonomy":"product_brand","embeddable":true,"href":"https:\/\/nordicmart.andreevmaster.com\/fi\/wp-json\/wp\/v2\/product_brand?post=38019"},{"taxonomy":"product_cat","embeddable":true,"href":"https:\/\/nordicmart.andreevmaster.com\/fi\/wp-json\/wp\/v2\/product_cat?post=38019"},{"taxonomy":"product_tag","embeddable":true,"href":"https:\/\/nordicmart.andreevmaster.com\/fi\/wp-json\/wp\/v2\/product_tag?post=38019"}],"curies":[{"name":"wp","href":"https:\/\/api.w.org\/{rel}","templated":true}]}}