{"id":38016,"date":"2026-02-27T00:41:59","date_gmt":"2026-02-27T00:41:59","guid":{"rendered":"https:\/\/nordicmart.andreevmaster.com\/product\/songmics-sailytyslaatikot-3-kpl-musta\/"},"modified":"2026-02-27T09:58:00","modified_gmt":"2026-02-27T09:58:00","slug":"songmics-sailytyslaatikot-3-kpl-musta","status":"publish","type":"product","link":"https:\/\/nordicmart.andreevmaster.com\/fi\/tuote\/songmics-sailytyslaatikot-3-kpl-musta\/","title":{"rendered":"SONGMICS s\u00e4ilytyslaatikot 3 kpl musta"},"content":{"rendered":"<p>Tuotekuvaus:  T\u00e4m\u00e4 Songmics-s\u00e4ilytyslaatikko yhdist\u00e4\u00e4 sopivat mitat (40 x 25 x 30 cm) ja harkitun muotoilun ja tuo j\u00e4rjestyst\u00e4 kotiisi. Vankka rakenne ja korkealaatuinen materiaali takaavat laatikon pitk\u00e4n k\u00e4ytt\u00f6i\u00e4n; kahvojen ansiosta laatikkoa on helppo siirt\u00e4\u00e4 ja ty\u00f6nt\u00e4\u00e4; hieno kansi suojaa tavaroitasi p\u00f6lylt\u00e4. Klassinen musta sopii kaikkiin sisustustyyleihin. Osta t\u00e4m\u00e4 laatikko ja saat j\u00e4rjestyst\u00e4 ymp\u00e4rist\u00f6\u00f6si! Tuotetiedot: &#8211; V\u00e4ri: musta &#8211; Materiaali: kuitukangas, pahvi &#8211; Mitat: 40 x 25 x 30 cm (L x K x S) &#8211; Paino: 3,1 kg \/ sarja Toimitus sis\u00e4lt\u00e4\u00e4: &#8211; 3 x s\u00e4ilytyslaatikko Huomautukset: &#8211; Tuote saattaa tuoksua &#8221;uudelta&#8221; avattaessa. Tuoksu ei ole haitallista ja h\u00e4vi\u00e4\u00e4 muutamassa tunnissa, kun tuote on tuuletettu. &#8211; \u00c4l\u00e4 pese vedell\u00e4. Pyyhi tahrat ja lika pinnalta hieman kostealla liinalla ja anna kuivua tuuletetussa paikassa. <\/p>\n","protected":false},"excerpt":{"rendered":"<p>SONGMICS 3 kpl taitettavaa laatikkoa kannella Taitettava s\u00e4ilytyslaatikko Kangaslaatikko 40 x 30 x 25 cm Musta RFB03H<\/p>\n","protected":false},"featured_media":45854,"comment_status":"open","ping_status":"closed","template":"","meta":[],"product_brand":[],"product_cat":[32],"product_tag":[],"class_list":{"0":"post-38016","1":"product","2":"type-product","3":"status-publish","4":"has-post-thumbnail","6":"product_cat-uncategorized-fi","8":"first","9":"instock","10":"shipping-taxable","11":"purchasable","12":"product-type-simple"},"_links":{"self":[{"href":"https:\/\/nordicmart.andreevmaster.com\/fi\/wp-json\/wp\/v2\/product\/38016","targetHints":{"allow":["GET"]}}],"collection":[{"href":"https:\/\/nordicmart.andreevmaster.com\/fi\/wp-json\/wp\/v2\/product"}],"about":[{"href":"https:\/\/nordicmart.andreevmaster.com\/fi\/wp-json\/wp\/v2\/types\/product"}],"replies":[{"embeddable":true,"href":"https:\/\/nordicmart.andreevmaster.com\/fi\/wp-json\/wp\/v2\/comments?post=38016"}],"wp:featuredmedia":[{"embeddable":true,"href":"https:\/\/nordicmart.andreevmaster.com\/fi\/wp-json\/wp\/v2\/media\/45854"}],"wp:attachment":[{"href":"https:\/\/nordicmart.andreevmaster.com\/fi\/wp-json\/wp\/v2\/media?parent=38016"}],"wp:term":[{"taxonomy":"product_brand","embeddable":true,"href":"https:\/\/nordicmart.andreevmaster.com\/fi\/wp-json\/wp\/v2\/product_brand?post=38016"},{"taxonomy":"product_cat","embeddable":true,"href":"https:\/\/nordicmart.andreevmaster.com\/fi\/wp-json\/wp\/v2\/product_cat?post=38016"},{"taxonomy":"product_tag","embeddable":true,"href":"https:\/\/nordicmart.andreevmaster.com\/fi\/wp-json\/wp\/v2\/product_tag?post=38016"}],"curies":[{"name":"wp","href":"https:\/\/api.w.org\/{rel}","templated":true}]}}