{"id":38015,"date":"2026-02-27T00:41:58","date_gmt":"2026-02-27T00:41:58","guid":{"rendered":"https:\/\/nordicmart.andreevmaster.com\/product\/songmics-taitettavat-laatikot-kannella\/"},"modified":"2026-02-27T09:58:00","modified_gmt":"2026-02-27T09:58:00","slug":"songmics-taitettavat-laatikot-kannella","status":"publish","type":"product","link":"https:\/\/nordicmart.andreevmaster.com\/fi\/tuote\/songmics-taitettavat-laatikot-kannella\/","title":{"rendered":"SONGMICS-taitettavat laatikot kannella"},"content":{"rendered":"<p>Oletko huomannut, ett\u00e4 pikkuesineit\u00e4 kertyy jatkuvasti ja kotisi on aina kaaoksessa? Haluatko j\u00e4rjest\u00e4\u00e4 kaikki matkamuistosi, siivota vaatekaappisi tai tuoda j\u00e4rjestyst\u00e4 lastenhuoneeseen? Sitten t\u00e4m\u00e4 3 taitettavan laatikon sarja on sinulle loistava valinta.S\u00e4ilytyslaatikkosetti kaikkiin tilanteisiin: vaatekaappiin, kirjahyllylle, ty\u00f6p\u00f6yd\u00e4lle, lastenhuoneeseen tai sohvap\u00f6yd\u00e4n alle. Mihin n\u00e4m\u00e4 kangaslaatikot laitetaan? P\u00e4\u00e4t\u00f6s on sinun! Edut yhdell\u00e4 silm\u00e4yksell\u00e4: Pastelliv\u00e4ri tuo raikkautta huoneeseesi. Laadukkaat materiaalit antavat jokaiselle laatikolle muodonpit\u00e4v\u00e4n rakenteen.K\u00e4\u00e4nnett\u00e4v\u00e4n kannen ansiosta voit s\u00e4ilytt\u00e4\u00e4 esineit\u00e4 p\u00f6lytt\u00f6m\u00e4sti ja poissa n\u00e4kyvist\u00e4 n\u00e4iss\u00e4 laatikoissa. Laatikoita voi taittaa litteiksi ja s\u00e4ilytt\u00e4\u00e4 helposti, kun niit\u00e4 ei k\u00e4ytet\u00e4. Etikettipidike auttaa sinua l\u00f6yt\u00e4m\u00e4\u00e4n kaikki tarvitsemasi esineet yhdell\u00e4 silm\u00e4yksell\u00e4.Ommellut kahvat helpottavat laatikoiden kuljettamista. Sis\u00e4ll\u00e4 oleva silmukka auttaa sinua poistamaan pohjalevyn helposti ja taitamaan kangaslaatikon helposti kasaan. Siistit saumat antavat laadukkaan vaikutelman. SONGMICS:lt\u00e4 l\u00f6yd\u00e4t monia muita s\u00e4ilytyslaatikoita. L\u00f6yd\u00e4 siivoamisen taika, joka muuttaa arjesi.Tuotetiedot: V\u00e4ri: vihre\u00e4 Materiaali: 80 g\/\u33a1 kuitukangas, 2 mm paksu pahvi Koko: 40 x 30 x 25 cm (P x L x K) Paino: 2,3 kg Maks. staattinen kantavuus per laatikko: 5 kg Toimitus sis\u00e4lt\u00e4\u00e4: 3 x s\u00e4ilytyslaatikko SONGMICS-ohjeet:Pyyhi pinta p\u00e4ivitt\u00e4isess\u00e4 puhdistuksessa hieman kostealla liinalla ja anna tuotteen kuivua ilmassa; \u00c4L\u00c4 pese juoksevalla vedell\u00e4. Tuote saattaa tuoksua hieman avattaessa. Siin\u00e4 tapauksessa aseta se muutamaksi tunniksi hyvin tuuletettuun paikkaan.<\/p>\n","protected":false},"excerpt":{"rendered":"<p>SONGMICS 3 kpl taitettavaa laatikkoa kannella Taitettava s\u00e4ilytyslaatikko Kangaslaatikko 40 x 30 x 25 cm Musta RFB03H<\/p>\n","protected":false},"featured_media":45853,"comment_status":"open","ping_status":"closed","template":"","meta":[],"product_brand":[],"product_cat":[32],"product_tag":[],"class_list":{"0":"post-38015","1":"product","2":"type-product","3":"status-publish","4":"has-post-thumbnail","6":"product_cat-uncategorized-fi","8":"first","9":"instock","10":"shipping-taxable","11":"purchasable","12":"product-type-simple"},"_links":{"self":[{"href":"https:\/\/nordicmart.andreevmaster.com\/fi\/wp-json\/wp\/v2\/product\/38015","targetHints":{"allow":["GET"]}}],"collection":[{"href":"https:\/\/nordicmart.andreevmaster.com\/fi\/wp-json\/wp\/v2\/product"}],"about":[{"href":"https:\/\/nordicmart.andreevmaster.com\/fi\/wp-json\/wp\/v2\/types\/product"}],"replies":[{"embeddable":true,"href":"https:\/\/nordicmart.andreevmaster.com\/fi\/wp-json\/wp\/v2\/comments?post=38015"}],"wp:featuredmedia":[{"embeddable":true,"href":"https:\/\/nordicmart.andreevmaster.com\/fi\/wp-json\/wp\/v2\/media\/45853"}],"wp:attachment":[{"href":"https:\/\/nordicmart.andreevmaster.com\/fi\/wp-json\/wp\/v2\/media?parent=38015"}],"wp:term":[{"taxonomy":"product_brand","embeddable":true,"href":"https:\/\/nordicmart.andreevmaster.com\/fi\/wp-json\/wp\/v2\/product_brand?post=38015"},{"taxonomy":"product_cat","embeddable":true,"href":"https:\/\/nordicmart.andreevmaster.com\/fi\/wp-json\/wp\/v2\/product_cat?post=38015"},{"taxonomy":"product_tag","embeddable":true,"href":"https:\/\/nordicmart.andreevmaster.com\/fi\/wp-json\/wp\/v2\/product_tag?post=38015"}],"curies":[{"name":"wp","href":"https:\/\/api.w.org\/{rel}","templated":true}]}}