{"id":38014,"date":"2026-02-27T00:41:58","date_gmt":"2026-02-27T00:41:58","guid":{"rendered":"https:\/\/nordicmart.andreevmaster.com\/product\/songmics-kangaskotelot-kannella-3-kpl-harmaa\/"},"modified":"2026-02-27T09:58:00","modified_gmt":"2026-02-27T09:58:00","slug":"songmics-kangaskotelot-kannella-3-kpl-harmaa","status":"publish","type":"product","link":"https:\/\/nordicmart.andreevmaster.com\/fi\/tuote\/songmics-kangaskotelot-kannella-3-kpl-harmaa\/","title":{"rendered":"SONGMICS kangaskotelot kannella, 3 kpl, harmaa"},"content":{"rendered":"<p>T\u00e4m\u00e4 suuri s\u00e4ilytyslaatikko kannella on p\u00f6lytiivis ja taitettava. Sis\u00e4\u00e4nrakennettu PP-tarraikkuna mahdollistaa s\u00e4ilytett\u00e4vien esineiden merkitsemisen. Eritt\u00e4in tilava laatikko ilman pohjaa (mitat: 40 x 25 x 30 cm (L x K x S)) sopii vaatteiden, lelujen, lehtien jne. s\u00e4ilytykseen.Hyvin suunniteltu etiketti: PP-etikettiluukun ja mukana toimitettujen etikettien ansiosta voit merkit\u00e4 s\u00e4ilytett\u00e4v\u00e4n sis\u00e4ll\u00f6n, jotta l\u00f6yd\u00e4t s\u00e4ilytett\u00e4v\u00e4t esineet nopeasti. Koteloa on helppo kantaa molemmilla puolilla olevien kahvojen ansiosta.Kun laatikoita ei k\u00e4ytet\u00e4, ne voidaan taittaa kokoon ja s\u00e4ilytt\u00e4\u00e4 tilaa s\u00e4\u00e4st\u00e4en. Tuotetiedot: V\u00e4ri: musta Materiaali: kuitukangas, pahvi Mitat: 40 x 25 x 30 cm (L x K x S) Paino: 3,1 kg \/ sarja Toimitus sis\u00e4lt\u00e4\u00e4: 3 x s\u00e4ilytyslaatikko Huomautukset:Tuote saattaa tuoksua &#8221;uudelta&#8221; avattaessa. Tuoksu ei ole haitallista ja h\u00e4vi\u00e4\u00e4 muutamassa tunnissa, kun tuote on tuuletettu. \u00c4l\u00e4 pese vedell\u00e4. Pyyhi tahrat ja lika pinnalta hieman kostealla liinalla ja anna kuivua tuuletetussa paikassa.<\/p>\n","protected":false},"excerpt":{"rendered":"<p>SONGMICS 3 kpl taitettavaa laatikkoa kannella Taitettava s\u00e4ilytyslaatikko Kangaslaatikko 40 x 30 x 25 cm Musta RFB03H<\/p>\n","protected":false},"featured_media":45852,"comment_status":"open","ping_status":"closed","template":"","meta":[],"product_brand":[],"product_cat":[32],"product_tag":[],"class_list":{"0":"post-38014","1":"product","2":"type-product","3":"status-publish","4":"has-post-thumbnail","6":"product_cat-uncategorized-fi","8":"first","9":"instock","10":"shipping-taxable","11":"purchasable","12":"product-type-simple"},"_links":{"self":[{"href":"https:\/\/nordicmart.andreevmaster.com\/fi\/wp-json\/wp\/v2\/product\/38014","targetHints":{"allow":["GET"]}}],"collection":[{"href":"https:\/\/nordicmart.andreevmaster.com\/fi\/wp-json\/wp\/v2\/product"}],"about":[{"href":"https:\/\/nordicmart.andreevmaster.com\/fi\/wp-json\/wp\/v2\/types\/product"}],"replies":[{"embeddable":true,"href":"https:\/\/nordicmart.andreevmaster.com\/fi\/wp-json\/wp\/v2\/comments?post=38014"}],"wp:featuredmedia":[{"embeddable":true,"href":"https:\/\/nordicmart.andreevmaster.com\/fi\/wp-json\/wp\/v2\/media\/45852"}],"wp:attachment":[{"href":"https:\/\/nordicmart.andreevmaster.com\/fi\/wp-json\/wp\/v2\/media?parent=38014"}],"wp:term":[{"taxonomy":"product_brand","embeddable":true,"href":"https:\/\/nordicmart.andreevmaster.com\/fi\/wp-json\/wp\/v2\/product_brand?post=38014"},{"taxonomy":"product_cat","embeddable":true,"href":"https:\/\/nordicmart.andreevmaster.com\/fi\/wp-json\/wp\/v2\/product_cat?post=38014"},{"taxonomy":"product_tag","embeddable":true,"href":"https:\/\/nordicmart.andreevmaster.com\/fi\/wp-json\/wp\/v2\/product_tag?post=38014"}],"curies":[{"name":"wp","href":"https:\/\/api.w.org\/{rel}","templated":true}]}}