{"id":38011,"date":"2026-02-27T00:41:57","date_gmt":"2026-02-27T00:41:57","guid":{"rendered":"https:\/\/nordicmart.andreevmaster.com\/product\/songmics-sailytyslaatikko-joulupalloille-kansi-metsanvihrea\/"},"modified":"2026-02-27T09:57:59","modified_gmt":"2026-02-27T09:57:59","slug":"songmics-sailytyslaatikko-joulupalloille-kansi-metsanvihrea","status":"publish","type":"product","link":"https:\/\/nordicmart.andreevmaster.com\/fi\/tuote\/songmics-sailytyslaatikko-joulupalloille-kansi-metsanvihrea\/","title":{"rendered":"SONGMICS S\u00e4ilytyslaatikko joulupalloille, kansi, mets\u00e4nvihre\u00e4"},"content":{"rendered":"<p>SONGMICS s\u00e4ilytyslaatikko joulupalloille, joulupallojen s\u00e4ilytys, pinottava, kannella, kaksoisvetoketju, 8 lokeroa, 600D Oxford-kangas, 128 lokeroa, kukin 7,6 cm, mets\u00e4nvihre\u00e4 RFB035C01<br \/>\nV\u00e4ri: mets\u00e4nvihre\u00e4<br \/>\nMateriaali: Oxford-kangas, PP-muovi (polypropeeni)<br \/>\nKoko: 66 x 34 x 34 cm (P x L x K)<br \/>\nPaino: 3,1 kg<br \/>\nMaks. staattinen kokonaiskuormitus: 5 kg<\/p>\n","protected":false},"excerpt":{"rendered":"<p>SONGMICS s\u00e4ilytyslaatikko joulupalloille, joulupallojen s\u00e4ilytys, pinottava, kannella, kaksoisvetoketju, 8 lokeroa, 600D Oxford-kangas, 128 lokeroa, kukin 7,6 cm, mets\u00e4nvihre\u00e4 RFB035C01<\/p>\n","protected":false},"featured_media":45849,"comment_status":"open","ping_status":"closed","template":"","meta":[],"product_brand":[],"product_cat":[32],"product_tag":[],"class_list":{"0":"post-38011","1":"product","2":"type-product","3":"status-publish","4":"has-post-thumbnail","6":"product_cat-uncategorized-fi","8":"first","9":"instock","10":"shipping-taxable","11":"purchasable","12":"product-type-simple"},"_links":{"self":[{"href":"https:\/\/nordicmart.andreevmaster.com\/fi\/wp-json\/wp\/v2\/product\/38011","targetHints":{"allow":["GET"]}}],"collection":[{"href":"https:\/\/nordicmart.andreevmaster.com\/fi\/wp-json\/wp\/v2\/product"}],"about":[{"href":"https:\/\/nordicmart.andreevmaster.com\/fi\/wp-json\/wp\/v2\/types\/product"}],"replies":[{"embeddable":true,"href":"https:\/\/nordicmart.andreevmaster.com\/fi\/wp-json\/wp\/v2\/comments?post=38011"}],"wp:featuredmedia":[{"embeddable":true,"href":"https:\/\/nordicmart.andreevmaster.com\/fi\/wp-json\/wp\/v2\/media\/45849"}],"wp:attachment":[{"href":"https:\/\/nordicmart.andreevmaster.com\/fi\/wp-json\/wp\/v2\/media?parent=38011"}],"wp:term":[{"taxonomy":"product_brand","embeddable":true,"href":"https:\/\/nordicmart.andreevmaster.com\/fi\/wp-json\/wp\/v2\/product_brand?post=38011"},{"taxonomy":"product_cat","embeddable":true,"href":"https:\/\/nordicmart.andreevmaster.com\/fi\/wp-json\/wp\/v2\/product_cat?post=38011"},{"taxonomy":"product_tag","embeddable":true,"href":"https:\/\/nordicmart.andreevmaster.com\/fi\/wp-json\/wp\/v2\/product_tag?post=38011"}],"curies":[{"name":"wp","href":"https:\/\/api.w.org\/{rel}","templated":true}]}}