{"id":38004,"date":"2026-02-27T00:41:55","date_gmt":"2026-02-27T00:41:55","guid":{"rendered":"https:\/\/nordicmart.andreevmaster.com\/product\/songmics-4-sailytyslaatikkoa-musta\/"},"modified":"2026-02-27T09:57:57","modified_gmt":"2026-02-27T09:57:57","slug":"songmics-4-sailytyslaatikkoa-musta","status":"publish","type":"product","link":"https:\/\/nordicmart.andreevmaster.com\/fi\/tuote\/songmics-4-sailytyslaatikkoa-musta\/","title":{"rendered":"SONGMICS 4 s\u00e4ilytyslaatikkoa, musta"},"content":{"rendered":"<p>Lent\u00e4v\u00e4tk\u00f6 kansiot tai lelut ymp\u00e4riins\u00e4? T\u00e4m\u00e4n Songmics-s\u00e4ilytyslaatikon avulla saat vihdoin j\u00e4rjestyst\u00e4! Se on k\u00e4yt\u00e4nn\u00f6llinen, k\u00e4tev\u00e4 ja tukeva. Kotelon mitat ovat 30 x 30 x 30 cm, joten se tarjoaa paljon s\u00e4ilytystilaa ja siihen mahtuu paljon tavaraa. Jos koteloa ei tarvita pitk\u00e4\u00e4n aikaan tai jos on muuton aika, sen voi taittaa kokoon tilaa s\u00e4\u00e4st\u00e4en. Pakkaukseen kuuluu ymp\u00e4rist\u00f6yst\u00e4v\u00e4llinen kuivauspussi, joka est\u00e4\u00e4 tuotteen kostumisen kuljetuksen aikana.Songmics-s\u00e4ilytyslaatikko auttaa sinua pit\u00e4m\u00e4\u00e4n j\u00e4rjestyst\u00e4. Tuotetiedot: &#8211; Mitat: 30 x 30 x 30 cm &#8211; Materiaali: 80 g:n fleece-kangas &#8211; Sein\u00e4m\u00e4n paksuus: 2,6 mm &#8211; V\u00e4ri: kermanvalkoinen &#8211; Paino: 1,16 kg Toimitus sis\u00e4lt\u00e4\u00e4: &#8211; 2 x s\u00e4ilytyslaatikko Huomautukset:- Tuote saattaa tuoksua &#8221;uudelta&#8221; avattaessa. Tuoksu ei ole haitallinen ja h\u00e4vi\u00e4\u00e4 muutamassa tunnissa, kun tuote tuuletetaan. &#8211; \u00c4l\u00e4 pese vedell\u00e4. Jos pinnalla on tahroja tai likaa, pyyhi se hieman kostealla liinalla ja anna kuivua tuuletetussa paikassa. &#8211; S\u00e4ilytyslaatikon mitat ovat 30 x 30 x 30 x 30 cm, ja se sopii useimpiin huonekaluihin. Mittaa s\u00e4ilytystila ennen ostamista.<\/p>\n","protected":false},"excerpt":{"rendered":"<p>SONGMICS 6 kpl taitettavat s\u00e4ilytyslaatikot Taitettava laatikko sormiaukolla 30 x 30 x 30 cm Beige RFB02M-3<\/p>\n","protected":false},"featured_media":0,"comment_status":"open","ping_status":"closed","template":"","meta":[],"product_brand":[],"product_cat":[32],"product_tag":[],"class_list":{"0":"post-38004","1":"product","2":"type-product","3":"status-publish","5":"product_cat-uncategorized-fi","7":"first","8":"instock","9":"shipping-taxable","10":"purchasable","11":"product-type-simple"},"_links":{"self":[{"href":"https:\/\/nordicmart.andreevmaster.com\/fi\/wp-json\/wp\/v2\/product\/38004","targetHints":{"allow":["GET"]}}],"collection":[{"href":"https:\/\/nordicmart.andreevmaster.com\/fi\/wp-json\/wp\/v2\/product"}],"about":[{"href":"https:\/\/nordicmart.andreevmaster.com\/fi\/wp-json\/wp\/v2\/types\/product"}],"replies":[{"embeddable":true,"href":"https:\/\/nordicmart.andreevmaster.com\/fi\/wp-json\/wp\/v2\/comments?post=38004"}],"wp:attachment":[{"href":"https:\/\/nordicmart.andreevmaster.com\/fi\/wp-json\/wp\/v2\/media?parent=38004"}],"wp:term":[{"taxonomy":"product_brand","embeddable":true,"href":"https:\/\/nordicmart.andreevmaster.com\/fi\/wp-json\/wp\/v2\/product_brand?post=38004"},{"taxonomy":"product_cat","embeddable":true,"href":"https:\/\/nordicmart.andreevmaster.com\/fi\/wp-json\/wp\/v2\/product_cat?post=38004"},{"taxonomy":"product_tag","embeddable":true,"href":"https:\/\/nordicmart.andreevmaster.com\/fi\/wp-json\/wp\/v2\/product_tag?post=38004"}],"curies":[{"name":"wp","href":"https:\/\/api.w.org\/{rel}","templated":true}]}}