{"id":38003,"date":"2026-02-27T00:41:55","date_gmt":"2026-02-27T00:41:55","guid":{"rendered":"https:\/\/nordicmart.andreevmaster.com\/product\/songmics-taitettavat-sailytyslaatikot-6-kpl\/"},"modified":"2026-02-27T09:57:57","modified_gmt":"2026-02-27T09:57:57","slug":"songmics-taitettavat-sailytyslaatikot-6-kpl","status":"publish","type":"product","link":"https:\/\/nordicmart.andreevmaster.com\/fi\/tuote\/songmics-taitettavat-sailytyslaatikot-6-kpl\/","title":{"rendered":"SONGMICS Taitettavat s\u00e4ilytyslaatikot, 6 kpl"},"content":{"rendered":"<p>Oletko huomannut, ett\u00e4 pikkuesineit\u00e4 kertyy jatkuvasti ja kotisi on aina kaaoksessa? Sitten t\u00e4m\u00e4 sarja on sinulle t\u00e4ydellinen! Todellinen s\u00e4ilytystaituri: vaatekaapissa, kirjahyllyll\u00e4, sohvap\u00f6yd\u00e4n alla, ty\u00f6p\u00f6yd\u00e4ll\u00e4 tai lastenhuoneessa. Laatikot sopivat my\u00f6s useimpiin kuutiohyllyihin. Lis\u00e4ksi voit k\u00e4ytt\u00e4\u00e4 n\u00e4it\u00e4 laatikoita yhdess\u00e4 tai erikseen tarpeen mukaan \u2013 p\u00e4\u00e4t\u00f6s on sinun. Edut yhdell\u00e4 silm\u00e4yksell\u00e4: Laadukkaat materiaalit antavat jokaiselle laatikolle muodonpit\u00e4v\u00e4n rakenteen, joka kest\u00e4\u00e4 jopa 5 kg:n painon. Laatikot sopivat useimpiin kuutiohyllyj\u00e4rjestelmiin.Laatikoita voidaan taittaa litteiksi ja s\u00e4ilytt\u00e4\u00e4 helposti, kun niit\u00e4 ei k\u00e4ytet\u00e4. Laatikoiden silmukoiden ansiosta ne on helppo vet\u00e4\u00e4 hyllylt\u00e4. Sis\u00e4ll\u00e4 oleva silmukka auttaa sinua poistamaan pohjalevyn helposti ja taitamaan kangaslaatikon nopeasti kokoon.Siistit saumat antavat korkealaatuisen vaikutelman. Kangaslaatikot ovat hengitt\u00e4v\u00e4mpi\u00e4 kuin muovilaatikot, joten ne p\u00e4\u00e4st\u00e4v\u00e4t raitista ilmaa sis\u00e4ll\u00e4 s\u00e4ilytettyihin vaatteisiin. SONGMICS-valikoimasta l\u00f6yd\u00e4t monia muita s\u00e4ilytyslaatikoita. L\u00f6yd\u00e4 siivoamisen taika, joka muuttaa arjesi.Tuotetiedot: V\u00e4ri: harmaa melange Materiaali: 2 mm paksu pahvi, 80 g\/\u33a1 kuitukangas Koko: 30 x 30 x 30 cm (P x L x K) Paino: 3,7 kg Maks. staattinen kantavuus per kuutio: 5 kg Toimitus sis\u00e4lt\u00e4\u00e4: 6 x s\u00e4ilytyslaatikko SONGMICS-ohjeet:Pyyhi pinta p\u00e4ivitt\u00e4in hieman kostealla liinalla ja anna tuotteen kuivua ilmassa; \u00c4L\u00c4 pese vedell\u00e4. Tuote saattaa tuoksua hieman avattaessa. Siin\u00e4 tapauksessa aseta se muutamaksi tunniksi hyvin tuuletettuun paikkaan.<\/p>\n","protected":false},"excerpt":{"rendered":"<p>SONGMICS 6 kpl taitettavat s\u00e4ilytyslaatikot Taitettava laatikko sormiaukolla 30 x 30 x 30 cm Beige RFB02M-3<\/p>\n","protected":false},"featured_media":45842,"comment_status":"open","ping_status":"closed","template":"","meta":[],"product_brand":[],"product_cat":[32],"product_tag":[],"class_list":{"0":"post-38003","1":"product","2":"type-product","3":"status-publish","4":"has-post-thumbnail","6":"product_cat-uncategorized-fi","8":"first","9":"instock","10":"shipping-taxable","11":"purchasable","12":"product-type-simple"},"_links":{"self":[{"href":"https:\/\/nordicmart.andreevmaster.com\/fi\/wp-json\/wp\/v2\/product\/38003","targetHints":{"allow":["GET"]}}],"collection":[{"href":"https:\/\/nordicmart.andreevmaster.com\/fi\/wp-json\/wp\/v2\/product"}],"about":[{"href":"https:\/\/nordicmart.andreevmaster.com\/fi\/wp-json\/wp\/v2\/types\/product"}],"replies":[{"embeddable":true,"href":"https:\/\/nordicmart.andreevmaster.com\/fi\/wp-json\/wp\/v2\/comments?post=38003"}],"wp:featuredmedia":[{"embeddable":true,"href":"https:\/\/nordicmart.andreevmaster.com\/fi\/wp-json\/wp\/v2\/media\/45842"}],"wp:attachment":[{"href":"https:\/\/nordicmart.andreevmaster.com\/fi\/wp-json\/wp\/v2\/media?parent=38003"}],"wp:term":[{"taxonomy":"product_brand","embeddable":true,"href":"https:\/\/nordicmart.andreevmaster.com\/fi\/wp-json\/wp\/v2\/product_brand?post=38003"},{"taxonomy":"product_cat","embeddable":true,"href":"https:\/\/nordicmart.andreevmaster.com\/fi\/wp-json\/wp\/v2\/product_cat?post=38003"},{"taxonomy":"product_tag","embeddable":true,"href":"https:\/\/nordicmart.andreevmaster.com\/fi\/wp-json\/wp\/v2\/product_tag?post=38003"}],"curies":[{"name":"wp","href":"https:\/\/api.w.org\/{rel}","templated":true}]}}