{"id":38000,"date":"2026-02-27T00:41:54","date_gmt":"2026-02-27T00:41:54","guid":{"rendered":"https:\/\/nordicmart.andreevmaster.com\/product\/songmics-2-sailytyslaatikkoa-musta\/"},"modified":"2026-02-27T09:57:56","modified_gmt":"2026-02-27T09:57:56","slug":"songmics-2-sailytyslaatikkoa-musta","status":"publish","type":"product","link":"https:\/\/nordicmart.andreevmaster.com\/fi\/tuote\/songmics-2-sailytyslaatikkoa-musta\/","title":{"rendered":"SONGMICS 2 s\u00e4ilytyslaatikkoa, musta"},"content":{"rendered":"<p>Lent\u00e4vi\u00e4 kansioita tai leluja? T\u00e4m\u00e4n Songmics-s\u00e4ilytyslaatikon avulla saat vihdoin j\u00e4rjestyst\u00e4! Se on k\u00e4yt\u00e4nn\u00f6llinen, k\u00e4tev\u00e4 ja tukeva. Kotelon mitat ovat 30 x 30 x 30 cm, joten se tarjoaa paljon s\u00e4ilytystilaa ja sinne mahtuu paljon tavaraa. Jos et tarvitse koteloa pitk\u00e4\u00e4n aikaan tai joudut muuttamaan, voit taittaa sen helposti kokoon, jolloin se vie v\u00e4hemm\u00e4n tilaa.Songmics-s\u00e4ilytyslaatikko auttaa sinua pit\u00e4m\u00e4\u00e4n j\u00e4rjestyst\u00e4. Tuotetiedot: &#8211; Mitat: 30 x 30 x 30 cm &#8211; Materiaali: 80 g:n fleece-kangas &#8211; Sein\u00e4m\u00e4n paksuus: 2,6 mm &#8211; V\u00e4ri: musta &#8211; Paino: 1,16 kg Toimitus sis\u00e4lt\u00e4\u00e4: &#8211; 2 x s\u00e4ilytyslaatikko Huomautukset:- Tuote saattaa tuoksua &#8221;uudelta&#8221; avattaessa. Tuoksu ei ole haitallista ja h\u00e4vi\u00e4\u00e4 muutamassa tunnissa, kun tuote on tuuletettu. &#8211; \u00c4l\u00e4 pese vedell\u00e4. Pyyhi tahrat ja lika pinnalta hieman kostealla liinalla ja anna kuivua tuuletetussa paikassa.<\/p>\n","protected":false},"excerpt":{"rendered":"<p>SONGMICS 6 kpl taitettavat s\u00e4ilytyslaatikot Taitettava laatikko sormiaukolla 30 x 30 x 30 cm Beige RFB02M-3<\/p>\n","protected":false},"featured_media":45839,"comment_status":"open","ping_status":"closed","template":"","meta":[],"product_brand":[],"product_cat":[32],"product_tag":[],"class_list":{"0":"post-38000","1":"product","2":"type-product","3":"status-publish","4":"has-post-thumbnail","6":"product_cat-uncategorized-fi","8":"first","9":"instock","10":"shipping-taxable","11":"purchasable","12":"product-type-simple"},"_links":{"self":[{"href":"https:\/\/nordicmart.andreevmaster.com\/fi\/wp-json\/wp\/v2\/product\/38000","targetHints":{"allow":["GET"]}}],"collection":[{"href":"https:\/\/nordicmart.andreevmaster.com\/fi\/wp-json\/wp\/v2\/product"}],"about":[{"href":"https:\/\/nordicmart.andreevmaster.com\/fi\/wp-json\/wp\/v2\/types\/product"}],"replies":[{"embeddable":true,"href":"https:\/\/nordicmart.andreevmaster.com\/fi\/wp-json\/wp\/v2\/comments?post=38000"}],"wp:featuredmedia":[{"embeddable":true,"href":"https:\/\/nordicmart.andreevmaster.com\/fi\/wp-json\/wp\/v2\/media\/45839"}],"wp:attachment":[{"href":"https:\/\/nordicmart.andreevmaster.com\/fi\/wp-json\/wp\/v2\/media?parent=38000"}],"wp:term":[{"taxonomy":"product_brand","embeddable":true,"href":"https:\/\/nordicmart.andreevmaster.com\/fi\/wp-json\/wp\/v2\/product_brand?post=38000"},{"taxonomy":"product_cat","embeddable":true,"href":"https:\/\/nordicmart.andreevmaster.com\/fi\/wp-json\/wp\/v2\/product_cat?post=38000"},{"taxonomy":"product_tag","embeddable":true,"href":"https:\/\/nordicmart.andreevmaster.com\/fi\/wp-json\/wp\/v2\/product_tag?post=38000"}],"curies":[{"name":"wp","href":"https:\/\/api.w.org\/{rel}","templated":true}]}}