{"id":37995,"date":"2026-02-27T00:41:53","date_gmt":"2026-02-27T00:41:53","guid":{"rendered":"https:\/\/nordicmart.andreevmaster.com\/product\/songmics-sailytyslaatikot-joulupalloille-punainen\/"},"modified":"2026-02-27T09:57:55","modified_gmt":"2026-02-27T09:57:55","slug":"songmics-sailytyslaatikot-joulupalloille-punainen","status":"publish","type":"product","link":"https:\/\/nordicmart.andreevmaster.com\/fi\/tuote\/songmics-sailytyslaatikot-joulupalloille-punainen\/","title":{"rendered":"SONGMICS s\u00e4ilytyslaatikot joulupalloille  punainen"},"content":{"rendered":"<p>Kuin taikaiskusta Joka vuosi ennen joulua sama kaaos toistuu \u2013 &#8221;Mihin laatikkoon laitoin punaiset pallot?&#8221; &#8221;Miss\u00e4 kellot ovat?&#8221; Kokeile n\u00e4it\u00e4 SONGMICS-s\u00e4ilytyslaatikoita! Niiden avulla l\u00f6yd\u00e4t joulukoristeesi ilman pitk\u00e4\u00e4 etsimist\u00e4 \u2013 kuin taikaiskusta! Lis\u00e4ksi punainen v\u00e4ri ja lumihiutaleiden kuviot tuovat kotiisi suloisen jouluisen tunnelman. Suuret lokerot? Pienet lokerot? N\u00e4m\u00e4 3 kangaskoteloa on varustettu useilla joustavilla v\u00e4liseinill\u00e4. Jos k\u00e4yt\u00e4t kaikkia v\u00e4liseini\u00e4, kotelot voidaan jakaa 4 tasoon (16 lokeroa per taso). Voit my\u00f6s j\u00e4tt\u00e4\u00e4 joitakin v\u00e4liseini\u00e4 pois, jotta saat suurempia lokeroita ja tilaa suuremmille koriste-esineille. Tuotetiedot: &#8211; V\u00e4ri: punainen &#8211; Materiaali: pahvi, kuitukangas &#8211; Koko per laatikko: 30,5 x 30,5 x 30,5 cm (P x L x K) &#8211; 3 laatikon kokonaispaino: 2,4 kg &#8211; Maks. staattinen kantavuus per laatikko: 5 kg Toimitus sis\u00e4lt\u00e4\u00e4:- 3 x s\u00e4ilytyslaatikko &#8211; 3 x kansi &#8211; 3 x pohjalevy &#8211; v\u00e4lisein\u00e4t SONGMICS-ohjeet: &#8211; Laatikon maksimaalinen staattinen kantavuus on 5 kg. \u00c4l\u00e4 s\u00e4ilyt\u00e4 tuotteessa painavampia esineit\u00e4. &#8211; \u00c4l\u00e4 pese tuotetta suoraan vedell\u00e4. Pyyhi se kostealla liinalla lian poistamiseksi.<\/p>\n","protected":false},"excerpt":{"rendered":"<p>SONGMICS s\u00e4ilytyslaatikot joulupalloille, 3 kpl, taitettavat laatikot, joulukoristeille, 64 pient\u00e4 lokeroa laatikossa, joustavat v\u00e4lisein\u00e4t, 30,5 x 30,5 x 30,5 cm, punainen RFB029R01<\/p>\n","protected":false},"featured_media":45834,"comment_status":"open","ping_status":"closed","template":"","meta":[],"product_brand":[],"product_cat":[32],"product_tag":[],"class_list":{"0":"post-37995","1":"product","2":"type-product","3":"status-publish","4":"has-post-thumbnail","6":"product_cat-uncategorized-fi","8":"first","9":"instock","10":"shipping-taxable","11":"purchasable","12":"product-type-simple"},"_links":{"self":[{"href":"https:\/\/nordicmart.andreevmaster.com\/fi\/wp-json\/wp\/v2\/product\/37995","targetHints":{"allow":["GET"]}}],"collection":[{"href":"https:\/\/nordicmart.andreevmaster.com\/fi\/wp-json\/wp\/v2\/product"}],"about":[{"href":"https:\/\/nordicmart.andreevmaster.com\/fi\/wp-json\/wp\/v2\/types\/product"}],"replies":[{"embeddable":true,"href":"https:\/\/nordicmart.andreevmaster.com\/fi\/wp-json\/wp\/v2\/comments?post=37995"}],"wp:featuredmedia":[{"embeddable":true,"href":"https:\/\/nordicmart.andreevmaster.com\/fi\/wp-json\/wp\/v2\/media\/45834"}],"wp:attachment":[{"href":"https:\/\/nordicmart.andreevmaster.com\/fi\/wp-json\/wp\/v2\/media?parent=37995"}],"wp:term":[{"taxonomy":"product_brand","embeddable":true,"href":"https:\/\/nordicmart.andreevmaster.com\/fi\/wp-json\/wp\/v2\/product_brand?post=37995"},{"taxonomy":"product_cat","embeddable":true,"href":"https:\/\/nordicmart.andreevmaster.com\/fi\/wp-json\/wp\/v2\/product_cat?post=37995"},{"taxonomy":"product_tag","embeddable":true,"href":"https:\/\/nordicmart.andreevmaster.com\/fi\/wp-json\/wp\/v2\/product_tag?post=37995"}],"curies":[{"name":"wp","href":"https:\/\/api.w.org\/{rel}","templated":true}]}}