{"id":37989,"date":"2026-02-27T00:41:51","date_gmt":"2026-02-27T00:41:51","guid":{"rendered":"https:\/\/nordicmart.andreevmaster.com\/product\/songmics-sailytyslaatikko-26-cm-6-kpl-musta-melange\/"},"modified":"2026-02-27T09:57:54","modified_gmt":"2026-02-27T09:57:54","slug":"songmics-sailytyslaatikko-26-cm-6-kpl-musta-melange","status":"publish","type":"product","link":"https:\/\/nordicmart.andreevmaster.com\/fi\/tuote\/songmics-sailytyslaatikko-26-cm-6-kpl-musta-melange\/","title":{"rendered":"SONGMICS s\u00e4ilytyslaatikko 26 cm, 6 kpl, musta melange"},"content":{"rendered":"<p>SONGMICS s\u00e4ilytyslaatikko, 6 kpl:n sarja, j\u00e4rjestyslaatikot kuitukankaasta, kahvalla, laatikot s\u00e4ilytys, 26 x 26 x 28 cm, j\u00e4rjestyslaatikko, kuutiohyllylle, taitettava laatikko, vaatteiden s\u00e4ilytys, musta melange RFB026B01<br \/>\nV\u00e4ri: musta melange<br \/>\nMateriaali: 1,9 mm paksu pahvi, 80 g\/m\u00b2 kuitukangas<br \/>\nKoko per laatikko: 26 x 26 x 28 cm (P x L x K)<br \/>\nKokonaispaino: 2,3 kg<br \/>\nEnimm\u00e4iskantavuus laatikkoa kohti: 5 kg<\/p>\n","protected":false},"excerpt":{"rendered":"<p>SONGMICS s\u00e4ilytyslaatikko, 6 kpl:n sarja, j\u00e4rjestyslaatikot kuitukankaasta, kahvalla, laatikot s\u00e4ilytys, 26 x 26 x 28 cm, j\u00e4rjestyslaatikko, kuutiohyllylle, taitettava laatikko, vaatteiden s\u00e4ilytys, musta melange RFB026B01<\/p>\n","protected":false},"featured_media":45828,"comment_status":"open","ping_status":"closed","template":"","meta":[],"product_brand":[],"product_cat":[32],"product_tag":[],"class_list":{"0":"post-37989","1":"product","2":"type-product","3":"status-publish","4":"has-post-thumbnail","6":"product_cat-uncategorized-fi","8":"first","9":"instock","10":"shipping-taxable","11":"purchasable","12":"product-type-simple"},"_links":{"self":[{"href":"https:\/\/nordicmart.andreevmaster.com\/fi\/wp-json\/wp\/v2\/product\/37989","targetHints":{"allow":["GET"]}}],"collection":[{"href":"https:\/\/nordicmart.andreevmaster.com\/fi\/wp-json\/wp\/v2\/product"}],"about":[{"href":"https:\/\/nordicmart.andreevmaster.com\/fi\/wp-json\/wp\/v2\/types\/product"}],"replies":[{"embeddable":true,"href":"https:\/\/nordicmart.andreevmaster.com\/fi\/wp-json\/wp\/v2\/comments?post=37989"}],"wp:featuredmedia":[{"embeddable":true,"href":"https:\/\/nordicmart.andreevmaster.com\/fi\/wp-json\/wp\/v2\/media\/45828"}],"wp:attachment":[{"href":"https:\/\/nordicmart.andreevmaster.com\/fi\/wp-json\/wp\/v2\/media?parent=37989"}],"wp:term":[{"taxonomy":"product_brand","embeddable":true,"href":"https:\/\/nordicmart.andreevmaster.com\/fi\/wp-json\/wp\/v2\/product_brand?post=37989"},{"taxonomy":"product_cat","embeddable":true,"href":"https:\/\/nordicmart.andreevmaster.com\/fi\/wp-json\/wp\/v2\/product_cat?post=37989"},{"taxonomy":"product_tag","embeddable":true,"href":"https:\/\/nordicmart.andreevmaster.com\/fi\/wp-json\/wp\/v2\/product_tag?post=37989"}],"curies":[{"name":"wp","href":"https:\/\/api.w.org\/{rel}","templated":true}]}}