{"id":37988,"date":"2026-02-27T00:41:51","date_gmt":"2026-02-27T00:41:51","guid":{"rendered":"https:\/\/nordicmart.andreevmaster.com\/product\/songmics-sailytyslaatikot\/"},"modified":"2026-02-27T09:57:54","modified_gmt":"2026-02-27T09:57:54","slug":"songmics-sailytyslaatikot","status":"publish","type":"product","link":"https:\/\/nordicmart.andreevmaster.com\/fi\/tuote\/songmics-sailytyslaatikot\/","title":{"rendered":"SONGMICS-s\u00e4ilytyslaatikot"},"content":{"rendered":"<p>Hyv\u00e4 alku! Lastenhuone n\u00e4ytt\u00e4\u00e4 taistelukent\u00e4lt\u00e4, koska lelut ja kirjat ovat hajallaan lattialla? Haluat varmasti siivota kaaoksen ja saada huoneen kuntoon. Mutta mist\u00e4 aloitat siivoamisen? N\u00e4m\u00e4 3 kangaskoria auttavat sinua. S\u00f6p\u00f6t el\u00e4inmotiivit kannustavat lapsia siivoamaan itse ja laittamaan lelunsa siististi v\u00e4rikk\u00e4isiin laatikoihin. Tarjoavat paljon s\u00e4ilytystilaa, mutta ovat tilaa s\u00e4\u00e4st\u00e4vi\u00e4 Lelut, vauvanvaatteet tai muut pienet tavarat \u2013 n\u00e4m\u00e4 3 kangaskoria ovat t\u00e4ydellinen s\u00e4ilytyspaikka kaikille n\u00e4ille esineille. Etk\u00f6 halua k\u00e4ytt\u00e4\u00e4 n\u00e4it\u00e4 laatikoita v\u00e4lill\u00e4? Taita ne vain kokoon ja s\u00e4ilyt\u00e4 ne nurkassa \u2013 ne viev\u00e4t vain v\u00e4h\u00e4n tilaa. Tuotetiedot: &#8211; V\u00e4ri: sininen, vihre\u00e4, vaaleanpunainen &#8211; Materiaali: kuitukangas, pahvi &#8211; Koko per laatikko: 27 x 27 x 27 cm (P x L x K) &#8211; 3 laatikon paino: 1,5 kg Toimitus sis\u00e4lt\u00e4\u00e4:- 3 x s\u00e4ilytyslaatikko SONGMICS-ohjeet: &#8211; Puhdista tuote vain kostealla liinalla. EI ole pest\u00e4v\u00e4! &#8211; Kun avaat tuotteen pakkauksen, se saattaa tuoksua &#8221;uudelta&#8221;. Siin\u00e4 tapauksessa aseta se muutamaksi tunniksi hyvin tuuletettuun paikkaan.<\/p>\n","protected":false},"excerpt":{"rendered":"<p>SONGMICS s\u00e4ilytyslaatikkosetti, 3 kpl, lelulaatikot, lelujen j\u00e4rjestelij\u00e4, taitettavat kuutiot, lastenhuoneeseen, vauvanhuoneeseen, 27 x 27 x 27 cm, el\u00e4inaiheiset, v\u00e4rikk\u00e4\u00e4t RFB01KU<\/p>\n","protected":false},"featured_media":45827,"comment_status":"open","ping_status":"closed","template":"","meta":[],"product_brand":[],"product_cat":[32],"product_tag":[],"class_list":{"0":"post-37988","1":"product","2":"type-product","3":"status-publish","4":"has-post-thumbnail","6":"product_cat-uncategorized-fi","8":"first","9":"instock","10":"shipping-taxable","11":"purchasable","12":"product-type-simple"},"_links":{"self":[{"href":"https:\/\/nordicmart.andreevmaster.com\/fi\/wp-json\/wp\/v2\/product\/37988","targetHints":{"allow":["GET"]}}],"collection":[{"href":"https:\/\/nordicmart.andreevmaster.com\/fi\/wp-json\/wp\/v2\/product"}],"about":[{"href":"https:\/\/nordicmart.andreevmaster.com\/fi\/wp-json\/wp\/v2\/types\/product"}],"replies":[{"embeddable":true,"href":"https:\/\/nordicmart.andreevmaster.com\/fi\/wp-json\/wp\/v2\/comments?post=37988"}],"wp:featuredmedia":[{"embeddable":true,"href":"https:\/\/nordicmart.andreevmaster.com\/fi\/wp-json\/wp\/v2\/media\/45827"}],"wp:attachment":[{"href":"https:\/\/nordicmart.andreevmaster.com\/fi\/wp-json\/wp\/v2\/media?parent=37988"}],"wp:term":[{"taxonomy":"product_brand","embeddable":true,"href":"https:\/\/nordicmart.andreevmaster.com\/fi\/wp-json\/wp\/v2\/product_brand?post=37988"},{"taxonomy":"product_cat","embeddable":true,"href":"https:\/\/nordicmart.andreevmaster.com\/fi\/wp-json\/wp\/v2\/product_cat?post=37988"},{"taxonomy":"product_tag","embeddable":true,"href":"https:\/\/nordicmart.andreevmaster.com\/fi\/wp-json\/wp\/v2\/product_tag?post=37988"}],"curies":[{"name":"wp","href":"https:\/\/api.w.org\/{rel}","templated":true}]}}