{"id":37987,"date":"2026-02-27T00:41:51","date_gmt":"2026-02-27T00:41:51","guid":{"rendered":"https:\/\/nordicmart.andreevmaster.com\/product\/songmics-lelulaatikot-3-kpl\/"},"modified":"2026-02-27T09:57:53","modified_gmt":"2026-02-27T09:57:53","slug":"songmics-lelulaatikot-3-kpl","status":"publish","type":"product","link":"https:\/\/nordicmart.andreevmaster.com\/fi\/tuote\/songmics-lelulaatikot-3-kpl\/","title":{"rendered":"SONGMICS Lelulaatikot, 3 kpl"},"content":{"rendered":"<p>3 kpl s\u00e4ilytyslaatikoita \u2013 Tukevat ja tyylikk\u00e4\u00e4t Vahvat saumat, kest\u00e4v\u00e4 kangas, muodonpit\u00e4v\u00e4 pahvi, kaunis muotoilu, taitettava \u2013 n\u00e4m\u00e4 laatikot ovat katseenvangitsijoita jokaisessa huoneessa ja tarjoavat samalla runsaasti s\u00e4ilytystilaa monille esineille. Yht\u00e4 v\u00e4rikk\u00e4\u00e4t kuin monipuoliset N\u00e4m\u00e4 s\u00e4ilytyslaatikot ovat yht\u00e4 v\u00e4rikk\u00e4it\u00e4 kuin monipuolisia, joten niit\u00e4 voidaan k\u00e4ytt\u00e4\u00e4 monissa tiloissa ja eri tarkoituksiin: &#8211; Taitettavat laatikot sopivat erinomaisesti lastenhuoneisiin ja p\u00e4iv\u00e4koteihin lelujen, askartelutarvikkeiden tai rakennuspalikoiden s\u00e4ilytt\u00e4miseen.- K\u00e4yt\u00e4 j\u00e4rjestelij\u00f6it\u00e4 my\u00f6s vauvanhuoneessa, esimerkiksi hoitop\u00f6yd\u00e4n vieress\u00e4, vaippojen, potkupukujen, helistimien tai hoitotuotteiden s\u00e4ilytt\u00e4miseen. &#8211; Ty\u00f6nn\u00e4 27 x 27 x 27 cm:n kokoiset laatikot kuutiohyllyysi ja tee siit\u00e4 v\u00e4rikk\u00e4\u00e4mpi ja mielenkiintoisempi.- Jos haluat pirist\u00e4\u00e4 hieman tyls\u00e4\u00e4 toimistoasi, voit sijoittaa s\u00e4ilytyslaatikot my\u00f6s ty\u00f6p\u00f6yd\u00e4n alle tai viereen ja s\u00e4ilytt\u00e4\u00e4 niiss\u00e4 asiakirjoja tai toimistotarvikkeita. &#8211; My\u00f6s trendikk\u00e4\u00e4n merihenkisen tyylin yst\u00e4v\u00e4t rakastavat n\u00e4it\u00e4 v\u00e4rikk\u00e4it\u00e4 s\u00e4ilytyslaatikoita, riippumatta siit\u00e4, miss\u00e4 ne sijaitsevat! Tuotetiedot:- V\u00e4ri: v\u00e4rik\u00e4s (el\u00e4inaiheinen) &#8211; Materiaali: tekstiilikomposiitti, pahvi &#8211; Koko per laatikko: 27 x 27 x 27 cm (P x L x K) &#8211; Paino per laatikko: 1,5 kg Toimitus sis\u00e4lt\u00e4\u00e4: 3 x lelulaatikko SONGMICS Huomautukset: &#8211; Kun avaat tuotteen pakkauksen, se saattaa tuoksua &#8221;uudelta&#8221;. Siin\u00e4 tapauksessa aseta se muutamaksi tunniksi hyvin tuuletettuun paikkaan. &#8211; Poista tahrat kostealla liinalla ja anna laatikoiden kuivua ilmassa. EI ole pest\u00e4v\u00e4! Tuotekuvaus<\/p>\n","protected":false},"excerpt":{"rendered":"<p>SONGMICS s\u00e4ilytyslaatikkosetti, 3 kpl, lelulaatikot, lelujen j\u00e4rjestelij\u00e4, taitettavat kuutiot, lastenhuoneeseen, vauvanhuoneeseen, 27 x 27 x 27 cm, el\u00e4inaiheiset, v\u00e4rikk\u00e4\u00e4t RFB01KU<\/p>\n","protected":false},"featured_media":45826,"comment_status":"open","ping_status":"closed","template":"","meta":[],"product_brand":[],"product_cat":[32],"product_tag":[],"class_list":{"0":"post-37987","1":"product","2":"type-product","3":"status-publish","4":"has-post-thumbnail","6":"product_cat-uncategorized-fi","8":"first","9":"instock","10":"shipping-taxable","11":"purchasable","12":"product-type-simple"},"_links":{"self":[{"href":"https:\/\/nordicmart.andreevmaster.com\/fi\/wp-json\/wp\/v2\/product\/37987","targetHints":{"allow":["GET"]}}],"collection":[{"href":"https:\/\/nordicmart.andreevmaster.com\/fi\/wp-json\/wp\/v2\/product"}],"about":[{"href":"https:\/\/nordicmart.andreevmaster.com\/fi\/wp-json\/wp\/v2\/types\/product"}],"replies":[{"embeddable":true,"href":"https:\/\/nordicmart.andreevmaster.com\/fi\/wp-json\/wp\/v2\/comments?post=37987"}],"wp:featuredmedia":[{"embeddable":true,"href":"https:\/\/nordicmart.andreevmaster.com\/fi\/wp-json\/wp\/v2\/media\/45826"}],"wp:attachment":[{"href":"https:\/\/nordicmart.andreevmaster.com\/fi\/wp-json\/wp\/v2\/media?parent=37987"}],"wp:term":[{"taxonomy":"product_brand","embeddable":true,"href":"https:\/\/nordicmart.andreevmaster.com\/fi\/wp-json\/wp\/v2\/product_brand?post=37987"},{"taxonomy":"product_cat","embeddable":true,"href":"https:\/\/nordicmart.andreevmaster.com\/fi\/wp-json\/wp\/v2\/product_cat?post=37987"},{"taxonomy":"product_tag","embeddable":true,"href":"https:\/\/nordicmart.andreevmaster.com\/fi\/wp-json\/wp\/v2\/product_tag?post=37987"}],"curies":[{"name":"wp","href":"https:\/\/api.w.org\/{rel}","templated":true}]}}