{"id":37986,"date":"2026-02-27T00:41:50","date_gmt":"2026-02-27T00:41:50","guid":{"rendered":"https:\/\/nordicmart.andreevmaster.com\/product\/songmics-kangaskotelot-ilman-kantta-3-kpln-sarja-harmaa\/"},"modified":"2026-02-27T09:57:53","modified_gmt":"2026-02-27T09:57:53","slug":"songmics-kangaskotelot-ilman-kantta-3-kpln-sarja-harmaa","status":"publish","type":"product","link":"https:\/\/nordicmart.andreevmaster.com\/fi\/tuote\/songmics-kangaskotelot-ilman-kantta-3-kpln-sarja-harmaa\/","title":{"rendered":"SONGMICS kangaskotelot ilman kantta, 3 kpl:n sarja, harmaa"},"content":{"rendered":"<p>Tuotetiedot: &#8211; V\u00e4ri: harmaa &#8211; Materiaali: pahvi, kuitukangas, puuvillakahvat &#8211; Koko per laatikko: 30 x 30 x 30 cm (P x L x K) &#8211; Kokonaispaino: 1,8 kg &#8211; Maks. staattinen kantavuus per laatikko: 10 kg Toimitus sis\u00e4lt\u00e4\u00e4: &#8211; 3 x s\u00e4ilytyslaatikko &#8211; 3 x pahvipohja &#8211; 6 x kahva SONGMICS Huomautukset: &#8211; Tuotetta ei voi pest\u00e4 pesukoneessa! Pyyhi tuote p\u00e4ivitt\u00e4in kostealla liinalla ja anna sen kuivua ilmassa. &#8211; Jos tuotteesta tulee avaamisen j\u00e4lkeen \u201duuden\u201d tuoksu, aseta se hetkeksi hyvin tuuletettuun paikkaan. &#8211; \u00c4l\u00e4 altista tuotetta suoralle auringonvalolle. \u00c4l\u00e4 aseta t\u00e4t\u00e4 tuotetta kosteaan ymp\u00e4rist\u00f6\u00f6n.<\/p>\n","protected":false},"excerpt":{"rendered":"<p>SONGMICS s\u00e4ilytyslaatikot, 3 kpl, kangaskotelot ilman kantta, kahvoilla, 30 x 30 x 30 cm, pellavakuvio, harmaa RFB016G01<\/p>\n","protected":false},"featured_media":45825,"comment_status":"open","ping_status":"closed","template":"","meta":[],"product_brand":[],"product_cat":[32],"product_tag":[],"class_list":{"0":"post-37986","1":"product","2":"type-product","3":"status-publish","4":"has-post-thumbnail","6":"product_cat-uncategorized-fi","8":"first","9":"instock","10":"shipping-taxable","11":"purchasable","12":"product-type-simple"},"_links":{"self":[{"href":"https:\/\/nordicmart.andreevmaster.com\/fi\/wp-json\/wp\/v2\/product\/37986","targetHints":{"allow":["GET"]}}],"collection":[{"href":"https:\/\/nordicmart.andreevmaster.com\/fi\/wp-json\/wp\/v2\/product"}],"about":[{"href":"https:\/\/nordicmart.andreevmaster.com\/fi\/wp-json\/wp\/v2\/types\/product"}],"replies":[{"embeddable":true,"href":"https:\/\/nordicmart.andreevmaster.com\/fi\/wp-json\/wp\/v2\/comments?post=37986"}],"wp:featuredmedia":[{"embeddable":true,"href":"https:\/\/nordicmart.andreevmaster.com\/fi\/wp-json\/wp\/v2\/media\/45825"}],"wp:attachment":[{"href":"https:\/\/nordicmart.andreevmaster.com\/fi\/wp-json\/wp\/v2\/media?parent=37986"}],"wp:term":[{"taxonomy":"product_brand","embeddable":true,"href":"https:\/\/nordicmart.andreevmaster.com\/fi\/wp-json\/wp\/v2\/product_brand?post=37986"},{"taxonomy":"product_cat","embeddable":true,"href":"https:\/\/nordicmart.andreevmaster.com\/fi\/wp-json\/wp\/v2\/product_cat?post=37986"},{"taxonomy":"product_tag","embeddable":true,"href":"https:\/\/nordicmart.andreevmaster.com\/fi\/wp-json\/wp\/v2\/product_tag?post=37986"}],"curies":[{"name":"wp","href":"https:\/\/api.w.org\/{rel}","templated":true}]}}