{"id":37983,"date":"2026-02-27T00:41:50","date_gmt":"2026-02-27T00:41:50","guid":{"rendered":"https:\/\/nordicmart.andreevmaster.com\/product\/songmics-sailytyslaatikko-6-kpln-sarja-40-x-30-x-20-cm-musta\/"},"modified":"2026-02-27T09:57:53","modified_gmt":"2026-02-27T09:57:53","slug":"songmics-sailytyslaatikko-6-kpln-sarja-40-x-30-x-20-cm-musta","status":"publish","type":"product","link":"https:\/\/nordicmart.andreevmaster.com\/fi\/tuote\/songmics-sailytyslaatikko-6-kpln-sarja-40-x-30-x-20-cm-musta\/","title":{"rendered":"SONGMICS s\u00e4ilytyslaatikko 6 kpl:n sarja 40 x 30 x 20 cm musta"},"content":{"rendered":"<p>SONGMICS s\u00e4ilytyslaatikkosetti, 6 kpl, kokoontaitettava, kangaslaatikot, s\u00e4ilytys, 40 x 30 x 20 cm, j\u00e4rjestelij\u00e4, korit, vaatekaappiin, 3 kahvaa, makuuhuoneeseen, olohuoneeseen, musta RFB0140B01<br \/>\nV\u00e4ri: musta<br \/>\nMateriaali: kuitukangas, PP-muovi (polypropeeni)<br \/>\nKoko per laatikko: 40 x 30 x 20 cm (P x L x K)<br \/>\nKokonaispaino: 2,3 kg<br \/>\nEnimm\u00e4iskantavuus per laatikko: 5 kg<\/p>\n","protected":false},"excerpt":{"rendered":"<p>SONGMICS s\u00e4ilytyslaatikkosetti, 6 kpl, kokoontaitettava, kangaslaatikot, s\u00e4ilytys, 40 x 30 x 20 cm, j\u00e4rjestelij\u00e4, korit, vaatekaappiin, 3 kahvaa, makuuhuoneeseen, olohuoneeseen, musta RFB0140B01<\/p>\n","protected":false},"featured_media":45822,"comment_status":"open","ping_status":"closed","template":"","meta":[],"product_brand":[],"product_cat":[32],"product_tag":[],"class_list":{"0":"post-37983","1":"product","2":"type-product","3":"status-publish","4":"has-post-thumbnail","6":"product_cat-uncategorized-fi","8":"first","9":"instock","10":"shipping-taxable","11":"purchasable","12":"product-type-simple"},"_links":{"self":[{"href":"https:\/\/nordicmart.andreevmaster.com\/fi\/wp-json\/wp\/v2\/product\/37983","targetHints":{"allow":["GET"]}}],"collection":[{"href":"https:\/\/nordicmart.andreevmaster.com\/fi\/wp-json\/wp\/v2\/product"}],"about":[{"href":"https:\/\/nordicmart.andreevmaster.com\/fi\/wp-json\/wp\/v2\/types\/product"}],"replies":[{"embeddable":true,"href":"https:\/\/nordicmart.andreevmaster.com\/fi\/wp-json\/wp\/v2\/comments?post=37983"}],"wp:featuredmedia":[{"embeddable":true,"href":"https:\/\/nordicmart.andreevmaster.com\/fi\/wp-json\/wp\/v2\/media\/45822"}],"wp:attachment":[{"href":"https:\/\/nordicmart.andreevmaster.com\/fi\/wp-json\/wp\/v2\/media?parent=37983"}],"wp:term":[{"taxonomy":"product_brand","embeddable":true,"href":"https:\/\/nordicmart.andreevmaster.com\/fi\/wp-json\/wp\/v2\/product_brand?post=37983"},{"taxonomy":"product_cat","embeddable":true,"href":"https:\/\/nordicmart.andreevmaster.com\/fi\/wp-json\/wp\/v2\/product_cat?post=37983"},{"taxonomy":"product_tag","embeddable":true,"href":"https:\/\/nordicmart.andreevmaster.com\/fi\/wp-json\/wp\/v2\/product_tag?post=37983"}],"curies":[{"name":"wp","href":"https:\/\/api.w.org\/{rel}","templated":true}]}}