{"id":37980,"date":"2026-02-27T00:41:49","date_gmt":"2026-02-27T00:41:49","guid":{"rendered":"https:\/\/nordicmart.andreevmaster.com\/product\/songmics-taitettavat-laatikot-6-kpl\/"},"modified":"2026-02-27T09:57:52","modified_gmt":"2026-02-27T09:57:52","slug":"songmics-taitettavat-laatikot-6-kpl","status":"publish","type":"product","link":"https:\/\/nordicmart.andreevmaster.com\/fi\/tuote\/songmics-taitettavat-laatikot-6-kpl\/","title":{"rendered":"SONGMICS taitettavat laatikot, 6 kpl"},"content":{"rendered":"<p>Oletko huomannut, ett\u00e4 pikkuesineet kertyv\u00e4t jatkuvasti ja kotisi on aina kaaoksessa? Sitten t\u00e4m\u00e4 sarja on sinulle t\u00e4ydellinen! Todellinen s\u00e4ilytystaituri Vaatekaapissa, kirjahyllyll\u00e4, sohvap\u00f6yd\u00e4n alla, ty\u00f6p\u00f6yd\u00e4ll\u00e4 tai lastenhuoneessa. Laatikot sopivat my\u00f6s useimpiin kuutiohyllyihin. Voit k\u00e4ytt\u00e4\u00e4 laatikoita yhdess\u00e4 tai erikseen tarpeen mukaan \u2013 p\u00e4\u00e4t\u00f6s on sinun. Tuotetiedot: &#8211; V\u00e4ri: harmaa, kalanruotokuvio &#8211; Materiaali: 2 mm paksu pahvi, 80 g\/m\u00b2 kuitukangas &#8211; Koko: 30 x 30 x 30 cm (P x L x K) &#8211; Paino: 3,7 kg &#8211; Maks. staattinen kantavuus kuutiota kohti: 5 kg Toimitussis\u00e4lt\u00f6: &#8211; 6 x s\u00e4ilytyslaatikko SONGMICS-ohjeet: &#8211; Pyyhi pinta p\u00e4ivitt\u00e4isess\u00e4 puhdistuksessa hieman kostealla liinalla ja anna tuotteen kuivua ilmassa; \u00c4L\u00c4 pese vedell\u00e4.- Tuote saattaa tuoksua &#8221;uudelta&#8221; pakkausta avattaessa. T\u00e4ll\u00f6in voit sijoittaa sen hyvin ilmastoituun tilaan, jotta tuoksu h\u00e4vi\u00e4\u00e4 lyhyess\u00e4 ajassa.<\/p>\n","protected":false},"excerpt":{"rendered":"<p>SONGMICS s\u00e4ilytyslaatikko, 6 kpl, taitettava laatikko, 30 x 30 x 30 cm, kangaslaatikko, taitettava, laatikot s\u00e4ilytys, j\u00e4rjestelij\u00e4 leluille, vaatteille, harmaa kalanruotokuvio RFB012G01<\/p>\n","protected":false},"featured_media":45819,"comment_status":"open","ping_status":"closed","template":"","meta":[],"product_brand":[],"product_cat":[32],"product_tag":[],"class_list":{"0":"post-37980","1":"product","2":"type-product","3":"status-publish","4":"has-post-thumbnail","6":"product_cat-uncategorized-fi","8":"first","9":"instock","10":"shipping-taxable","11":"purchasable","12":"product-type-simple"},"_links":{"self":[{"href":"https:\/\/nordicmart.andreevmaster.com\/fi\/wp-json\/wp\/v2\/product\/37980","targetHints":{"allow":["GET"]}}],"collection":[{"href":"https:\/\/nordicmart.andreevmaster.com\/fi\/wp-json\/wp\/v2\/product"}],"about":[{"href":"https:\/\/nordicmart.andreevmaster.com\/fi\/wp-json\/wp\/v2\/types\/product"}],"replies":[{"embeddable":true,"href":"https:\/\/nordicmart.andreevmaster.com\/fi\/wp-json\/wp\/v2\/comments?post=37980"}],"wp:featuredmedia":[{"embeddable":true,"href":"https:\/\/nordicmart.andreevmaster.com\/fi\/wp-json\/wp\/v2\/media\/45819"}],"wp:attachment":[{"href":"https:\/\/nordicmart.andreevmaster.com\/fi\/wp-json\/wp\/v2\/media?parent=37980"}],"wp:term":[{"taxonomy":"product_brand","embeddable":true,"href":"https:\/\/nordicmart.andreevmaster.com\/fi\/wp-json\/wp\/v2\/product_brand?post=37980"},{"taxonomy":"product_cat","embeddable":true,"href":"https:\/\/nordicmart.andreevmaster.com\/fi\/wp-json\/wp\/v2\/product_cat?post=37980"},{"taxonomy":"product_tag","embeddable":true,"href":"https:\/\/nordicmart.andreevmaster.com\/fi\/wp-json\/wp\/v2\/product_tag?post=37980"}],"curies":[{"name":"wp","href":"https:\/\/api.w.org\/{rel}","templated":true}]}}