{"id":37979,"date":"2026-02-27T00:41:48","date_gmt":"2026-02-27T00:41:48","guid":{"rendered":"https:\/\/nordicmart.andreevmaster.com\/product\/songmics-sailytyslaatikko-6-kpln-sarja-pastellinpunainen\/"},"modified":"2026-02-27T09:57:52","modified_gmt":"2026-02-27T09:57:52","slug":"songmics-sailytyslaatikko-6-kpln-sarja-pastellinpunainen","status":"publish","type":"product","link":"https:\/\/nordicmart.andreevmaster.com\/fi\/tuote\/songmics-sailytyslaatikko-6-kpln-sarja-pastellinpunainen\/","title":{"rendered":"SONGMICS s\u00e4ilytyslaatikko 6 kpl:n sarja pastellinpunainen"},"content":{"rendered":"<p>SONGMICS s\u00e4ilytyslaatikot, 6 kpl:n sarja, taitettavat kangaskotelot, kuitukangas, kuutiot, s\u00e4ilytyskorit, lelujen ja vaatteiden j\u00e4rjestelij\u00e4, musta RFB006B01<br \/>\nV\u00e4ri: pastellinpunainen<br \/>\nMateriaali: pahvi, 80 g\/m\u00b2 kuitukangas<br \/>\nKoko per laatikko: 30 x 30 x 30 cm (P x L x K)<br \/>\nKokonaispaino: 2,9 kg<br \/>\nSuurin staattinen kantavuus per laatikko: 5 kg<\/p>\n","protected":false},"excerpt":{"rendered":"<p>SONGMICS s\u00e4ilytyslaatikot, 6 kpl:n sarja, taitettavat kangaskotelot, kuitukangas, kuutiot, s\u00e4ilytyskorit, lelujen ja vaatteiden j\u00e4rjestelij\u00e4, musta RFB006B01<\/p>\n","protected":false},"featured_media":45818,"comment_status":"open","ping_status":"closed","template":"","meta":[],"product_brand":[],"product_cat":[32],"product_tag":[],"class_list":{"0":"post-37979","1":"product","2":"type-product","3":"status-publish","4":"has-post-thumbnail","6":"product_cat-uncategorized-fi","8":"first","9":"instock","10":"shipping-taxable","11":"purchasable","12":"product-type-simple"},"_links":{"self":[{"href":"https:\/\/nordicmart.andreevmaster.com\/fi\/wp-json\/wp\/v2\/product\/37979","targetHints":{"allow":["GET"]}}],"collection":[{"href":"https:\/\/nordicmart.andreevmaster.com\/fi\/wp-json\/wp\/v2\/product"}],"about":[{"href":"https:\/\/nordicmart.andreevmaster.com\/fi\/wp-json\/wp\/v2\/types\/product"}],"replies":[{"embeddable":true,"href":"https:\/\/nordicmart.andreevmaster.com\/fi\/wp-json\/wp\/v2\/comments?post=37979"}],"wp:featuredmedia":[{"embeddable":true,"href":"https:\/\/nordicmart.andreevmaster.com\/fi\/wp-json\/wp\/v2\/media\/45818"}],"wp:attachment":[{"href":"https:\/\/nordicmart.andreevmaster.com\/fi\/wp-json\/wp\/v2\/media?parent=37979"}],"wp:term":[{"taxonomy":"product_brand","embeddable":true,"href":"https:\/\/nordicmart.andreevmaster.com\/fi\/wp-json\/wp\/v2\/product_brand?post=37979"},{"taxonomy":"product_cat","embeddable":true,"href":"https:\/\/nordicmart.andreevmaster.com\/fi\/wp-json\/wp\/v2\/product_cat?post=37979"},{"taxonomy":"product_tag","embeddable":true,"href":"https:\/\/nordicmart.andreevmaster.com\/fi\/wp-json\/wp\/v2\/product_tag?post=37979"}],"curies":[{"name":"wp","href":"https:\/\/api.w.org\/{rel}","templated":true}]}}