{"id":37974,"date":"2026-02-27T00:41:47","date_gmt":"2026-02-27T00:41:47","guid":{"rendered":"https:\/\/nordicmart.andreevmaster.com\/product\/songmics-sailytyslaatikko-beige\/"},"modified":"2026-02-27T09:57:51","modified_gmt":"2026-02-27T09:57:51","slug":"songmics-sailytyslaatikko-beige","status":"publish","type":"product","link":"https:\/\/nordicmart.andreevmaster.com\/fi\/tuote\/songmics-sailytyslaatikko-beige\/","title":{"rendered":"SONGMICS s\u00e4ilytyslaatikko, beige"},"content":{"rendered":"<p>Siivoaminen voi olla hauskaa. N\u00e4ytt\u00e4\u00e4k\u00f6 lapsesi huone taistelukent\u00e4lt\u00e4? Onko siell\u00e4 kaikkialla leluja, vaatteita ja kirjoja? Haluat varmasti siivota kaaoksen ja saada huoneen kuntoon. T\u00e4m\u00e4 iso laatikko auttaa sinua siin\u00e4. S\u00f6p\u00f6t avaruuskuviot kannustavat lapsesi siivoamaan kaaoksen itse ja laittamaan lelunsa siististi laatikkoon. Anna enemm\u00e4n, ota v\u00e4hemm\u00e4n T\u00e4m\u00e4 lapsiyst\u00e4v\u00e4llinen ja kest\u00e4v\u00e4 beige laatikko sopii t\u00e4ydellisesti olohuoneeseesi, makuuhuoneeseesi tai lastenhuoneeseen ja tarjoaa runsaasti tilaa tavaroillesi. Kun laatikkoa ei k\u00e4ytet\u00e4, se voidaan taittaa kokoon ja s\u00e4ilytt\u00e4\u00e4 tilaa s\u00e4\u00e4st\u00e4en. Tuotetiedot: &#8211; V\u00e4ri: beige &#8211; Materiaali: pahvi, kuitukangas &#8211; Koko: 61 x 35 x 38 cm (P x L x K) &#8211; Paino: 2,2 kg Toimitus sis\u00e4lt\u00e4\u00e4: &#8211; 1 x s\u00e4ilytyslaatikko SONGMICS-ohjeet: &#8211; K\u00e4yt\u00e4 tuotetta kuivassa paikassa.<\/p>\n","protected":false},"excerpt":{"rendered":"<p>SONGMICS s\u00e4ilytyslaatikko, lelujen s\u00e4ilytyslaatikko, taitettava laatikko, kangaslaatikko 2 kahvalla ja kannella, s\u00e4ilytyslaatikko lastenhuoneeseen, leikkihuoneeseen, makuuhuoneeseen, kaappiin, beige RFB003W01<\/p>\n","protected":false},"featured_media":45813,"comment_status":"open","ping_status":"closed","template":"","meta":[],"product_brand":[],"product_cat":[32],"product_tag":[],"class_list":{"0":"post-37974","1":"product","2":"type-product","3":"status-publish","4":"has-post-thumbnail","6":"product_cat-uncategorized-fi","8":"first","9":"instock","10":"shipping-taxable","11":"purchasable","12":"product-type-simple"},"_links":{"self":[{"href":"https:\/\/nordicmart.andreevmaster.com\/fi\/wp-json\/wp\/v2\/product\/37974","targetHints":{"allow":["GET"]}}],"collection":[{"href":"https:\/\/nordicmart.andreevmaster.com\/fi\/wp-json\/wp\/v2\/product"}],"about":[{"href":"https:\/\/nordicmart.andreevmaster.com\/fi\/wp-json\/wp\/v2\/types\/product"}],"replies":[{"embeddable":true,"href":"https:\/\/nordicmart.andreevmaster.com\/fi\/wp-json\/wp\/v2\/comments?post=37974"}],"wp:featuredmedia":[{"embeddable":true,"href":"https:\/\/nordicmart.andreevmaster.com\/fi\/wp-json\/wp\/v2\/media\/45813"}],"wp:attachment":[{"href":"https:\/\/nordicmart.andreevmaster.com\/fi\/wp-json\/wp\/v2\/media?parent=37974"}],"wp:term":[{"taxonomy":"product_brand","embeddable":true,"href":"https:\/\/nordicmart.andreevmaster.com\/fi\/wp-json\/wp\/v2\/product_brand?post=37974"},{"taxonomy":"product_cat","embeddable":true,"href":"https:\/\/nordicmart.andreevmaster.com\/fi\/wp-json\/wp\/v2\/product_cat?post=37974"},{"taxonomy":"product_tag","embeddable":true,"href":"https:\/\/nordicmart.andreevmaster.com\/fi\/wp-json\/wp\/v2\/product_tag?post=37974"}],"curies":[{"name":"wp","href":"https:\/\/api.w.org\/{rel}","templated":true}]}}