{"id":37973,"date":"2026-02-27T00:41:47","date_gmt":"2026-02-27T00:41:47","guid":{"rendered":"https:\/\/nordicmart.andreevmaster.com\/product\/songmics-joulupallojen-sailytys\/"},"modified":"2026-02-27T09:57:50","modified_gmt":"2026-02-27T09:57:50","slug":"songmics-joulupallojen-sailytys","status":"publish","type":"product","link":"https:\/\/nordicmart.andreevmaster.com\/fi\/tuote\/songmics-joulupallojen-sailytys\/","title":{"rendered":"SONGMICS joulupallojen s\u00e4ilytys"},"content":{"rendered":"<p>SONGMICS joulupallojen s\u00e4ilytys, 3 kpl, taitettavat laatikot etikettipidikkeill\u00e4 ja etiketeill\u00e4, jouluun, kangaslaatikot, vaatekaappi, 30 x 40 x 25 cm, lumihiutaleilla, vihre\u00e4 RFB003G02<br \/>\nV\u00e4ri: vihre\u00e4<br \/>\nMateriaali: pahvi, kuitukangas<br \/>\nKoko per laatikko: 30 x 40 x 25 cm (P x L x K)<br \/>\n3 laatikon kokonaispaino: 2,3 kg<br \/>\nKotelon maks. staattinen kantavuus: 5 kg<\/p>\n","protected":false},"excerpt":{"rendered":"<p>SONGMICS joulupallojen s\u00e4ilytys, 3 kpl, taitettavat laatikot etikettipidikkeill\u00e4 ja etiketeill\u00e4, jouluun, kangaslaatikot, vaatekaappi, 30 x 40 x 25 cm, lumihiutaleilla, vihre\u00e4 RFB003G02<\/p>\n","protected":false},"featured_media":45812,"comment_status":"open","ping_status":"closed","template":"","meta":[],"product_brand":[],"product_cat":[32],"product_tag":[],"class_list":{"0":"post-37973","1":"product","2":"type-product","3":"status-publish","4":"has-post-thumbnail","6":"product_cat-uncategorized-fi","8":"first","9":"instock","10":"shipping-taxable","11":"purchasable","12":"product-type-simple"},"_links":{"self":[{"href":"https:\/\/nordicmart.andreevmaster.com\/fi\/wp-json\/wp\/v2\/product\/37973","targetHints":{"allow":["GET"]}}],"collection":[{"href":"https:\/\/nordicmart.andreevmaster.com\/fi\/wp-json\/wp\/v2\/product"}],"about":[{"href":"https:\/\/nordicmart.andreevmaster.com\/fi\/wp-json\/wp\/v2\/types\/product"}],"replies":[{"embeddable":true,"href":"https:\/\/nordicmart.andreevmaster.com\/fi\/wp-json\/wp\/v2\/comments?post=37973"}],"wp:featuredmedia":[{"embeddable":true,"href":"https:\/\/nordicmart.andreevmaster.com\/fi\/wp-json\/wp\/v2\/media\/45812"}],"wp:attachment":[{"href":"https:\/\/nordicmart.andreevmaster.com\/fi\/wp-json\/wp\/v2\/media?parent=37973"}],"wp:term":[{"taxonomy":"product_brand","embeddable":true,"href":"https:\/\/nordicmart.andreevmaster.com\/fi\/wp-json\/wp\/v2\/product_brand?post=37973"},{"taxonomy":"product_cat","embeddable":true,"href":"https:\/\/nordicmart.andreevmaster.com\/fi\/wp-json\/wp\/v2\/product_cat?post=37973"},{"taxonomy":"product_tag","embeddable":true,"href":"https:\/\/nordicmart.andreevmaster.com\/fi\/wp-json\/wp\/v2\/product_tag?post=37973"}],"curies":[{"name":"wp","href":"https:\/\/api.w.org\/{rel}","templated":true}]}}