{"id":37972,"date":"2026-02-27T00:41:46","date_gmt":"2026-02-27T00:41:46","guid":{"rendered":"https:\/\/nordicmart.andreevmaster.com\/product\/songmics-sailytyslaatikot-6-kpl-tummanharmaa\/"},"modified":"2026-02-27T09:57:50","modified_gmt":"2026-02-27T09:57:50","slug":"songmics-sailytyslaatikot-6-kpl-tummanharmaa","status":"publish","type":"product","link":"https:\/\/nordicmart.andreevmaster.com\/fi\/tuote\/songmics-sailytyslaatikot-6-kpl-tummanharmaa\/","title":{"rendered":"SONGMICS s\u00e4ilytyslaatikot, 6 kpl, tummanharmaa"},"content":{"rendered":"<p>S\u00e4ilyt\u00e4tk\u00f6 vai lajitteletko? Molempia! Haluatko s\u00e4ilytt\u00e4\u00e4 lastesi lelut siististi? Puuttuuko sinulta s\u00e4ilytystilaa, johon voisit laittaa pois sesongin ulkopuolella olevat vaatteet? Sitten n\u00e4m\u00e4 6 kangaskoria ovat juuri mit\u00e4 tarvitset! Monipuolinen k\u00e4ytt\u00f6 Voit k\u00e4ytt\u00e4\u00e4 n\u00e4it\u00e4 30 x 30 x 30 cm kokoisia koreja vaatekaapissa, kirjahyllyll\u00e4, olohuoneessa tai erillisiss\u00e4 huoneissa. Mit\u00e4 haluat laittaa n\u00e4ihin laatikoihin? Kirjoja, leluja, CD-levyj\u00e4 tai DVD-levyj\u00e4? Kuten haluat! N\u00e4m\u00e4 avoimet laatikot auttavat sinua tunnistamaan helposti, mit\u00e4 niiss\u00e4 on. Tuotetiedot: &#8211; V\u00e4ri: tummanharmaa &#8211; Materiaali: 2 mm paksu pahvi, 80 g\/\u33a1 pellavankuvioinen kuitukangas &#8211; Koko per laatikko: 30 x 30 x 30 cm (P x L x K) &#8211; 6 laatikon paino: 3,4 kg &#8211; Maks. staattinen kantavuus per laatikko: 5 kg Toimitus sis\u00e4lt\u00e4\u00e4: &#8211; 6 x s\u00e4ilytyslaatikko SONGMICS-ohjeet: &#8211; Laatikon maksimaalinen staattinen kantavuus on 5 kg. \u00c4l\u00e4 ylit\u00e4 t\u00e4t\u00e4 enimm\u00e4ispainoa. &#8211; Pyyhi pinta p\u00e4ivitt\u00e4in kostealla liinalla ja anna tuotteen kuivua ilmassa; \u00c4L\u00c4 pese juoksevalla vedell\u00e4. &#8211; Tuote saattaa tuoksua hieman avattaessa. Siin\u00e4 tapauksessa aseta se muutamaksi tunniksi hyvin tuuletettuun paikkaan.<\/p>\n","protected":false},"excerpt":{"rendered":"<p>SONGMICS  s\u00e4ilytyslaatikot, 30 x 30 x 30 cm, taitettavat laatikot, kangaslaatikot, 6 kpl:n sarja, kuutiot, lelujen s\u00e4ilytyslaatikko, kuitukangas, pellavankuvioinen, tummanharmaa RFB002G01<\/p>\n","protected":false},"featured_media":45811,"comment_status":"open","ping_status":"closed","template":"","meta":[],"product_brand":[],"product_cat":[32],"product_tag":[],"class_list":{"0":"post-37972","1":"product","2":"type-product","3":"status-publish","4":"has-post-thumbnail","6":"product_cat-uncategorized-fi","8":"first","9":"instock","10":"shipping-taxable","11":"purchasable","12":"product-type-simple"},"_links":{"self":[{"href":"https:\/\/nordicmart.andreevmaster.com\/fi\/wp-json\/wp\/v2\/product\/37972","targetHints":{"allow":["GET"]}}],"collection":[{"href":"https:\/\/nordicmart.andreevmaster.com\/fi\/wp-json\/wp\/v2\/product"}],"about":[{"href":"https:\/\/nordicmart.andreevmaster.com\/fi\/wp-json\/wp\/v2\/types\/product"}],"replies":[{"embeddable":true,"href":"https:\/\/nordicmart.andreevmaster.com\/fi\/wp-json\/wp\/v2\/comments?post=37972"}],"wp:featuredmedia":[{"embeddable":true,"href":"https:\/\/nordicmart.andreevmaster.com\/fi\/wp-json\/wp\/v2\/media\/45811"}],"wp:attachment":[{"href":"https:\/\/nordicmart.andreevmaster.com\/fi\/wp-json\/wp\/v2\/media?parent=37972"}],"wp:term":[{"taxonomy":"product_brand","embeddable":true,"href":"https:\/\/nordicmart.andreevmaster.com\/fi\/wp-json\/wp\/v2\/product_brand?post=37972"},{"taxonomy":"product_cat","embeddable":true,"href":"https:\/\/nordicmart.andreevmaster.com\/fi\/wp-json\/wp\/v2\/product_cat?post=37972"},{"taxonomy":"product_tag","embeddable":true,"href":"https:\/\/nordicmart.andreevmaster.com\/fi\/wp-json\/wp\/v2\/product_tag?post=37972"}],"curies":[{"name":"wp","href":"https:\/\/api.w.org\/{rel}","templated":true}]}}