{"id":37971,"date":"2026-02-27T00:41:46","date_gmt":"2026-02-27T00:41:46","guid":{"rendered":"https:\/\/nordicmart.andreevmaster.com\/product\/songmics-sailytyslaatikot-sininen-vihrea-ja-vaaleanpunainen\/"},"modified":"2026-02-27T09:57:50","modified_gmt":"2026-02-27T09:57:50","slug":"songmics-sailytyslaatikot-sininen-vihrea-ja-vaaleanpunainen","status":"publish","type":"product","link":"https:\/\/nordicmart.andreevmaster.com\/fi\/tuote\/songmics-sailytyslaatikot-sininen-vihrea-ja-vaaleanpunainen\/","title":{"rendered":"SONGMICS s\u00e4ilytyslaatikot sininen, vihre\u00e4 ja vaaleanpunainen"},"content":{"rendered":"<p>Siivoaminen voi olla hauskaa: N\u00e4ytt\u00e4\u00e4k\u00f6 lapsesi huone taistelukent\u00e4lt\u00e4? Onko siell\u00e4 kaikkialla leluja, vaatteita ja kirjoja? Haluat varmasti siivota kaaoksen ja saada huoneen taas kuntoon. N\u00e4m\u00e4 3 kangaskoria auttavat sinua siin\u00e4. S\u00f6p\u00f6t avaruuskuviot kannustavat lapsesi siivoamaan sotkun itse ja laittamaan lelunsa siististi v\u00e4rikk\u00e4isiin laatikoihin. Anna enemm\u00e4n, ota v\u00e4hemm\u00e4n: n\u00e4m\u00e4 laatikot (kukin 30 x 30 x 30 cm) sopivat t\u00e4ydellisesti olohuoneeseesi, makuuhuoneeseesi tai lastenhuoneeseen ja tarjoavat runsaasti tilaa tavaroillesi. Kun laatikoita ei k\u00e4ytet\u00e4, ne voidaan taittaa kokoon ja s\u00e4ilytt\u00e4\u00e4 tilaa s\u00e4\u00e4st\u00e4en. Tuotetiedot: V\u00e4ri: sininen, vihre\u00e4, vaaleanpunainen Materiaali: pahvi, kuitukangas Koko per laatikko: 30 x 30 x 30 cm (P x L x K) Paino per laatikko: 0,6 kg Toimitus sis\u00e4lt\u00e4\u00e4: 3 x s\u00e4ilytyslaatikko SONGMICS-ohjeet: EI ole pest\u00e4v\u00e4! Puhdista tuote vain kostealla liinalla. Tuote saattaa tuoksua hieman avattaessa. Siin\u00e4 tapauksessa aseta se muutamaksi tunniksi hyvin tuuletettuun paikkaan.<\/p>\n","protected":false},"excerpt":{"rendered":"<p>SONGMICS s\u00e4ilytyslaatikot, 3 kpl, kangaskotelot, 30 x 30 x 30 cm, lelujen s\u00e4ilytyslaatikko, taitettava, 2 kahvalla, lastenhuoneeseen, leikkihuoneeseen, makuuhuoneeseen, sininen RFB001B03<\/p>\n","protected":false},"featured_media":45810,"comment_status":"open","ping_status":"closed","template":"","meta":[],"product_brand":[],"product_cat":[32],"product_tag":[],"class_list":{"0":"post-37971","1":"product","2":"type-product","3":"status-publish","4":"has-post-thumbnail","6":"product_cat-uncategorized-fi","8":"first","9":"instock","10":"shipping-taxable","11":"purchasable","12":"product-type-simple"},"_links":{"self":[{"href":"https:\/\/nordicmart.andreevmaster.com\/fi\/wp-json\/wp\/v2\/product\/37971","targetHints":{"allow":["GET"]}}],"collection":[{"href":"https:\/\/nordicmart.andreevmaster.com\/fi\/wp-json\/wp\/v2\/product"}],"about":[{"href":"https:\/\/nordicmart.andreevmaster.com\/fi\/wp-json\/wp\/v2\/types\/product"}],"replies":[{"embeddable":true,"href":"https:\/\/nordicmart.andreevmaster.com\/fi\/wp-json\/wp\/v2\/comments?post=37971"}],"wp:featuredmedia":[{"embeddable":true,"href":"https:\/\/nordicmart.andreevmaster.com\/fi\/wp-json\/wp\/v2\/media\/45810"}],"wp:attachment":[{"href":"https:\/\/nordicmart.andreevmaster.com\/fi\/wp-json\/wp\/v2\/media?parent=37971"}],"wp:term":[{"taxonomy":"product_brand","embeddable":true,"href":"https:\/\/nordicmart.andreevmaster.com\/fi\/wp-json\/wp\/v2\/product_brand?post=37971"},{"taxonomy":"product_cat","embeddable":true,"href":"https:\/\/nordicmart.andreevmaster.com\/fi\/wp-json\/wp\/v2\/product_cat?post=37971"},{"taxonomy":"product_tag","embeddable":true,"href":"https:\/\/nordicmart.andreevmaster.com\/fi\/wp-json\/wp\/v2\/product_tag?post=37971"}],"curies":[{"name":"wp","href":"https:\/\/api.w.org\/{rel}","templated":true}]}}