{"id":37969,"date":"2026-02-27T00:41:45","date_gmt":"2026-02-27T00:41:45","guid":{"rendered":"https:\/\/nordicmart.andreevmaster.com\/product\/songmics-sailytyslaatikot-siniset\/"},"modified":"2026-02-27T09:57:49","modified_gmt":"2026-02-27T09:57:49","slug":"songmics-sailytyslaatikot-siniset","status":"publish","type":"product","link":"https:\/\/nordicmart.andreevmaster.com\/fi\/tuote\/songmics-sailytyslaatikot-siniset\/","title":{"rendered":"SONGMICS s\u00e4ilytyslaatikot, siniset"},"content":{"rendered":"<p>Tuotetiedot: V\u00e4ri: sininen Materiaali: pahvi, kuitukangas Koko per laatikko: 30 x 30 x 30 cm (P x L x K) Paino per laatikko: 0,6 kg Toimitus sis\u00e4lt\u00e4\u00e4: 3 x s\u00e4ilytyslaatikko SONGMICS Huomautukset: EI ole pest\u00e4v\u00e4! Puhdista tuote vain kostealla liinalla. Tuote saattaa tuoksua hieman avattaessa. Siin\u00e4 tapauksessa aseta se muutamaksi tunniksi hyvin tuuletettuun paikkaan.<\/p>\n","protected":false},"excerpt":{"rendered":"<p>SONGMICS s\u00e4ilytyslaatikot, 3 kpl, kangaskotelot, 30 x 30 x 30 cm, lelujen s\u00e4ilytyslaatikko, taitettava, 2 kahvalla, lastenhuoneeseen, leikkihuoneeseen, makuuhuoneeseen, sininen RFB001B03<\/p>\n","protected":false},"featured_media":45808,"comment_status":"open","ping_status":"closed","template":"","meta":[],"product_brand":[],"product_cat":[32],"product_tag":[],"class_list":{"0":"post-37969","1":"product","2":"type-product","3":"status-publish","4":"has-post-thumbnail","6":"product_cat-uncategorized-fi","8":"first","9":"instock","10":"shipping-taxable","11":"purchasable","12":"product-type-simple"},"_links":{"self":[{"href":"https:\/\/nordicmart.andreevmaster.com\/fi\/wp-json\/wp\/v2\/product\/37969","targetHints":{"allow":["GET"]}}],"collection":[{"href":"https:\/\/nordicmart.andreevmaster.com\/fi\/wp-json\/wp\/v2\/product"}],"about":[{"href":"https:\/\/nordicmart.andreevmaster.com\/fi\/wp-json\/wp\/v2\/types\/product"}],"replies":[{"embeddable":true,"href":"https:\/\/nordicmart.andreevmaster.com\/fi\/wp-json\/wp\/v2\/comments?post=37969"}],"wp:featuredmedia":[{"embeddable":true,"href":"https:\/\/nordicmart.andreevmaster.com\/fi\/wp-json\/wp\/v2\/media\/45808"}],"wp:attachment":[{"href":"https:\/\/nordicmart.andreevmaster.com\/fi\/wp-json\/wp\/v2\/media?parent=37969"}],"wp:term":[{"taxonomy":"product_brand","embeddable":true,"href":"https:\/\/nordicmart.andreevmaster.com\/fi\/wp-json\/wp\/v2\/product_brand?post=37969"},{"taxonomy":"product_cat","embeddable":true,"href":"https:\/\/nordicmart.andreevmaster.com\/fi\/wp-json\/wp\/v2\/product_cat?post=37969"},{"taxonomy":"product_tag","embeddable":true,"href":"https:\/\/nordicmart.andreevmaster.com\/fi\/wp-json\/wp\/v2\/product_tag?post=37969"}],"curies":[{"name":"wp","href":"https:\/\/api.w.org\/{rel}","templated":true}]}}