{"id":37968,"date":"2026-02-27T00:41:45","date_gmt":"2026-02-27T00:41:45","guid":{"rendered":"https:\/\/nordicmart.andreevmaster.com\/product\/songmics-sailytyslaatikot-9-kpln-sarja\/"},"modified":"2026-02-27T09:57:49","modified_gmt":"2026-02-27T09:57:49","slug":"songmics-sailytyslaatikot-9-kpln-sarja","status":"publish","type":"product","link":"https:\/\/nordicmart.andreevmaster.com\/fi\/tuote\/songmics-sailytyslaatikot-9-kpln-sarja\/","title":{"rendered":"SONGMICS s\u00e4ilytyslaatikot, 9 kpl:n sarja"},"content":{"rendered":"<p>J\u00e4rjestys ja rauha Onko tavaroita taas ymp\u00e4riins\u00e4, vaikka olet juuri siivonnut kotisi perusteellisesti? Miksi et sitten pid\u00e4 kaikkia pikkutavaroita kurissa n\u00e4ill\u00e4 kangaskoteloilla? N\u00e4in poistat \u00e4rsytt\u00e4v\u00e4n sotkun ja palautat sis\u00e4isen rauhasi. Joustava yhdistelm\u00e4 T\u00e4m\u00e4 sarja koostuu 3 suuresta, 3 keskikokoisesta ja 3 pienest\u00e4 kangaskotelosta, jotka sopivat mihin tahansa: laatikoihisi, meikkip\u00f6yd\u00e4llesi, ty\u00f6p\u00f6yd\u00e4llesi tai lastenhuoneeseen. Voit k\u00e4ytt\u00e4\u00e4 n\u00e4it\u00e4 koteloita yhdess\u00e4 tai erikseen, p\u00e4\u00e4t\u00f6s on sinun. Vinkki: Laita usein k\u00e4ytetyt p\u00e4ivitt\u00e4iset esineet n\u00e4ihin j\u00e4rjestelij\u00f6ihin, jotta ne ovat helposti saatavilla. Tuotetiedot: &#8211; V\u00e4ri: harmaa &#8211; Materiaali: 2 mm pahvi, 80 g\/\u33a1 kuitukangas &#8211; Koko: Iso laatikko: 28 x 28 x 13 cm (P x L x K) Keskikokoinen laatikko: 28 x 24 x 13 cm (P x L x K) Pieni laatikko: 14 x 14 x 13 cm (P x L x K) &#8211; Paino: 1,5 kg Toimitus sis\u00e4lt\u00e4\u00e4:- 3 x iso s\u00e4ilytyslaatikko (28 x 28 x 13 cm) &#8211; 3 x keskikokoinen s\u00e4ilytyslaatikko (28 x 14 x 13 cm) &#8211; 3 x pieni s\u00e4ilytyslaatikko (14 x 14 x 13 cm) SONGMICS-ohjeet:- Pyyhi pinta p\u00e4ivitt\u00e4in hieman kostutetulla liinalla ja anna tuotteen kuivua ilmassa; \u00c4L\u00c4 pese vedell\u00e4. &#8211; Tuote saattaa tuoksua hieman avattaessa. Siin\u00e4 tapauksessa aseta se muutamaksi tunniksi hyvin tuuletettuun paikkaan.<\/p>\n","protected":false},"excerpt":{"rendered":"<p>SONGMICS s\u00e4ilytyslaatikot alusvaatteille, laatikoiden j\u00e4rjestelij\u00e4, 9 kpl:n sarja, s\u00e4ilytyskorit, taitettavat kangaskotelot sukkia, alusvaatteita, rintaliivej\u00e4, solmioita ja huiveja varten, harmaa RDZ09G<\/p>\n","protected":false},"featured_media":45807,"comment_status":"open","ping_status":"closed","template":"","meta":[],"product_brand":[],"product_cat":[32],"product_tag":[],"class_list":{"0":"post-37968","1":"product","2":"type-product","3":"status-publish","4":"has-post-thumbnail","6":"product_cat-uncategorized-fi","8":"first","9":"instock","10":"shipping-taxable","11":"purchasable","12":"product-type-simple"},"_links":{"self":[{"href":"https:\/\/nordicmart.andreevmaster.com\/fi\/wp-json\/wp\/v2\/product\/37968","targetHints":{"allow":["GET"]}}],"collection":[{"href":"https:\/\/nordicmart.andreevmaster.com\/fi\/wp-json\/wp\/v2\/product"}],"about":[{"href":"https:\/\/nordicmart.andreevmaster.com\/fi\/wp-json\/wp\/v2\/types\/product"}],"replies":[{"embeddable":true,"href":"https:\/\/nordicmart.andreevmaster.com\/fi\/wp-json\/wp\/v2\/comments?post=37968"}],"wp:featuredmedia":[{"embeddable":true,"href":"https:\/\/nordicmart.andreevmaster.com\/fi\/wp-json\/wp\/v2\/media\/45807"}],"wp:attachment":[{"href":"https:\/\/nordicmart.andreevmaster.com\/fi\/wp-json\/wp\/v2\/media?parent=37968"}],"wp:term":[{"taxonomy":"product_brand","embeddable":true,"href":"https:\/\/nordicmart.andreevmaster.com\/fi\/wp-json\/wp\/v2\/product_brand?post=37968"},{"taxonomy":"product_cat","embeddable":true,"href":"https:\/\/nordicmart.andreevmaster.com\/fi\/wp-json\/wp\/v2\/product_cat?post=37968"},{"taxonomy":"product_tag","embeddable":true,"href":"https:\/\/nordicmart.andreevmaster.com\/fi\/wp-json\/wp\/v2\/product_tag?post=37968"}],"curies":[{"name":"wp","href":"https:\/\/api.w.org\/{rel}","templated":true}]}}