{"id":37966,"date":"2026-02-27T00:41:44","date_gmt":"2026-02-27T00:41:44","guid":{"rendered":"https:\/\/nordicmart.andreevmaster.com\/product\/songmics-laatikkovarusteiden-jarjestelija-6-kpln-sarja\/"},"modified":"2026-02-27T09:57:49","modified_gmt":"2026-02-27T09:57:49","slug":"songmics-laatikkovarusteiden-jarjestelija-6-kpln-sarja","status":"publish","type":"product","link":"https:\/\/nordicmart.andreevmaster.com\/fi\/tuote\/songmics-laatikkovarusteiden-jarjestelija-6-kpln-sarja\/","title":{"rendered":"SONGMICS laatikkovarusteiden j\u00e4rjestelij\u00e4, 6 kpl:n sarja"},"content":{"rendered":"<p>J\u00e4rjestys ja rauha: Onko tavaroita taas kaikkialla, vaikka olet juuri siivonnut kotisi perusteellisesti? Miksi et sitten pid\u00e4 kaikkia pikkutavaroita kurissa n\u00e4ill\u00e4 kangaskoreilla? N\u00e4in p\u00e4\u00e4set eroon \u00e4rsytt\u00e4v\u00e4st\u00e4 sotkusta ja palautat sis\u00e4isen rauhasi.<\/p>\n<p>Joustava yhdistelm\u00e4: T\u00e4m\u00e4 sarja koostuu 2 suuresta, 2 keskikokoisesta ja 2 pienest\u00e4 kangaskotelosta ja sopii kaikkialle: laatikoihin, meikkip\u00f6yd\u00e4lle, ty\u00f6p\u00f6yd\u00e4lle tai lastenhuoneeseen. Voit k\u00e4ytt\u00e4\u00e4 n\u00e4it\u00e4 koteloita yhdess\u00e4 tai erikseen, p\u00e4\u00e4t\u00f6s on sinun. Vinkki: Laita usein k\u00e4ytetyt p\u00e4ivitt\u00e4iset esineet n\u00e4ihin j\u00e4rjestelij\u00f6ihin, jotta ne ovat helposti saatavilla.<\/p>\n<p>SONGMICS:lt\u00e4 l\u00f6yd\u00e4t monia muita s\u00e4ilytyslaatikoita. L\u00f6yd\u00e4 siivoamisen taika, joka muuttaa arjesi. Tuotetiedot:<br \/>\nV\u00e4ri: harmaa<br \/>\nMateriaali: 2 mm pahvi, 80 g\/\u33a1 kuitukangas<br \/>\nKoko: Suuret laatikot: 28 x 28 x 13 cm (P x L x K)\/ Keskikokoiset laatikot: 28 x 14 x 13 cm (P x L x K)\/ Pienet laatikot: 14 x 14 x 13 cm (P x L x K)<br \/>\nPaino: 1 kg<\/p>\n<p>Toimitus sis\u00e4lt\u00e4\u00e4<br \/>\n2 x iso s\u00e4ilytyslaatikko (28 x 28 x 13 cm)<br \/>\n2 x keskikokoista s\u00e4ilytyslaatikkoa (28 x 14 x 13 cm)<br \/>\n2 x pieni s\u00e4ilytyslaatikko (14 x 14 x 13 cm)<\/p>\n<p>SONGMICS-ohjeet:<br \/>\nPyyhi pinta p\u00e4ivitt\u00e4in hieman kostealla liinalla ja anna tuotteen kuivua ilmassa; \u00c4L\u00c4 pese vedell\u00e4.<br \/>\nTuote saattaa tuoksua hieman avattaessa. Siin\u00e4 tapauksessa aseta se muutamaksi tunniksi hyvin tuuletettuun paikkaan.<\/p>\n","protected":false},"excerpt":{"rendered":"<p>SONGMICS s\u00e4ilytyslaatikko laatikolle, 6 kpl:n sarja, alusvaatteiden j\u00e4rjestelij\u00e4, laatikoiden j\u00e4rjestelij\u00e4, taitettava kangaslaatikko sukkia, alusvaatteita, rintaliivej\u00e4, solmioita ja huiveja varten, harmaa RDZ06G<\/p>\n","protected":false},"featured_media":45805,"comment_status":"open","ping_status":"closed","template":"","meta":[],"product_brand":[],"product_cat":[32],"product_tag":[],"class_list":{"0":"post-37966","1":"product","2":"type-product","3":"status-publish","4":"has-post-thumbnail","6":"product_cat-uncategorized-fi","8":"first","9":"instock","10":"shipping-taxable","11":"purchasable","12":"product-type-simple"},"_links":{"self":[{"href":"https:\/\/nordicmart.andreevmaster.com\/fi\/wp-json\/wp\/v2\/product\/37966","targetHints":{"allow":["GET"]}}],"collection":[{"href":"https:\/\/nordicmart.andreevmaster.com\/fi\/wp-json\/wp\/v2\/product"}],"about":[{"href":"https:\/\/nordicmart.andreevmaster.com\/fi\/wp-json\/wp\/v2\/types\/product"}],"replies":[{"embeddable":true,"href":"https:\/\/nordicmart.andreevmaster.com\/fi\/wp-json\/wp\/v2\/comments?post=37966"}],"wp:featuredmedia":[{"embeddable":true,"href":"https:\/\/nordicmart.andreevmaster.com\/fi\/wp-json\/wp\/v2\/media\/45805"}],"wp:attachment":[{"href":"https:\/\/nordicmart.andreevmaster.com\/fi\/wp-json\/wp\/v2\/media?parent=37966"}],"wp:term":[{"taxonomy":"product_brand","embeddable":true,"href":"https:\/\/nordicmart.andreevmaster.com\/fi\/wp-json\/wp\/v2\/product_brand?post=37966"},{"taxonomy":"product_cat","embeddable":true,"href":"https:\/\/nordicmart.andreevmaster.com\/fi\/wp-json\/wp\/v2\/product_cat?post=37966"},{"taxonomy":"product_tag","embeddable":true,"href":"https:\/\/nordicmart.andreevmaster.com\/fi\/wp-json\/wp\/v2\/product_tag?post=37966"}],"curies":[{"name":"wp","href":"https:\/\/api.w.org\/{rel}","templated":true}]}}