{"id":37962,"date":"2026-02-27T00:41:43","date_gmt":"2026-02-27T00:41:43","guid":{"rendered":"https:\/\/nordicmart.andreevmaster.com\/product\/songmics-sailytyslaatikko-laatikolle-12-kpln-sarja-pastellinpunainen\/"},"modified":"2026-02-27T09:57:48","modified_gmt":"2026-02-27T09:57:48","slug":"songmics-sailytyslaatikko-laatikolle-12-kpln-sarja-pastellinpunainen","status":"publish","type":"product","link":"https:\/\/nordicmart.andreevmaster.com\/fi\/tuote\/songmics-sailytyslaatikko-laatikolle-12-kpln-sarja-pastellinpunainen\/","title":{"rendered":"SONGMICS s\u00e4ilytyslaatikko laatikolle, 12 kpl:n sarja, pastellinpunainen"},"content":{"rendered":"<p>SONGMICS s\u00e4ilytyslaatikko laatikolle, 6 kpl:n sarja, alusvaatteiden j\u00e4rjestelij\u00e4, laatikoiden j\u00e4rjestelij\u00e4, taitettava kangaslaatikko sukkia, alusvaatteita, rintaliivej\u00e4, solmioita ja huiveja varten, harmaa RDZ06G<\/p>\n","protected":false},"excerpt":{"rendered":"<p>SONGMICS s\u00e4ilytyslaatikko laatikolle, 6 kpl:n sarja, alusvaatteiden j\u00e4rjestelij\u00e4, laatikoiden j\u00e4rjestelij\u00e4, taitettava kangaslaatikko sukkia, alusvaatteita, rintaliivej\u00e4, solmioita ja huiveja varten, harmaa RDZ06G<\/p>\n","protected":false},"featured_media":45801,"comment_status":"open","ping_status":"closed","template":"","meta":[],"product_brand":[],"product_cat":[32],"product_tag":[],"class_list":{"0":"post-37962","1":"product","2":"type-product","3":"status-publish","4":"has-post-thumbnail","6":"product_cat-uncategorized-fi","8":"first","9":"instock","10":"shipping-taxable","11":"purchasable","12":"product-type-simple"},"_links":{"self":[{"href":"https:\/\/nordicmart.andreevmaster.com\/fi\/wp-json\/wp\/v2\/product\/37962","targetHints":{"allow":["GET"]}}],"collection":[{"href":"https:\/\/nordicmart.andreevmaster.com\/fi\/wp-json\/wp\/v2\/product"}],"about":[{"href":"https:\/\/nordicmart.andreevmaster.com\/fi\/wp-json\/wp\/v2\/types\/product"}],"replies":[{"embeddable":true,"href":"https:\/\/nordicmart.andreevmaster.com\/fi\/wp-json\/wp\/v2\/comments?post=37962"}],"wp:featuredmedia":[{"embeddable":true,"href":"https:\/\/nordicmart.andreevmaster.com\/fi\/wp-json\/wp\/v2\/media\/45801"}],"wp:attachment":[{"href":"https:\/\/nordicmart.andreevmaster.com\/fi\/wp-json\/wp\/v2\/media?parent=37962"}],"wp:term":[{"taxonomy":"product_brand","embeddable":true,"href":"https:\/\/nordicmart.andreevmaster.com\/fi\/wp-json\/wp\/v2\/product_brand?post=37962"},{"taxonomy":"product_cat","embeddable":true,"href":"https:\/\/nordicmart.andreevmaster.com\/fi\/wp-json\/wp\/v2\/product_cat?post=37962"},{"taxonomy":"product_tag","embeddable":true,"href":"https:\/\/nordicmart.andreevmaster.com\/fi\/wp-json\/wp\/v2\/product_tag?post=37962"}],"curies":[{"name":"wp","href":"https:\/\/api.w.org\/{rel}","templated":true}]}}