{"id":37958,"date":"2026-02-27T00:41:42","date_gmt":"2026-02-27T00:41:42","guid":{"rendered":"https:\/\/nordicmart.andreevmaster.com\/product\/vasagle-meikkauspoyta-led-valaistuksella-peilipoyta-korukotelo\/"},"modified":"2026-02-27T09:57:47","modified_gmt":"2026-02-27T09:57:47","slug":"vasagle-meikkauspoyta-led-valaistuksella-peilipoyta-korukotelo","status":"publish","type":"product","link":"https:\/\/nordicmart.andreevmaster.com\/fi\/tuote\/vasagle-meikkauspoyta-led-valaistuksella-peilipoyta-korukotelo\/","title":{"rendered":"VASAGLE meikkausp\u00f6yt\u00e4 LED-valaistuksella, peilip\u00f6yt\u00e4, korukotelo"},"content":{"rendered":"<p>Meikkausp\u00f6yt\u00e4 LED-valaistuksella, peilip\u00f6yt\u00e4, korukotelo, pistorasiat, 40 x 125 x 140 cm, kosmetiikkap\u00f6yt\u00e4 laatikoilla, pilvinen valkoinen RDT127W01<br \/>\nTuotetiedot:<br \/>\n&#8211; V\u00e4ri: pilvinen valkoinen<br \/>\n&#8211; Materiaali: lastulevy, peili, sametti<br \/>\n&#8211; Koko: 40 x 125 x 140 cm (S x L x K)<br \/>\n&#8211; Paino: 46,5 kg<br \/>\n&#8211; P\u00f6yt\u00e4levyn maks. staattinen kantavuus: 75 kg<br \/>\n&#8211; Jokaisen laatikon maks. staattinen kantavuus: 5 kg<\/p>\n<p>Toimitus sis\u00e4lt\u00e4\u00e4:<br \/>\n&#8211; 1 x meikkausp\u00f6yt\u00e4 peilill\u00e4 ja valaistuksella<br \/>\n&#8211; 1 x lis\u00e4varustepaketti<br \/>\n&#8211; 1 x ohjeet<\/p>\n<p>Huomautukset:<br \/>\n&#8211; \u00c4l\u00e4 ylit\u00e4 peilip\u00f6yd\u00e4n suurinta sallittua kuormitusta.<br \/>\n&#8211; Jos kaadat vahingossa vett\u00e4 tai muuta nestett\u00e4 pinnalle, pyyhi se v\u00e4litt\u00f6m\u00e4sti kuivalla liinalla.<\/p>\n","protected":false},"excerpt":{"rendered":"<p>Meikkausp\u00f6yt\u00e4 LED-valaistuksella, peilip\u00f6yt\u00e4, korukotelo, pistorasiat, 40 x 125 x 140 cm, kosmetiikkap\u00f6yt\u00e4 laatikoilla, pilvinen valkoinen RDT127W01<\/p>\n","protected":false},"featured_media":45797,"comment_status":"open","ping_status":"closed","template":"","meta":[],"product_brand":[],"product_cat":[32],"product_tag":[],"class_list":{"0":"post-37958","1":"product","2":"type-product","3":"status-publish","4":"has-post-thumbnail","6":"product_cat-uncategorized-fi","8":"first","9":"instock","10":"shipping-taxable","11":"purchasable","12":"product-type-simple"},"_links":{"self":[{"href":"https:\/\/nordicmart.andreevmaster.com\/fi\/wp-json\/wp\/v2\/product\/37958","targetHints":{"allow":["GET"]}}],"collection":[{"href":"https:\/\/nordicmart.andreevmaster.com\/fi\/wp-json\/wp\/v2\/product"}],"about":[{"href":"https:\/\/nordicmart.andreevmaster.com\/fi\/wp-json\/wp\/v2\/types\/product"}],"replies":[{"embeddable":true,"href":"https:\/\/nordicmart.andreevmaster.com\/fi\/wp-json\/wp\/v2\/comments?post=37958"}],"wp:featuredmedia":[{"embeddable":true,"href":"https:\/\/nordicmart.andreevmaster.com\/fi\/wp-json\/wp\/v2\/media\/45797"}],"wp:attachment":[{"href":"https:\/\/nordicmart.andreevmaster.com\/fi\/wp-json\/wp\/v2\/media?parent=37958"}],"wp:term":[{"taxonomy":"product_brand","embeddable":true,"href":"https:\/\/nordicmart.andreevmaster.com\/fi\/wp-json\/wp\/v2\/product_brand?post=37958"},{"taxonomy":"product_cat","embeddable":true,"href":"https:\/\/nordicmart.andreevmaster.com\/fi\/wp-json\/wp\/v2\/product_cat?post=37958"},{"taxonomy":"product_tag","embeddable":true,"href":"https:\/\/nordicmart.andreevmaster.com\/fi\/wp-json\/wp\/v2\/product_tag?post=37958"}],"curies":[{"name":"wp","href":"https:\/\/api.w.org\/{rel}","templated":true}]}}